
{"id":207209,"date":"2021-08-09T11:05:44","date_gmt":"2021-08-09T15:05:44","guid":{"rendered":"https:\/\/canadel.com\/?page_id=207209"},"modified":"2025-10-27T11:54:33","modified_gmt":"2025-10-27T15:54:33","slug":"garantie","status":"publish","type":"page","link":"https:\/\/canadel.com\/fr\/a-propos\/garantie\/","title":{"rendered":"Garantie de nos meubles"},"content":{"rendered":"<p>[et_pb_section fb_built=&#8221;1&#8243; fullwidth=&#8221;on&#8221; disabled_on=&#8221;off|on|on&#8221; _builder_version=&#8221;4.27.4&#8243; _module_preset=&#8221;default&#8221; background_image=&#8221;https:\/\/canadel.com\/wp-content\/uploads\/2025-06-18_Canadel-6519_1-1_header-2000x800q80.jpg&#8221; height_tablet=&#8221;&#8221; height_phone=&#8221;160px&#8221; height_last_edited=&#8221;on|phone&#8221; hover_enabled=&#8221;0&#8243; global_colors_info=&#8221;{}&#8221; sticky_enabled=&#8221;0&#8243;][\/et_pb_section][et_pb_section fb_built=&#8221;1&#8243; custom_padding_last_edited=&#8221;on|desktop&#8221; disabled_on=&#8221;off|off|off&#8221; _builder_version=&#8221;4.27.4&#8243; _module_preset=&#8221;default&#8221; background_color=&#8221;RGBA(0,0,0,0)&#8221; background_image=&#8221;https:\/\/canadel.com\/wp-content\/uploads\/2025-06-18_Canadel-6519_1-1_header-2000x800q80.jpg&#8221; background_size=&#8221;contain&#8221; background_position=&#8221;top_center&#8221; min_height_tablet=&#8221;&#8221; min_height_phone=&#8221;&#8221; min_height_last_edited=&#8221;on|phone&#8221; custom_margin_tablet=&#8221;17px||||false|false&#8221; custom_margin_phone=&#8221;&#8221; custom_margin_last_edited=&#8221;on|phone&#8221; custom_padding=&#8221;300px||0px||false|false&#8221; custom_padding_tablet=&#8221;275px||||false|false&#8221; custom_padding_phone=&#8221;0px||||false|false&#8221; hover_enabled=&#8221;0&#8243; background_color_tablet=&#8221;RGBA(0,0,0,0)&#8221; background_color_phone=&#8221;RGBA(0,0,0,0)&#8221; background_last_edited=&#8221;on|desktop&#8221; background_enable_color_tablet=&#8221;on&#8221; background_enable_color_phone=&#8221;on&#8221; background_enable_image_phone=&#8221;off&#8221; background_size_tablet=&#8221;contain&#8221; global_colors_info=&#8221;{}&#8221; sticky_enabled=&#8221;0&#8243;][et_pb_row custom_padding_last_edited=&#8221;on|phone&#8221; _builder_version=&#8221;4.16&#8243; _module_preset=&#8221;default&#8221; background_color=&#8221;#FFFFFF&#8221; positioning=&#8221;none&#8221; vertical_offset=&#8221;318px&#8221; z_index=&#8221;500&#8243; vertical_offset_tablet=&#8221;185px&#8221; vertical_offset_phone=&#8221;0px&#8221; vertical_offset_last_edited=&#8221;on|phone&#8221; width=&#8221;50%&#8221; width_tablet=&#8221;90%&#8221; width_phone=&#8221;85%&#8221; width_last_edited=&#8221;on|phone&#8221; custom_margin=&#8221;0px||||false|false&#8221; custom_margin_tablet=&#8221;||0px||false|false&#8221; custom_margin_phone=&#8221;0px||||false|false&#8221; custom_margin_last_edited=&#8221;on|phone&#8221; custom_padding=&#8221;|0px|0px|0px|false|true&#8221; custom_padding_tablet=&#8221;0px|0px|0px|0px|false|true&#8221; custom_padding_phone=&#8221;|0px|0px|0px|false|true&#8221; global_colors_info=&#8221;{}&#8221;][et_pb_column type=&#8221;4_4&#8243; _builder_version=&#8221;4.16&#8243; _module_preset=&#8221;default&#8221; global_colors_info=&#8221;{}&#8221;][et_pb_text _builder_version=&#8221;4.27.4&#8243; _module_preset=&#8221;default&#8221; text_font=&#8221;Roboto|300|||||||&#8221; text_text_color=&#8221;#1b1a1a&#8221; text_font_size=&#8221;20px&#8221; text_line_height=&#8221;1.9em&#8221; header_font_size=&#8221;70px&#8221; header_2_font=&#8221;|||on|||||&#8221; header_2_font_size=&#8221;47px&#8221; background_color=&#8221;#FFFFFF&#8221; width=&#8221;97%&#8221; width_tablet=&#8221;100%&#8221; width_phone=&#8221;100%&#8221; width_last_edited=&#8221;on|phone&#8221; custom_margin=&#8221;15px|21px|0px|21px|false|true&#8221; custom_margin_tablet=&#8221;0px|0px|0px|0px|false|true&#8221; custom_margin_phone=&#8221;15px||0px||false|true&#8221; custom_margin_last_edited=&#8221;on|phone&#8221; custom_padding=&#8221;|45px|50px|45px|false|true&#8221; custom_padding_tablet=&#8221;25px||0px||false|false&#8221; custom_padding_phone=&#8221;|0px|0px|0px|false|false&#8221; custom_padding_last_edited=&#8221;on|phone&#8221; hover_enabled=&#8221;0&#8243; text_font_size_tablet=&#8221;16px&#8221; text_font_size_phone=&#8221;16px&#8221; text_font_size_last_edited=&#8221;on|phone&#8221; text_line_height_tablet=&#8221;&#8221; text_line_height_phone=&#8221;1.7em&#8221; text_line_height_last_edited=&#8221;on|phone&#8221; header_font_size_tablet=&#8221;&#8221; header_font_size_phone=&#8221;40px&#8221; header_font_size_last_edited=&#8221;on|phone&#8221; header_2_font_size_tablet=&#8221;&#8221; header_2_font_size_phone=&#8221;31px&#8221; header_2_font_size_last_edited=&#8221;on|phone&#8221; global_colors_info=&#8221;{}&#8221; sticky_enabled=&#8221;0&#8243;]<\/p>\n<h1 class=\"FontFamily-serif\" style=\"text-align: center; margin-bottom: 0.75em !important;\">Garantie<\/h1>\n<h2 style=\"text-align: center;\">Bois noble, production de haute qualit\u00e9, finition \u00e0 la main et cr\u00e9ation sur mesure : voil\u00e0 la signature Canadel.<\/h2>\n<p><img loading=\"lazy\" decoding=\"async\" src=\"https:\/\/canadel.com\/wp-content\/uploads\/icon_warranty.png\" width=\"68\" height=\"80\" alt=\"\" class=\"wp-image-207135 alignnone size-full\" style=\"display: block; margin-left: auto; margin-right: auto; margin-top: 1em;\" \/><\/p>\n<p>Notre r\u00e9putation en mati\u00e8re de qualit\u00e9 est l\u2019une des principales raisons de notre succ\u00e8s, et nous nous faisons un point d\u2019honneur de r\u00e9pondre de nos produits. Canadel garantit ses mat\u00e9riaux et sa main-d\u2019\u0153uvre pour une p\u00e9riode de deux ans \u00e0 partir de la date de livraison au d\u00e9taillant.<\/p>\n<p>La garantie de Canadel s\u2019applique seulement au consommateur initial, et exclut les mod\u00e8les en d\u00e9monstration, ceux \u00e0 usage commercial et tout dommage r\u00e9sultant d\u2019un incendie, d\u2019un d\u00e9g\u00e2t d\u2019eau, d\u2019un accident, d\u2019une n\u00e9gligence, d\u2019un proc\u00e9d\u00e9 de nettoyage inad\u00e9quat ou d\u2019un mauvais usage.<\/p>\n<p>Pour tout dommage d\u00fb \u00e0 la manipulation ou au transport des meubles par le fabricant tel que les \u00e9gratignures, les entailles, les coins de tables \u00e9cras\u00e9s, les imperfections de peinture ou de fini, et les tissus ab\u00eem\u00e9s, une demande doit \u00eatre faite \u00e0 votre d\u00e9taillant dans les 10 jours suivant la livraison \u00e0 votre domicile.<\/p>\n<p>De notre c\u00f4t\u00e9, nous prendrons les mesures indiqu\u00e9es ci-dessous pour corriger la situation.<\/p>\n<ul>\n<li>Si un d\u00e9faut de fabrication peut \u00eatre r\u00e9par\u00e9, il sera r\u00e9par\u00e9.<\/li>\n<li>Si la r\u00e9paration est irr\u00e9alisable, Canadel remplacera le produit par un produit de nature et de qualit\u00e9 \u00e9quivalente.<\/li>\n<\/ul>\n<p>Pour d\u2019autres questions au sujet de notre garantie, parlez \u00e0 votre d\u00e9taillant ou contactez notre service \u00e0 la client\u00e8le au<span>\u00a0<\/span><a href=\"mailto:information@canadel.ca\" style=\"color: #1b1a1a !important; text-decoration: underline !important;\">information@canadel.ca<\/a>.<\/p>\n<p>[\/et_pb_text][et_pb_button button_url=&#8221;https:\/\/canadel.com\/wp-content\/uploads\/canadel-furniture-warranty-entretien-meubles.pdf&#8221; url_new_window=&#8221;on&#8221; button_text=&#8221;T\u00e9l\u00e9charger notre guide d\u2019entretien et garantie&#8221; button_alignment=&#8221;center&#8221; _builder_version=&#8221;4.27.4&#8243; _module_preset=&#8221;default&#8221; custom_margin=&#8221;18px|||||&#8221; hover_enabled=&#8221;0&#8243; global_colors_info=&#8221;{}&#8221; sticky_enabled=&#8221;0&#8243;][\/et_pb_button][\/et_pb_column][\/et_pb_row][\/et_pb_section][et_pb_section fb_built=&#8221;1&#8243; _builder_version=&#8221;4.16&#8243; _module_preset=&#8221;default&#8221; custom_margin=&#8221;26px|||||&#8221; custom_padding=&#8221;0px||0px|||&#8221; global_colors_info=&#8221;{}&#8221;][et_pb_row _builder_version=&#8221;4.16&#8243; _module_preset=&#8221;default&#8221; global_colors_info=&#8221;{}&#8221;][et_pb_column type=&#8221;4_4&#8243; _builder_version=&#8221;4.16&#8243; _module_preset=&#8221;default&#8221; global_colors_info=&#8221;{}&#8221;][et_pb_divider show_divider=&#8221;off&#8221; _builder_version=&#8221;4.16&#8243; _module_preset=&#8221;default&#8221; global_colors_info=&#8221;{}&#8221;][\/et_pb_divider][\/et_pb_column][\/et_pb_row][\/et_pb_section]<\/p>\n","protected":false},"excerpt":{"rendered":"<p>Garantie Bois noble, production de haute qualit\u00e9, finition \u00e0 la main et cr\u00e9ation sur mesure : voil\u00e0 la signature Canadel. Notre r\u00e9putation en mati\u00e8re de qualit\u00e9 est l\u2019une des principales raisons de notre succ\u00e8s, et nous nous faisons un point d\u2019honneur de r\u00e9pondre de nos produits. Canadel garantit ses mat\u00e9riaux et sa main-d\u2019\u0153uvre pour une [&hellip;]<\/p>\n","protected":false},"author":2,"featured_media":163,"parent":206012,"menu_order":0,"comment_status":"closed","ping_status":"closed","template":"","meta":{"_et_pb_use_builder":"on","_et_pb_old_content":"","_et_gb_content_width":"","footnotes":""},"class_list":["post-207209","page","type-page","status-publish","has-post-thumbnail","hentry"],"yoast_head":"<!-- This site is optimized with the Yoast SEO plugin v27.4 - https:\/\/yoast.com\/product\/yoast-seo-wordpress\/ -->\n<title>Garantie de nos meubles - Canadel<\/title>\n<meta name=\"description\" content=\"Canadel garantit ses mat\u00e9riaux pour une p\u00e9riode d\u2019un an \u00e0 partir de la date de livraison au d\u00e9taillant. Contactez-nous au sujet de la garantie!\" \/>\n<meta name=\"robots\" content=\"index, follow, max-snippet:-1, max-image-preview:large, max-video-preview:-1\" \/>\n<link rel=\"canonical\" href=\"https:\/\/canadel.com\/fr\/a-propos\/garantie\/\" \/>\n<meta property=\"og:locale\" content=\"fr_FR\" \/>\n<meta property=\"og:type\" content=\"article\" \/>\n<meta property=\"og:title\" content=\"Garantie de nos meubles - Canadel\" \/>\n<meta property=\"og:description\" content=\"Canadel garantit ses mat\u00e9riaux pour une p\u00e9riode d\u2019un an \u00e0 partir de la date de livraison au d\u00e9taillant. Contactez-nous au sujet de la garantie!\" \/>\n<meta property=\"og:url\" content=\"https:\/\/canadel.com\/fr\/a-propos\/garantie\/\" \/>\n<meta property=\"og:site_name\" content=\"Canadel\" \/>\n<meta property=\"article:modified_time\" content=\"2025-10-27T15:54:33+00:00\" \/>\n<meta property=\"og:image\" content=\"https:\/\/canadel.com\/wp-content\/uploads\/og-image.png\" \/>\n\t<meta property=\"og:image:width\" content=\"1200\" \/>\n\t<meta property=\"og:image:height\" content=\"630\" \/>\n\t<meta property=\"og:image:type\" content=\"image\/png\" \/>\n<meta name=\"twitter:card\" content=\"summary_large_image\" \/>\n<meta name=\"twitter:image\" content=\"https:\/\/canadel.com\/wp-content\/uploads\/og-image.png\" \/>\n<meta name=\"twitter:label1\" content=\"Dur\u00e9e de lecture estim\u00e9e\" \/>\n\t<meta name=\"twitter:data1\" content=\"2 minutes\" \/>\n<script type=\"application\/ld+json\" class=\"yoast-schema-graph\">{\"@context\":\"https:\\\/\\\/schema.org\",\"@graph\":[{\"@type\":\"WebPage\",\"@id\":\"https:\\\/\\\/canadel.com\\\/fr\\\/a-propos\\\/garantie\\\/\",\"url\":\"https:\\\/\\\/canadel.com\\\/fr\\\/a-propos\\\/garantie\\\/\",\"name\":\"Garantie de nos meubles - Canadel\",\"isPartOf\":{\"@id\":\"https:\\\/\\\/canadel.com\\\/fr\\\/#website\"},\"primaryImageOfPage\":{\"@id\":\"https:\\\/\\\/canadel.com\\\/fr\\\/a-propos\\\/garantie\\\/#primaryimage\"},\"image\":{\"@id\":\"https:\\\/\\\/canadel.com\\\/fr\\\/a-propos\\\/garantie\\\/#primaryimage\"},\"thumbnailUrl\":\"https:\\\/\\\/canadel.com\\\/wp-content\\\/uploads\\\/bg-header-magasins-canadel.jpg\",\"datePublished\":\"2021-08-09T15:05:44+00:00\",\"dateModified\":\"2025-10-27T15:54:33+00:00\",\"description\":\"Canadel garantit ses mat\u00e9riaux pour une p\u00e9riode d\u2019un an \u00e0 partir de la date de livraison au d\u00e9taillant. Contactez-nous au sujet de la garantie!\",\"breadcrumb\":{\"@id\":\"https:\\\/\\\/canadel.com\\\/fr\\\/a-propos\\\/garantie\\\/#breadcrumb\"},\"inLanguage\":\"fr-FR\",\"potentialAction\":[{\"@type\":\"ReadAction\",\"target\":[\"https:\\\/\\\/canadel.com\\\/fr\\\/a-propos\\\/garantie\\\/\"]}]},{\"@type\":\"ImageObject\",\"inLanguage\":\"fr-FR\",\"@id\":\"https:\\\/\\\/canadel.com\\\/fr\\\/a-propos\\\/garantie\\\/#primaryimage\",\"url\":\"https:\\\/\\\/canadel.com\\\/wp-content\\\/uploads\\\/bg-header-magasins-canadel.jpg\",\"contentUrl\":\"https:\\\/\\\/canadel.com\\\/wp-content\\\/uploads\\\/bg-header-magasins-canadel.jpg\",\"width\":2000,\"height\":500,\"caption\":\"magasins\"},{\"@type\":\"BreadcrumbList\",\"@id\":\"https:\\\/\\\/canadel.com\\\/fr\\\/a-propos\\\/garantie\\\/#breadcrumb\",\"itemListElement\":[{\"@type\":\"ListItem\",\"position\":1,\"name\":\"Accueil\",\"item\":\"https:\\\/\\\/canadel.com\\\/fr\\\/\"},{\"@type\":\"ListItem\",\"position\":2,\"name\":\"\u00c0 propos de nous &#8211; Fabricant de meubles\",\"item\":\"https:\\\/\\\/canadel.com\\\/fr\\\/about\\\/\"},{\"@type\":\"ListItem\",\"position\":3,\"name\":\"Garantie de nos meubles\"}]},{\"@type\":\"WebSite\",\"@id\":\"https:\\\/\\\/canadel.com\\\/fr\\\/#website\",\"url\":\"https:\\\/\\\/canadel.com\\\/fr\\\/\",\"name\":\"Canadel\",\"description\":\"\",\"potentialAction\":[{\"@type\":\"SearchAction\",\"target\":{\"@type\":\"EntryPoint\",\"urlTemplate\":\"https:\\\/\\\/canadel.com\\\/fr\\\/?s={search_term_string}\"},\"query-input\":{\"@type\":\"PropertyValueSpecification\",\"valueRequired\":true,\"valueName\":\"search_term_string\"}}],\"inLanguage\":\"fr-FR\"}]}<\/script>\n<!-- \/ Yoast SEO plugin. -->","yoast_head_json":{"title":"Garantie de nos meubles - Canadel","description":"Canadel garantit ses mat\u00e9riaux pour une p\u00e9riode d\u2019un an \u00e0 partir de la date de livraison au d\u00e9taillant. Contactez-nous au sujet de la garantie!","robots":{"index":"index","follow":"follow","max-snippet":"max-snippet:-1","max-image-preview":"max-image-preview:large","max-video-preview":"max-video-preview:-1"},"canonical":"https:\/\/canadel.com\/fr\/a-propos\/garantie\/","og_locale":"fr_FR","og_type":"article","og_title":"Garantie de nos meubles - Canadel","og_description":"Canadel garantit ses mat\u00e9riaux pour une p\u00e9riode d\u2019un an \u00e0 partir de la date de livraison au d\u00e9taillant. Contactez-nous au sujet de la garantie!","og_url":"https:\/\/canadel.com\/fr\/a-propos\/garantie\/","og_site_name":"Canadel","article_modified_time":"2025-10-27T15:54:33+00:00","og_image":[{"width":1200,"height":630,"url":"https:\/\/canadel.com\/wp-content\/uploads\/og-image.png","type":"image\/png"}],"twitter_card":"summary_large_image","twitter_image":"https:\/\/canadel.com\/wp-content\/uploads\/og-image.png","twitter_misc":{"Dur\u00e9e de lecture estim\u00e9e":"2 minutes"},"schema":{"@context":"https:\/\/schema.org","@graph":[{"@type":"WebPage","@id":"https:\/\/canadel.com\/fr\/a-propos\/garantie\/","url":"https:\/\/canadel.com\/fr\/a-propos\/garantie\/","name":"Garantie de nos meubles - Canadel","isPartOf":{"@id":"https:\/\/canadel.com\/fr\/#website"},"primaryImageOfPage":{"@id":"https:\/\/canadel.com\/fr\/a-propos\/garantie\/#primaryimage"},"image":{"@id":"https:\/\/canadel.com\/fr\/a-propos\/garantie\/#primaryimage"},"thumbnailUrl":"https:\/\/canadel.com\/wp-content\/uploads\/bg-header-magasins-canadel.jpg","datePublished":"2021-08-09T15:05:44+00:00","dateModified":"2025-10-27T15:54:33+00:00","description":"Canadel garantit ses mat\u00e9riaux pour une p\u00e9riode d\u2019un an \u00e0 partir de la date de livraison au d\u00e9taillant. Contactez-nous au sujet de la garantie!","breadcrumb":{"@id":"https:\/\/canadel.com\/fr\/a-propos\/garantie\/#breadcrumb"},"inLanguage":"fr-FR","potentialAction":[{"@type":"ReadAction","target":["https:\/\/canadel.com\/fr\/a-propos\/garantie\/"]}]},{"@type":"ImageObject","inLanguage":"fr-FR","@id":"https:\/\/canadel.com\/fr\/a-propos\/garantie\/#primaryimage","url":"https:\/\/canadel.com\/wp-content\/uploads\/bg-header-magasins-canadel.jpg","contentUrl":"https:\/\/canadel.com\/wp-content\/uploads\/bg-header-magasins-canadel.jpg","width":2000,"height":500,"caption":"magasins"},{"@type":"BreadcrumbList","@id":"https:\/\/canadel.com\/fr\/a-propos\/garantie\/#breadcrumb","itemListElement":[{"@type":"ListItem","position":1,"name":"Accueil","item":"https:\/\/canadel.com\/fr\/"},{"@type":"ListItem","position":2,"name":"\u00c0 propos de nous &#8211; Fabricant de meubles","item":"https:\/\/canadel.com\/fr\/about\/"},{"@type":"ListItem","position":3,"name":"Garantie de nos meubles"}]},{"@type":"WebSite","@id":"https:\/\/canadel.com\/fr\/#website","url":"https:\/\/canadel.com\/fr\/","name":"Canadel","description":"","potentialAction":[{"@type":"SearchAction","target":{"@type":"EntryPoint","urlTemplate":"https:\/\/canadel.com\/fr\/?s={search_term_string}"},"query-input":{"@type":"PropertyValueSpecification","valueRequired":true,"valueName":"search_term_string"}}],"inLanguage":"fr-FR"}]}},"_links":{"self":[{"href":"https:\/\/canadel.com\/fr\/wp-json\/wp\/v2\/pages\/207209","targetHints":{"allow":["GET"]}}],"collection":[{"href":"https:\/\/canadel.com\/fr\/wp-json\/wp\/v2\/pages"}],"about":[{"href":"https:\/\/canadel.com\/fr\/wp-json\/wp\/v2\/types\/page"}],"author":[{"embeddable":true,"href":"https:\/\/canadel.com\/fr\/wp-json\/wp\/v2\/users\/2"}],"replies":[{"embeddable":true,"href":"https:\/\/canadel.com\/fr\/wp-json\/wp\/v2\/comments?post=207209"}],"version-history":[{"count":4,"href":"https:\/\/canadel.com\/fr\/wp-json\/wp\/v2\/pages\/207209\/revisions"}],"predecessor-version":[{"id":282635,"href":"https:\/\/canadel.com\/fr\/wp-json\/wp\/v2\/pages\/207209\/revisions\/282635"}],"up":[{"embeddable":true,"href":"https:\/\/canadel.com\/fr\/wp-json\/wp\/v2\/pages\/206012"}],"wp:featuredmedia":[{"embeddable":true,"href":"https:\/\/canadel.com\/fr\/wp-json\/wp\/v2\/media\/163"}],"wp:attachment":[{"href":"https:\/\/canadel.com\/fr\/wp-json\/wp\/v2\/media?parent=207209"}],"curies":[{"name":"wp","href":"https:\/\/api.w.org\/{rel}","templated":true}]}}