
{"id":239648,"date":"2021-09-27T16:48:34","date_gmt":"2021-09-27T20:48:34","guid":{"rendered":"https:\/\/canadel.com\/?page_id=239648"},"modified":"2022-02-09T13:34:06","modified_gmt":"2022-02-09T18:34:06","slug":"entretien-meubles","status":"publish","type":"page","link":"https:\/\/canadel.com\/fr\/a-propos\/entretien-meubles\/","title":{"rendered":"Conseils d\u2019entretiens &#8211; Meubles et Tables en bois"},"content":{"rendered":"<p>[et_pb_section fb_built=&#8221;1&#8243; fullwidth=&#8221;on&#8221; disabled_on=&#8221;off|on|on&#8221; _builder_version=&#8221;4.9.7&#8243; _module_preset=&#8221;default&#8221; background_image=&#8221;https:\/\/canadel.com\/wp-content\/uploads\/bg-header-2.jpg&#8221; height_tablet=&#8221;&#8221; height_phone=&#8221;160px&#8221; height_last_edited=&#8221;on|phone&#8221; global_colors_info=&#8221;{}&#8221;][\/et_pb_section][et_pb_section fb_built=&#8221;1&#8243; custom_padding_last_edited=&#8221;on|desktop&#8221; disabled_on=&#8221;off|off|off&#8221; _builder_version=&#8221;4.14.7&#8243; _module_preset=&#8221;default&#8221; background_color=&#8221;RGBA(0,0,0,0)&#8221; background_image=&#8221;https:\/\/canadel.com\/wp-content\/uploads\/2000&#215;800-2021-05-26_Canadel_Prevost-075-Edit-2-Edit_1.jpg&#8221; background_size=&#8221;contain&#8221; background_position=&#8221;top_center&#8221; min_height_tablet=&#8221;&#8221; min_height_phone=&#8221;&#8221; min_height_last_edited=&#8221;on|phone&#8221; custom_margin_tablet=&#8221;17px||||false|false&#8221; custom_margin_phone=&#8221;&#8221; custom_margin_last_edited=&#8221;on|phone&#8221; custom_padding=&#8221;300px||0px||false|false&#8221; custom_padding_tablet=&#8221;275px||||false|false&#8221; custom_padding_phone=&#8221;0px||||false|false&#8221; hover_enabled=&#8221;0&#8243; background_color_tablet=&#8221;RGBA(0,0,0,0)&#8221; background_color_phone=&#8221;RGBA(0,0,0,0)&#8221; background_last_edited=&#8221;on|phone&#8221; background_enable_color_tablet=&#8221;on&#8221; background_enable_color_phone=&#8221;on&#8221; background_enable_image_phone=&#8221;off&#8221; background_size_tablet=&#8221;contain&#8221; global_colors_info=&#8221;{}&#8221; title_text=&#8221;2000&#215;800-2021-05-26_Canadel_Prevost-075-Edit-2-Edit_1&#8243; sticky_enabled=&#8221;0&#8243;][et_pb_row custom_padding_last_edited=&#8221;on|phone&#8221; _builder_version=&#8221;4.9.7&#8243; _module_preset=&#8221;default&#8221; background_color=&#8221;#FFFFFF&#8221; positioning=&#8221;none&#8221; vertical_offset=&#8221;318px&#8221; z_index=&#8221;500&#8243; vertical_offset_tablet=&#8221;185px&#8221; vertical_offset_phone=&#8221;0px&#8221; vertical_offset_last_edited=&#8221;on|phone&#8221; width=&#8221;50%&#8221; width_tablet=&#8221;90%&#8221; width_phone=&#8221;85%&#8221; width_last_edited=&#8221;on|phone&#8221; custom_margin=&#8221;0px||||false|false&#8221; custom_margin_tablet=&#8221;||0px||false|false&#8221; custom_margin_phone=&#8221;0px||||false|false&#8221; custom_margin_last_edited=&#8221;on|phone&#8221; custom_padding=&#8221;|0px|0px|0px|false|true&#8221; custom_padding_tablet=&#8221;0px|0px|0px|0px|false|true&#8221; custom_padding_phone=&#8221;|0px|0px|0px|false|true&#8221; global_colors_info=&#8221;{}&#8221;][et_pb_column type=&#8221;4_4&#8243; _builder_version=&#8221;4.9.7&#8243; _module_preset=&#8221;default&#8221; global_colors_info=&#8221;{}&#8221;][et_pb_text _builder_version=&#8221;4.9.7&#8243; _module_preset=&#8221;default&#8221; text_font=&#8221;Roboto|300|||||||&#8221; text_text_color=&#8221;#1b1a1a&#8221; text_font_size=&#8221;20px&#8221; text_line_height=&#8221;1.9em&#8221; header_font_size=&#8221;70px&#8221; header_2_font=&#8221;|||on|||||&#8221; header_2_font_size=&#8221;47px&#8221; background_color=&#8221;#FFFFFF&#8221; width=&#8221;97%&#8221; width_tablet=&#8221;100%&#8221; width_phone=&#8221;100%&#8221; width_last_edited=&#8221;on|phone&#8221; min_height=&#8221;500px&#8221; custom_margin=&#8221;15px|21px|0px|21px|false|true&#8221; custom_margin_tablet=&#8221;0px|0px|0px|0px|false|true&#8221; custom_margin_phone=&#8221;15px||0px||false|true&#8221; custom_margin_last_edited=&#8221;on|phone&#8221; custom_padding=&#8221;|45px|50px|45px|false|true&#8221; custom_padding_tablet=&#8221;25px||0px||false|false&#8221; custom_padding_phone=&#8221;|0px|0px|0px|false|false&#8221; custom_padding_last_edited=&#8221;on|phone&#8221; text_font_size_tablet=&#8221;16px&#8221; text_font_size_phone=&#8221;16px&#8221; text_font_size_last_edited=&#8221;on|phone&#8221; text_line_height_tablet=&#8221;&#8221; text_line_height_phone=&#8221;1.7em&#8221; text_line_height_last_edited=&#8221;on|phone&#8221; header_font_size_tablet=&#8221;&#8221; header_font_size_phone=&#8221;40px&#8221; header_font_size_last_edited=&#8221;on|phone&#8221; header_2_font_size_tablet=&#8221;&#8221; header_2_font_size_phone=&#8221;31px&#8221; header_2_font_size_last_edited=&#8221;on|phone&#8221; global_colors_info=&#8221;{}&#8221;]<\/p>\n<h1 class=\"FontFamily-serif\" style=\"text-align: center; margin-bottom: 0.75em !important;\">Entretien des meubles<\/h1>\n<p><img loading=\"lazy\" decoding=\"async\" src=\"https:\/\/canadel.com\/wp-content\/uploads\/icon_furniturecare.png\" width=\"82\" height=\"83\" alt=\"\" class=\"wp-image-207135 alignnone size-full\" style=\"display: block; margin: 1em auto 1em auto;\" \/><\/p>\n<p>Votre meuble Canadel est con\u00e7u pour durer. Mais pour qu\u2019il reste aussi beau et propre que possible, un peu d\u2019aide sera peut-\u00eatre n\u00e9cessaire. Voici comment prendre soin de votre table ou buffet pr\u00e9f\u00e9r\u00e9.<\/p>\n<p>[\/et_pb_text][\/et_pb_column][\/et_pb_row][\/et_pb_section][et_pb_section fb_built=&#8221;1&#8243; disabled_on=&#8221;off|off|off&#8221; _builder_version=&#8221;4.9.7&#8243; _module_preset=&#8221;default&#8221; custom_margin=&#8221;-1px||||false|false&#8221; global_colors_info=&#8221;{}&#8221;][et_pb_row column_structure=&#8221;1_2,1_2&#8243; _builder_version=&#8221;4.9.7&#8243; _module_preset=&#8221;default&#8221; width=&#8221;83%&#8221; max_width=&#8221;100%&#8221; custom_padding=&#8221;2px|||||&#8221; global_colors_info=&#8221;{}&#8221;][et_pb_column type=&#8221;1_2&#8243; _builder_version=&#8221;4.9.7&#8243; _module_preset=&#8221;default&#8221; global_colors_info=&#8221;{}&#8221;][et_pb_image src=&#8221;https:\/\/canadel.com\/wp-content\/uploads\/furniturecare.jpg&#8221; title_text=&#8221;Qui nous sommes&#8221; _builder_version=&#8221;4.9.7&#8243; _module_preset=&#8221;default&#8221; custom_padding=&#8221;14px|||||&#8221; global_colors_info=&#8221;{}&#8221;][\/et_pb_image][\/et_pb_column][et_pb_column type=&#8221;1_2&#8243; _builder_version=&#8221;4.9.7&#8243; _module_preset=&#8221;default&#8221; custom_padding=&#8221;1rem||||false|false&#8221; global_colors_info=&#8221;{}&#8221;][et_pb_text _builder_version=&#8221;4.9.7&#8243; _module_preset=&#8221;default&#8221; text_font=&#8221;|300|||||||&#8221; text_line_height=&#8221;1.57em&#8221; header_2_font=&#8221;Playfair Display||||||||&#8221; header_3_font=&#8221;Pathway Gothic One|||on|||||&#8221; header_3_font_size=&#8221;47px&#8221; custom_margin=&#8221;-2px|||-30px||&#8221; custom_margin_tablet=&#8221;0px|||0px|false|false&#8221; custom_margin_phone=&#8221;-2px|||0px|false|false&#8221; custom_margin_last_edited=&#8221;on|phone&#8221; header_3_font_size_tablet=&#8221;&#8221; header_3_font_size_phone=&#8221;31px&#8221; header_3_font_size_last_edited=&#8221;on|phone&#8221; global_colors_info=&#8221;{}&#8221;]<\/p>\n<h3>Conseils g\u00e9n\u00e9raux<\/h3>\n<p>Pour prot\u00e9ger vos meubles \u2014 tout en assurant votre confort \u2014 gardez l\u2019humidit\u00e9 relative de votre maison entre 30 % et 40 %.<\/p>\n<p>Tenez les meubles \u00e0 l\u2019\u00e9cart des radiateurs, des bouches de chaleur et des po\u00eales \u00e0 bois.<\/p>\n<p>Ne laissez pas les meubles expos\u00e9s \u00e0 un ensoleillement direct, ce qui pourrait endommager leur fini.<\/p>\n<p>Soulevez les meubles en bois au lieu de les tra\u00eener lorsque vous les d\u00e9placez. \u00c9vitez d\u2019utiliser des nettoyants pour vitres sur vos meubles, car l\u2019ammoniac qu\u2019ils contiennent s\u2019attaquera au fini.<\/p>\n<p>Nettoyer vos meubles est simple \u2014 un chiffon humide est tout ce dont vous avez besoin. Lorsque vous nettoyez une table munie d\u2019un dessus en verre, veillez \u00e0 ce que les nettoyants pour verre n\u2019entrent pas en contact avec le bois.<\/p>\n<p>&nbsp;<\/p>\n<h3>Tables<\/h3>\n<p>Essuyez imm\u00e9diatement tout liquide renvers\u00e9 sur une table.<\/p>\n<p>Rangez les panneaux de rallonge dans un endroit o\u00f9 les conditions sont similaires \u00e0 celles de la table.<\/p>\n<p>&nbsp;<\/p>\n<h3>Bloc de boucher<\/h3>\n<p>Un bloc de boucher doit \u00eatre trait\u00e9 avec de l\u2019huile min\u00e9rale de qualit\u00e9 alimentaire sur une base r\u00e9guli\u00e8re.<\/p>\n<p>&nbsp;<\/p>\n<h3>Astuces<\/h3>\n<p>Pour enlever les taches de graisse : utilisez un m\u00e9lange d\u2019eau et de vinaigre (50\/50).<\/p>\n<p>Nettoyez les patins en t\u00e9flon de temps \u00e0 autre.<\/p>\n<p>[\/et_pb_text][\/et_pb_column][\/et_pb_row][\/et_pb_section][et_pb_section fb_built=&#8221;1&#8243; _builder_version=&#8221;4.9.7&#8243; _module_preset=&#8221;default&#8221; custom_margin=&#8221;26px|||||&#8221; custom_padding=&#8221;0px||0px|||&#8221; global_colors_info=&#8221;{}&#8221;][et_pb_row _builder_version=&#8221;4.9.7&#8243; _module_preset=&#8221;default&#8221; global_colors_info=&#8221;{}&#8221;][et_pb_column type=&#8221;4_4&#8243; _builder_version=&#8221;4.9.7&#8243; _module_preset=&#8221;default&#8221; global_colors_info=&#8221;{}&#8221;][et_pb_divider show_divider=&#8221;off&#8221; _builder_version=&#8221;4.9.7&#8243; _module_preset=&#8221;default&#8221; global_colors_info=&#8221;{}&#8221;][\/et_pb_divider][\/et_pb_column][\/et_pb_row][\/et_pb_section]<\/p>\n","protected":false},"excerpt":{"rendered":"<p>Entretien des meubles Votre meuble Canadel est con\u00e7u pour durer. Mais pour qu\u2019il reste aussi beau et propre que possible, un peu d\u2019aide sera peut-\u00eatre n\u00e9cessaire. Voici comment prendre soin de votre table ou buffet pr\u00e9f\u00e9r\u00e9.Conseils g\u00e9n\u00e9raux Pour prot\u00e9ger vos meubles \u2014 tout en assurant votre confort \u2014 gardez l\u2019humidit\u00e9 relative de votre maison entre [&hellip;]<\/p>\n","protected":false},"author":2,"featured_media":163,"parent":206012,"menu_order":0,"comment_status":"closed","ping_status":"closed","template":"","meta":{"_et_pb_use_builder":"on","_et_pb_old_content":"","_et_gb_content_width":"","footnotes":""},"class_list":["post-239648","page","type-page","status-publish","has-post-thumbnail","hentry"],"yoast_head":"<!-- This site is optimized with the Yoast SEO plugin v27.0 - https:\/\/yoast.com\/product\/yoast-seo-wordpress\/ -->\n<title>Conseils d\u2019entretiens - Meubles et Tables en bois - Canadel<\/title>\n<meta name=\"description\" content=\"Votre meuble Canadel est con\u00e7u pour durer, mais pour qu\u2019il soit \u00e9tincelant le plus longtemps, un peu d\u2019aide est n\u00e9cessaire. Voici comment en prendre soin!\" \/>\n<meta name=\"robots\" content=\"index, follow, max-snippet:-1, max-image-preview:large, max-video-preview:-1\" \/>\n<link rel=\"canonical\" href=\"https:\/\/canadel.com\/fr\/a-propos\/entretien-meubles\/\" \/>\n<meta property=\"og:locale\" content=\"fr_FR\" \/>\n<meta property=\"og:type\" content=\"article\" \/>\n<meta property=\"og:title\" content=\"Conseils d\u2019entretiens - Meubles et Tables en bois - Canadel\" \/>\n<meta property=\"og:description\" content=\"Votre meuble Canadel est con\u00e7u pour durer, mais pour qu\u2019il soit \u00e9tincelant le plus longtemps, un peu d\u2019aide est n\u00e9cessaire. Voici comment en prendre soin!\" \/>\n<meta property=\"og:url\" content=\"https:\/\/canadel.com\/fr\/a-propos\/entretien-meubles\/\" \/>\n<meta property=\"og:site_name\" content=\"Canadel\" \/>\n<meta property=\"article:modified_time\" content=\"2022-02-09T18:34:06+00:00\" \/>\n<meta property=\"og:image\" content=\"https:\/\/canadel.com\/wp-content\/uploads\/og-image.png\" \/>\n\t<meta property=\"og:image:width\" content=\"1200\" \/>\n\t<meta property=\"og:image:height\" content=\"630\" \/>\n\t<meta property=\"og:image:type\" content=\"image\/png\" \/>\n<meta name=\"twitter:card\" content=\"summary_large_image\" \/>\n<meta name=\"twitter:image\" content=\"https:\/\/canadel.com\/wp-content\/uploads\/og-image.png\" \/>\n<meta name=\"twitter:label1\" content=\"Dur\u00e9e de lecture estim\u00e9e\" \/>\n\t<meta name=\"twitter:data1\" content=\"2 minutes\" \/>\n<script type=\"application\/ld+json\" class=\"yoast-schema-graph\">{\"@context\":\"https:\/\/schema.org\",\"@graph\":[{\"@type\":\"WebPage\",\"@id\":\"https:\/\/canadel.com\/fr\/a-propos\/entretien-meubles\/\",\"url\":\"https:\/\/canadel.com\/fr\/a-propos\/entretien-meubles\/\",\"name\":\"Conseils d\u2019entretiens - Meubles et Tables en bois - Canadel\",\"isPartOf\":{\"@id\":\"https:\/\/canadel.com\/fr\/#website\"},\"primaryImageOfPage\":{\"@id\":\"https:\/\/canadel.com\/fr\/a-propos\/entretien-meubles\/#primaryimage\"},\"image\":{\"@id\":\"https:\/\/canadel.com\/fr\/a-propos\/entretien-meubles\/#primaryimage\"},\"thumbnailUrl\":\"https:\/\/canadel.com\/wp-content\/uploads\/bg-header-magasins-canadel.jpg\",\"datePublished\":\"2021-09-27T20:48:34+00:00\",\"dateModified\":\"2022-02-09T18:34:06+00:00\",\"description\":\"Votre meuble Canadel est con\u00e7u pour durer, mais pour qu\u2019il soit \u00e9tincelant le plus longtemps, un peu d\u2019aide est n\u00e9cessaire. Voici comment en prendre soin!\",\"breadcrumb\":{\"@id\":\"https:\/\/canadel.com\/fr\/a-propos\/entretien-meubles\/#breadcrumb\"},\"inLanguage\":\"fr-FR\",\"potentialAction\":[{\"@type\":\"ReadAction\",\"target\":[\"https:\/\/canadel.com\/fr\/a-propos\/entretien-meubles\/\"]}]},{\"@type\":\"ImageObject\",\"inLanguage\":\"fr-FR\",\"@id\":\"https:\/\/canadel.com\/fr\/a-propos\/entretien-meubles\/#primaryimage\",\"url\":\"https:\/\/canadel.com\/wp-content\/uploads\/bg-header-magasins-canadel.jpg\",\"contentUrl\":\"https:\/\/canadel.com\/wp-content\/uploads\/bg-header-magasins-canadel.jpg\",\"width\":2000,\"height\":500,\"caption\":\"magasins\"},{\"@type\":\"BreadcrumbList\",\"@id\":\"https:\/\/canadel.com\/fr\/a-propos\/entretien-meubles\/#breadcrumb\",\"itemListElement\":[{\"@type\":\"ListItem\",\"position\":1,\"name\":\"Accueil\",\"item\":\"https:\/\/canadel.com\/fr\/\"},{\"@type\":\"ListItem\",\"position\":2,\"name\":\"\u00c0 propos de nous &#8211; Fabricant de meubles\",\"item\":\"https:\/\/canadel.com\/fr\/about\/\"},{\"@type\":\"ListItem\",\"position\":3,\"name\":\"Conseils d\u2019entretiens &#8211; Meubles et Tables en bois\"}]},{\"@type\":\"WebSite\",\"@id\":\"https:\/\/canadel.com\/fr\/#website\",\"url\":\"https:\/\/canadel.com\/fr\/\",\"name\":\"Canadel\",\"description\":\"\",\"potentialAction\":[{\"@type\":\"SearchAction\",\"target\":{\"@type\":\"EntryPoint\",\"urlTemplate\":\"https:\/\/canadel.com\/fr\/?s={search_term_string}\"},\"query-input\":{\"@type\":\"PropertyValueSpecification\",\"valueRequired\":true,\"valueName\":\"search_term_string\"}}],\"inLanguage\":\"fr-FR\"}]}<\/script>\n<!-- \/ Yoast SEO plugin. -->","yoast_head_json":{"title":"Conseils d\u2019entretiens - Meubles et Tables en bois - Canadel","description":"Votre meuble Canadel est con\u00e7u pour durer, mais pour qu\u2019il soit \u00e9tincelant le plus longtemps, un peu d\u2019aide est n\u00e9cessaire. Voici comment en prendre soin!","robots":{"index":"index","follow":"follow","max-snippet":"max-snippet:-1","max-image-preview":"max-image-preview:large","max-video-preview":"max-video-preview:-1"},"canonical":"https:\/\/canadel.com\/fr\/a-propos\/entretien-meubles\/","og_locale":"fr_FR","og_type":"article","og_title":"Conseils d\u2019entretiens - Meubles et Tables en bois - Canadel","og_description":"Votre meuble Canadel est con\u00e7u pour durer, mais pour qu\u2019il soit \u00e9tincelant le plus longtemps, un peu d\u2019aide est n\u00e9cessaire. Voici comment en prendre soin!","og_url":"https:\/\/canadel.com\/fr\/a-propos\/entretien-meubles\/","og_site_name":"Canadel","article_modified_time":"2022-02-09T18:34:06+00:00","og_image":[{"width":1200,"height":630,"url":"https:\/\/canadel.com\/wp-content\/uploads\/og-image.png","type":"image\/png"}],"twitter_card":"summary_large_image","twitter_image":"https:\/\/canadel.com\/wp-content\/uploads\/og-image.png","twitter_misc":{"Dur\u00e9e de lecture estim\u00e9e":"2 minutes"},"schema":{"@context":"https:\/\/schema.org","@graph":[{"@type":"WebPage","@id":"https:\/\/canadel.com\/fr\/a-propos\/entretien-meubles\/","url":"https:\/\/canadel.com\/fr\/a-propos\/entretien-meubles\/","name":"Conseils d\u2019entretiens - Meubles et Tables en bois - Canadel","isPartOf":{"@id":"https:\/\/canadel.com\/fr\/#website"},"primaryImageOfPage":{"@id":"https:\/\/canadel.com\/fr\/a-propos\/entretien-meubles\/#primaryimage"},"image":{"@id":"https:\/\/canadel.com\/fr\/a-propos\/entretien-meubles\/#primaryimage"},"thumbnailUrl":"https:\/\/canadel.com\/wp-content\/uploads\/bg-header-magasins-canadel.jpg","datePublished":"2021-09-27T20:48:34+00:00","dateModified":"2022-02-09T18:34:06+00:00","description":"Votre meuble Canadel est con\u00e7u pour durer, mais pour qu\u2019il soit \u00e9tincelant le plus longtemps, un peu d\u2019aide est n\u00e9cessaire. Voici comment en prendre soin!","breadcrumb":{"@id":"https:\/\/canadel.com\/fr\/a-propos\/entretien-meubles\/#breadcrumb"},"inLanguage":"fr-FR","potentialAction":[{"@type":"ReadAction","target":["https:\/\/canadel.com\/fr\/a-propos\/entretien-meubles\/"]}]},{"@type":"ImageObject","inLanguage":"fr-FR","@id":"https:\/\/canadel.com\/fr\/a-propos\/entretien-meubles\/#primaryimage","url":"https:\/\/canadel.com\/wp-content\/uploads\/bg-header-magasins-canadel.jpg","contentUrl":"https:\/\/canadel.com\/wp-content\/uploads\/bg-header-magasins-canadel.jpg","width":2000,"height":500,"caption":"magasins"},{"@type":"BreadcrumbList","@id":"https:\/\/canadel.com\/fr\/a-propos\/entretien-meubles\/#breadcrumb","itemListElement":[{"@type":"ListItem","position":1,"name":"Accueil","item":"https:\/\/canadel.com\/fr\/"},{"@type":"ListItem","position":2,"name":"\u00c0 propos de nous &#8211; Fabricant de meubles","item":"https:\/\/canadel.com\/fr\/about\/"},{"@type":"ListItem","position":3,"name":"Conseils d\u2019entretiens &#8211; Meubles et Tables en bois"}]},{"@type":"WebSite","@id":"https:\/\/canadel.com\/fr\/#website","url":"https:\/\/canadel.com\/fr\/","name":"Canadel","description":"","potentialAction":[{"@type":"SearchAction","target":{"@type":"EntryPoint","urlTemplate":"https:\/\/canadel.com\/fr\/?s={search_term_string}"},"query-input":{"@type":"PropertyValueSpecification","valueRequired":true,"valueName":"search_term_string"}}],"inLanguage":"fr-FR"}]}},"_links":{"self":[{"href":"https:\/\/canadel.com\/fr\/wp-json\/wp\/v2\/pages\/239648","targetHints":{"allow":["GET"]}}],"collection":[{"href":"https:\/\/canadel.com\/fr\/wp-json\/wp\/v2\/pages"}],"about":[{"href":"https:\/\/canadel.com\/fr\/wp-json\/wp\/v2\/types\/page"}],"author":[{"embeddable":true,"href":"https:\/\/canadel.com\/fr\/wp-json\/wp\/v2\/users\/2"}],"replies":[{"embeddable":true,"href":"https:\/\/canadel.com\/fr\/wp-json\/wp\/v2\/comments?post=239648"}],"version-history":[{"count":5,"href":"https:\/\/canadel.com\/fr\/wp-json\/wp\/v2\/pages\/239648\/revisions"}],"predecessor-version":[{"id":244047,"href":"https:\/\/canadel.com\/fr\/wp-json\/wp\/v2\/pages\/239648\/revisions\/244047"}],"up":[{"embeddable":true,"href":"https:\/\/canadel.com\/fr\/wp-json\/wp\/v2\/pages\/206012"}],"wp:featuredmedia":[{"embeddable":true,"href":"https:\/\/canadel.com\/fr\/wp-json\/wp\/v2\/media\/163"}],"wp:attachment":[{"href":"https:\/\/canadel.com\/fr\/wp-json\/wp\/v2\/media?parent=239648"}],"curies":[{"name":"wp","href":"https:\/\/api.w.org\/{rel}","templated":true}]}}