
{"id":241536,"date":"2021-11-29T15:46:58","date_gmt":"2021-11-29T20:46:58","guid":{"rendered":"https:\/\/canadel.com\/?page_id=241536"},"modified":"2022-02-08T08:20:36","modified_gmt":"2022-02-08T13:20:36","slug":"detaillant","status":"publish","type":"page","link":"https:\/\/canadel.com\/fr\/detaillant\/","title":{"rendered":"Trouvez un d\u00e9taillant"},"content":{"rendered":"<p>[et_pb_section fb_built=&#8221;1&#8243; _builder_version=&#8221;4.13.1&#8243; _module_preset=&#8221;default&#8221; background_image=&#8221;https:\/\/canadel.com\/wp-content\/uploads\/bg-header-dealer-locator.jpg&#8221; custom_padding=&#8221;3.5%||3.5%||false|false&#8221; global_colors_info=&#8221;{}&#8221;][et_pb_row _builder_version=&#8221;4.13.1&#8243; _module_preset=&#8221;default&#8221; width_tablet=&#8221;&#8221; width_phone=&#8221;90%&#8221; width_last_edited=&#8221;on|phone&#8221; global_colors_info=&#8221;{}&#8221;][et_pb_column type=&#8221;4_4&#8243; _builder_version=&#8221;4.9.7&#8243; _module_preset=&#8221;default&#8221; global_colors_info=&#8221;{}&#8221;][\/et_pb_column][\/et_pb_row][\/et_pb_section][et_pb_section fb_built=&#8221;1&#8243; fullwidth=&#8221;on&#8221; _builder_version=&#8221;4.13.1&#8243; _module_preset=&#8221;default&#8221; background_enable_color=&#8221;off&#8221; global_colors_info=&#8221;{}&#8221;][et_pb_fullwidth_code _builder_version=&#8221;4.14.7&#8243; _module_preset=&#8221;default&#8221; hover_enabled=&#8221;0&#8243; global_colors_info=&#8221;{}&#8221; sticky_enabled=&#8221;0&#8243;]<iframe src=\"..\/..\/dl\/locator-fr.html\" style=\"width:100vw; height:2000px; \/*height:90vh;*\/ margin:0; left:0; top:0;\" scrolling=\"no\"><\/iframe><!-- [et_pb_line_break_holder] -->[\/et_pb_fullwidth_code][\/et_pb_section][et_pb_section fb_built=&#8221;1&#8243; _builder_version=&#8221;4.9.7&#8243; _module_preset=&#8221;default&#8221; background_color=&#8221;#f4f4f4&#8243; custom_margin=&#8221;0px|0px|0px|0px|false|false&#8221; custom_padding=&#8221;0px|0px|0px|0px|false|false&#8221; global_colors_info=&#8221;{}&#8221;][et_pb_row column_structure=&#8221;1_2,1_2&#8243; _builder_version=&#8221;4.9.7&#8243; _module_preset=&#8221;default&#8221; background_enable_color=&#8221;off&#8221; width=&#8221;100%&#8221; max_width=&#8221;100%&#8221; custom_padding=&#8221;2px||13px|||&#8221; global_colors_info=&#8221;{}&#8221;][et_pb_column type=&#8221;1_2&#8243; _builder_version=&#8221;4.9.7&#8243; _module_preset=&#8221;default&#8221; background_enable_color=&#8221;off&#8221; custom_padding=&#8221;5vh|||5%|false|false&#8221; custom_padding_tablet=&#8221;|5%||5%|false|true&#8221; custom_padding_phone=&#8221;5%|5%||5%|false|true&#8221; custom_padding_last_edited=&#8221;on|phone&#8221; global_colors_info=&#8221;{}&#8221;][et_pb_text content_tablet=&#8221;<\/p>\n<h3 style=%22text-align: center;%22>Passez du r\u00eave \u00e0 la r\u00e9alit\u00e9<\/h3>\n<p>&#8221; content_phone=&#8221;<\/p>\n<h3 style=%22text-align: center;%22>Passez du r\u00eave \u00e0 la r\u00e9alit\u00e9<\/h3>\n<p>&#8221; content_last_edited=&#8221;on|phone&#8221; _builder_version=&#8221;4.9.7&#8243; _module_preset=&#8221;default&#8221; header_3_font=&#8221;|||on|||||&#8221; header_3_font_size=&#8221;70px&#8221; custom_padding=&#8221;0px|||0px||&#8221; header_3_font_size_tablet=&#8221;&#8221; header_3_font_size_phone=&#8221;40px&#8221; header_3_font_size_last_edited=&#8221;on|phone&#8221; global_colors_info=&#8221;{}&#8221;]<\/p>\n<h3 style=\"text-align: left;\">Passez du r\u00eave \u00e0 la r\u00e9alit\u00e9<\/h3>\n<p>[\/et_pb_text][et_pb_text content_tablet=&#8221;<\/p>\n<p style=%22text-align: center;%22>Gr\u00e2ce au configurateur UDesign de Canadel, il est plus facile que jamais de cr\u00e9er un d\u00e9cor de salle \u00e0 manger unique.<\/p>\n<p style=%22text-align: center;%22>Il vous suffit de choisir votre meuble pr\u00e9f\u00e9r\u00e9 puis de personnaliser sa couleur, sa forme et ses dimensions pour l\u2019int\u00e9grer parfaitement \u00e0 votre espace. En quelques clics, vous voyez le r\u00e9sultat.<\/p>\n<p>&#8221; content_phone=&#8221;<\/p>\n<p style=%22text-align: center;%22>Gr\u00e2ce au configurateur UDesign de Canadel, il est plus facile que jamais de cr\u00e9er un d\u00e9cor de salle \u00e0 manger unique.<\/p>\n<p style=%22text-align: center;%22>Il vous suffit de choisir votre meuble pr\u00e9f\u00e9r\u00e9 puis de personnaliser sa couleur, sa forme et ses dimensions pour l\u2019int\u00e9grer parfaitement \u00e0 votre espace. En quelques clics, vous voyez le r\u00e9sultat.<\/p>\n<p>&#8221; content_last_edited=&#8221;on|phone&#8221; _builder_version=&#8221;4.9.7&#8243; _module_preset=&#8221;default&#8221; text_font=&#8221;Roboto|300|||||||&#8221; text_text_color=&#8221;#1b1a1a&#8221; text_line_height=&#8221;2rem&#8221; custom_margin=&#8221;||||false|false&#8221; custom_padding=&#8221;||||false|false&#8221; text_font_size_tablet=&#8221;&#8221; text_font_size_phone=&#8221;16px&#8221; text_font_size_last_edited=&#8221;on|phone&#8221; global_colors_info=&#8221;{%22gcid-dfcb0658-0b6c-44e2-b4e0-182f7606e058%22:%91%22text_text_color%22%93}&#8221;]<\/p>\n<p>Gr\u00e2ce au configurateur UDesign de Canadel, il est plus facile que jamais de cr\u00e9er un d\u00e9cor de salle \u00e0 manger unique.<\/p>\n<p>Il vous suffit de choisir votre meuble pr\u00e9f\u00e9r\u00e9 puis de personnaliser sa couleur, sa forme et ses dimensions pour l\u2019int\u00e9grer parfaitement \u00e0 votre espace. En quelques clics, vous voyez le r\u00e9sultat.<\/p>\n<p>[\/et_pb_text][et_pb_button button_text=&#8221;Personnalisez&#8221; button_alignment=&#8221;left&#8221; button_alignment_tablet=&#8221;center&#8221; button_alignment_phone=&#8221;center&#8221; button_alignment_last_edited=&#8221;on|phone&#8221; _builder_version=&#8221;4.9.7&#8243; _module_preset=&#8221;default&#8221; custom_button=&#8221;on&#8221; custom_margin=&#8221;||1em||false|false&#8221; global_colors_info=&#8221;{}&#8221;][\/et_pb_button][\/et_pb_column][et_pb_column type=&#8221;1_2&#8243; _builder_version=&#8221;4.9.7&#8243; _module_preset=&#8221;default&#8221; global_colors_info=&#8221;{}&#8221;][et_pb_image src=&#8221;https:\/\/canadel.com\/wp-content\/uploads\/udesign.jpg&#8221; title_text=&#8221;udesign&#8221; show_bottom_space=&#8221;off&#8221; _builder_version=&#8221;4.9.7&#8243; _module_preset=&#8221;default&#8221; custom_margin=&#8221;0px||||false|false&#8221; custom_padding=&#8221;0px||||false|false&#8221; global_colors_info=&#8221;{}&#8221;][\/et_pb_image][\/et_pb_column][\/et_pb_row][\/et_pb_section]<\/p>\n","protected":false},"excerpt":{"rendered":"<p>Passez du r\u00eave \u00e0 la r\u00e9alit\u00e9Gr\u00e2ce au configurateur UDesign de Canadel, il est plus facile que jamais de cr\u00e9er un d\u00e9cor de salle \u00e0 manger unique. Il vous suffit de choisir votre meuble pr\u00e9f\u00e9r\u00e9 puis de personnaliser sa couleur, sa forme et ses dimensions pour l\u2019int\u00e9grer parfaitement \u00e0 votre espace. En quelques clics, vous voyez [&hellip;]<\/p>\n","protected":false},"author":2,"featured_media":163,"parent":0,"menu_order":0,"comment_status":"closed","ping_status":"closed","template":"","meta":{"_et_pb_use_builder":"on","_et_pb_old_content":"","_et_gb_content_width":"","footnotes":""},"class_list":["post-241536","page","type-page","status-publish","has-post-thumbnail","hentry"],"yoast_head":"<!-- This site is optimized with the Yoast SEO plugin v27.4 - https:\/\/yoast.com\/product\/yoast-seo-wordpress\/ -->\n<title>Trouvez un d\u00e9taillant - Fabricant de meubles - Canadel<\/title>\n<meta name=\"description\" content=\"Peu importe o\u00f9 vous habitez en Am\u00e9rique du Nord, vous trouverez facilement un d\u00e9taillant Canadel. Trouvez le d\u00e9taillant le plus pr\u00e8s de chez vous!\" \/>\n<meta name=\"robots\" content=\"index, follow, max-snippet:-1, max-image-preview:large, max-video-preview:-1\" \/>\n<link rel=\"canonical\" href=\"https:\/\/canadel.com\/fr\/detaillant\/\" \/>\n<meta property=\"og:locale\" content=\"fr_FR\" \/>\n<meta property=\"og:type\" content=\"article\" \/>\n<meta property=\"og:title\" content=\"Trouvez un d\u00e9taillant - Fabricant de meubles - Canadel\" \/>\n<meta property=\"og:description\" content=\"Peu importe o\u00f9 vous habitez en Am\u00e9rique du Nord, vous trouverez facilement un d\u00e9taillant Canadel. Trouvez le d\u00e9taillant le plus pr\u00e8s de chez vous!\" \/>\n<meta property=\"og:url\" content=\"https:\/\/canadel.com\/fr\/detaillant\/\" \/>\n<meta property=\"og:site_name\" content=\"Canadel\" \/>\n<meta property=\"article:modified_time\" content=\"2022-02-08T13:20:36+00:00\" \/>\n<meta property=\"og:image\" content=\"https:\/\/canadel.com\/wp-content\/uploads\/og-image.png\" \/>\n\t<meta property=\"og:image:width\" content=\"1200\" \/>\n\t<meta property=\"og:image:height\" content=\"630\" \/>\n\t<meta property=\"og:image:type\" content=\"image\/png\" \/>\n<meta name=\"twitter:card\" content=\"summary_large_image\" \/>\n<meta name=\"twitter:image\" content=\"https:\/\/canadel.com\/wp-content\/uploads\/og-image.png\" \/>\n<meta name=\"twitter:label1\" content=\"Dur\u00e9e de lecture estim\u00e9e\" \/>\n\t<meta name=\"twitter:data1\" content=\"2 minutes\" \/>\n<script type=\"application\/ld+json\" class=\"yoast-schema-graph\">{\"@context\":\"https:\\\/\\\/schema.org\",\"@graph\":[{\"@type\":\"WebPage\",\"@id\":\"https:\\\/\\\/canadel.com\\\/fr\\\/detaillant\\\/\",\"url\":\"https:\\\/\\\/canadel.com\\\/fr\\\/detaillant\\\/\",\"name\":\"Trouvez un d\u00e9taillant - Fabricant de meubles - Canadel\",\"isPartOf\":{\"@id\":\"https:\\\/\\\/canadel.com\\\/fr\\\/#website\"},\"primaryImageOfPage\":{\"@id\":\"https:\\\/\\\/canadel.com\\\/fr\\\/detaillant\\\/#primaryimage\"},\"image\":{\"@id\":\"https:\\\/\\\/canadel.com\\\/fr\\\/detaillant\\\/#primaryimage\"},\"thumbnailUrl\":\"https:\\\/\\\/canadel.com\\\/wp-content\\\/uploads\\\/bg-header-magasins-canadel.jpg\",\"datePublished\":\"2021-11-29T20:46:58+00:00\",\"dateModified\":\"2022-02-08T13:20:36+00:00\",\"description\":\"Peu importe o\u00f9 vous habitez en Am\u00e9rique du Nord, vous trouverez facilement un d\u00e9taillant Canadel. Trouvez le d\u00e9taillant le plus pr\u00e8s de chez vous!\",\"breadcrumb\":{\"@id\":\"https:\\\/\\\/canadel.com\\\/fr\\\/detaillant\\\/#breadcrumb\"},\"inLanguage\":\"fr-FR\",\"potentialAction\":[{\"@type\":\"ReadAction\",\"target\":[\"https:\\\/\\\/canadel.com\\\/fr\\\/detaillant\\\/\"]}]},{\"@type\":\"ImageObject\",\"inLanguage\":\"fr-FR\",\"@id\":\"https:\\\/\\\/canadel.com\\\/fr\\\/detaillant\\\/#primaryimage\",\"url\":\"https:\\\/\\\/canadel.com\\\/wp-content\\\/uploads\\\/bg-header-magasins-canadel.jpg\",\"contentUrl\":\"https:\\\/\\\/canadel.com\\\/wp-content\\\/uploads\\\/bg-header-magasins-canadel.jpg\",\"width\":2000,\"height\":500,\"caption\":\"magasins\"},{\"@type\":\"BreadcrumbList\",\"@id\":\"https:\\\/\\\/canadel.com\\\/fr\\\/detaillant\\\/#breadcrumb\",\"itemListElement\":[{\"@type\":\"ListItem\",\"position\":1,\"name\":\"Accueil\",\"item\":\"https:\\\/\\\/canadel.com\\\/fr\\\/\"},{\"@type\":\"ListItem\",\"position\":2,\"name\":\"Trouvez un d\u00e9taillant\"}]},{\"@type\":\"WebSite\",\"@id\":\"https:\\\/\\\/canadel.com\\\/fr\\\/#website\",\"url\":\"https:\\\/\\\/canadel.com\\\/fr\\\/\",\"name\":\"Canadel\",\"description\":\"\",\"potentialAction\":[{\"@type\":\"SearchAction\",\"target\":{\"@type\":\"EntryPoint\",\"urlTemplate\":\"https:\\\/\\\/canadel.com\\\/fr\\\/?s={search_term_string}\"},\"query-input\":{\"@type\":\"PropertyValueSpecification\",\"valueRequired\":true,\"valueName\":\"search_term_string\"}}],\"inLanguage\":\"fr-FR\"}]}<\/script>\n<!-- \/ Yoast SEO plugin. -->","yoast_head_json":{"title":"Trouvez un d\u00e9taillant - Fabricant de meubles - Canadel","description":"Peu importe o\u00f9 vous habitez en Am\u00e9rique du Nord, vous trouverez facilement un d\u00e9taillant Canadel. Trouvez le d\u00e9taillant le plus pr\u00e8s de chez vous!","robots":{"index":"index","follow":"follow","max-snippet":"max-snippet:-1","max-image-preview":"max-image-preview:large","max-video-preview":"max-video-preview:-1"},"canonical":"https:\/\/canadel.com\/fr\/detaillant\/","og_locale":"fr_FR","og_type":"article","og_title":"Trouvez un d\u00e9taillant - Fabricant de meubles - Canadel","og_description":"Peu importe o\u00f9 vous habitez en Am\u00e9rique du Nord, vous trouverez facilement un d\u00e9taillant Canadel. Trouvez le d\u00e9taillant le plus pr\u00e8s de chez vous!","og_url":"https:\/\/canadel.com\/fr\/detaillant\/","og_site_name":"Canadel","article_modified_time":"2022-02-08T13:20:36+00:00","og_image":[{"width":1200,"height":630,"url":"https:\/\/canadel.com\/wp-content\/uploads\/og-image.png","type":"image\/png"}],"twitter_card":"summary_large_image","twitter_image":"https:\/\/canadel.com\/wp-content\/uploads\/og-image.png","twitter_misc":{"Dur\u00e9e de lecture estim\u00e9e":"2 minutes"},"schema":{"@context":"https:\/\/schema.org","@graph":[{"@type":"WebPage","@id":"https:\/\/canadel.com\/fr\/detaillant\/","url":"https:\/\/canadel.com\/fr\/detaillant\/","name":"Trouvez un d\u00e9taillant - Fabricant de meubles - Canadel","isPartOf":{"@id":"https:\/\/canadel.com\/fr\/#website"},"primaryImageOfPage":{"@id":"https:\/\/canadel.com\/fr\/detaillant\/#primaryimage"},"image":{"@id":"https:\/\/canadel.com\/fr\/detaillant\/#primaryimage"},"thumbnailUrl":"https:\/\/canadel.com\/wp-content\/uploads\/bg-header-magasins-canadel.jpg","datePublished":"2021-11-29T20:46:58+00:00","dateModified":"2022-02-08T13:20:36+00:00","description":"Peu importe o\u00f9 vous habitez en Am\u00e9rique du Nord, vous trouverez facilement un d\u00e9taillant Canadel. Trouvez le d\u00e9taillant le plus pr\u00e8s de chez vous!","breadcrumb":{"@id":"https:\/\/canadel.com\/fr\/detaillant\/#breadcrumb"},"inLanguage":"fr-FR","potentialAction":[{"@type":"ReadAction","target":["https:\/\/canadel.com\/fr\/detaillant\/"]}]},{"@type":"ImageObject","inLanguage":"fr-FR","@id":"https:\/\/canadel.com\/fr\/detaillant\/#primaryimage","url":"https:\/\/canadel.com\/wp-content\/uploads\/bg-header-magasins-canadel.jpg","contentUrl":"https:\/\/canadel.com\/wp-content\/uploads\/bg-header-magasins-canadel.jpg","width":2000,"height":500,"caption":"magasins"},{"@type":"BreadcrumbList","@id":"https:\/\/canadel.com\/fr\/detaillant\/#breadcrumb","itemListElement":[{"@type":"ListItem","position":1,"name":"Accueil","item":"https:\/\/canadel.com\/fr\/"},{"@type":"ListItem","position":2,"name":"Trouvez un d\u00e9taillant"}]},{"@type":"WebSite","@id":"https:\/\/canadel.com\/fr\/#website","url":"https:\/\/canadel.com\/fr\/","name":"Canadel","description":"","potentialAction":[{"@type":"SearchAction","target":{"@type":"EntryPoint","urlTemplate":"https:\/\/canadel.com\/fr\/?s={search_term_string}"},"query-input":{"@type":"PropertyValueSpecification","valueRequired":true,"valueName":"search_term_string"}}],"inLanguage":"fr-FR"}]}},"_links":{"self":[{"href":"https:\/\/canadel.com\/fr\/wp-json\/wp\/v2\/pages\/241536","targetHints":{"allow":["GET"]}}],"collection":[{"href":"https:\/\/canadel.com\/fr\/wp-json\/wp\/v2\/pages"}],"about":[{"href":"https:\/\/canadel.com\/fr\/wp-json\/wp\/v2\/types\/page"}],"author":[{"embeddable":true,"href":"https:\/\/canadel.com\/fr\/wp-json\/wp\/v2\/users\/2"}],"replies":[{"embeddable":true,"href":"https:\/\/canadel.com\/fr\/wp-json\/wp\/v2\/comments?post=241536"}],"version-history":[{"count":5,"href":"https:\/\/canadel.com\/fr\/wp-json\/wp\/v2\/pages\/241536\/revisions"}],"predecessor-version":[{"id":243983,"href":"https:\/\/canadel.com\/fr\/wp-json\/wp\/v2\/pages\/241536\/revisions\/243983"}],"wp:featuredmedia":[{"embeddable":true,"href":"https:\/\/canadel.com\/fr\/wp-json\/wp\/v2\/media\/163"}],"wp:attachment":[{"href":"https:\/\/canadel.com\/fr\/wp-json\/wp\/v2\/media?parent=241536"}],"curies":[{"name":"wp","href":"https:\/\/api.w.org\/{rel}","templated":true}]}}