
{"id":243468,"date":"2022-01-21T07:52:23","date_gmt":"2022-01-21T12:52:23","guid":{"rendered":"https:\/\/canadel.com\/disclaimer\/"},"modified":"2022-01-21T11:31:39","modified_gmt":"2022-01-21T16:31:39","slug":"disclaimer","status":"publish","type":"page","link":"https:\/\/canadel.com\/fr\/disclaimer\/","title":{"rendered":"Disclaimer"},"content":{"rendered":"\n<!-- Legal document generated by Complianz | GDPR\/CCPA Cookie Consent https:\/\/wordpress.org\/plugins\/complianz-gdpr -->\n<div id=\"cmplz-document\" class=\"cmplz-document disclaimer cmplz-document-all\"><p>Canadel inc. s\u2019engage \u00e0 maintenir ce site web \u00e0 jour en temps et en heure. Si toutefois vous rencontriez un probl\u00e8me ou des donn\u00e9es obsol\u00e8te, nous vous serions reconnaissants de nous le faire savoir. Veuillez indiquer o\u00f9 sur le site web vous lisez les informations incorrectes. Nous examinerons cela d\u00e8s que possible. Veuillez envoyer votre r\u00e9ponse par e-mail \u00e0: <span class=\"cmplz-obfuscate\">inf&#111;&#114;&#109;&#097;t&#105;&#111;&#110;@<span class=\"cmplz-fmail-domain\">e&#120;.com<\/span>&#099;&#097;n&#097;&#100;e&#108;.&#099;&#097;<\/span>.<\/p><p>Toutes les donn\u00e9es personnelles que vous nous fournissez dans le cadre de votre r\u00e9ponse ou de votre demande d\u2019informations ne seront utilis\u00e9es que conform\u00e9ment \u00e0 notre d\u00e9claration de confidentialit\u00e9.<\/p><p>Tous les droits de propri\u00e9t\u00e9 intellectuelle sur le contenu de ce site web sont la propri\u00e9t\u00e9 de Canadel inc..<\/p><p>La copie, la diffusion et toute autre utilisation de ces documents sont interdites sans l\u2019autorisation \u00e9crite de Canadel inc. , sauf si et dans la mesure o\u00f9 le stipule une r\u00e9glementation imp\u00e9rative (telle que le droit de citer), sauf indication contraire du contenu.<\/p><p>Si vous avez des questions ou des probl\u00e8mes d\u2019accessibilit\u00e9 du site, n\u2019h\u00e9sitez pas \u00e0 nous contacter.<\/p><\/div>","protected":false},"excerpt":{"rendered":"","protected":false},"author":2,"featured_media":0,"parent":0,"menu_order":0,"comment_status":"closed","ping_status":"closed","template":"","meta":{"_et_pb_use_builder":"","_et_pb_old_content":"","_et_gb_content_width":"","footnotes":""},"class_list":["post-243468","page","type-page","status-publish","hentry"],"yoast_head":"<!-- This site is optimized with the Yoast SEO plugin v27.0 - https:\/\/yoast.com\/product\/yoast-seo-wordpress\/ -->\n<title>Disclaimer - Canadel<\/title>\n<meta name=\"robots\" content=\"index, follow, max-snippet:-1, max-image-preview:large, max-video-preview:-1\" \/>\n<link rel=\"canonical\" href=\"https:\/\/canadel.com\/fr\/disclaimer\/\" \/>\n<meta property=\"og:locale\" content=\"fr_FR\" \/>\n<meta property=\"og:type\" content=\"article\" \/>\n<meta property=\"og:title\" content=\"Disclaimer - Canadel\" \/>\n<meta property=\"og:url\" content=\"https:\/\/canadel.com\/fr\/disclaimer\/\" \/>\n<meta property=\"og:site_name\" content=\"Canadel\" \/>\n<meta property=\"article:modified_time\" content=\"2022-01-21T16:31:39+00:00\" \/>\n<meta name=\"twitter:card\" content=\"summary_large_image\" \/>\n<script type=\"application\/ld+json\" class=\"yoast-schema-graph\">{\"@context\":\"https:\/\/schema.org\",\"@graph\":[{\"@type\":\"WebPage\",\"@id\":\"https:\/\/canadel.com\/fr\/disclaimer\/\",\"url\":\"https:\/\/canadel.com\/fr\/disclaimer\/\",\"name\":\"Disclaimer - Canadel\",\"isPartOf\":{\"@id\":\"https:\/\/canadel.com\/fr\/#website\"},\"datePublished\":\"2022-01-21T12:52:23+00:00\",\"dateModified\":\"2022-01-21T16:31:39+00:00\",\"breadcrumb\":{\"@id\":\"https:\/\/canadel.com\/fr\/disclaimer\/#breadcrumb\"},\"inLanguage\":\"fr-FR\",\"potentialAction\":[{\"@type\":\"ReadAction\",\"target\":[\"https:\/\/canadel.com\/fr\/disclaimer\/\"]}]},{\"@type\":\"BreadcrumbList\",\"@id\":\"https:\/\/canadel.com\/fr\/disclaimer\/#breadcrumb\",\"itemListElement\":[{\"@type\":\"ListItem\",\"position\":1,\"name\":\"Accueil\",\"item\":\"https:\/\/canadel.com\/fr\/\"},{\"@type\":\"ListItem\",\"position\":2,\"name\":\"Disclaimer\"}]},{\"@type\":\"WebSite\",\"@id\":\"https:\/\/canadel.com\/fr\/#website\",\"url\":\"https:\/\/canadel.com\/fr\/\",\"name\":\"Canadel\",\"description\":\"\",\"potentialAction\":[{\"@type\":\"SearchAction\",\"target\":{\"@type\":\"EntryPoint\",\"urlTemplate\":\"https:\/\/canadel.com\/fr\/?s={search_term_string}\"},\"query-input\":{\"@type\":\"PropertyValueSpecification\",\"valueRequired\":true,\"valueName\":\"search_term_string\"}}],\"inLanguage\":\"fr-FR\"}]}<\/script>\n<!-- \/ Yoast SEO plugin. -->","yoast_head_json":{"title":"Disclaimer - Canadel","robots":{"index":"index","follow":"follow","max-snippet":"max-snippet:-1","max-image-preview":"max-image-preview:large","max-video-preview":"max-video-preview:-1"},"canonical":"https:\/\/canadel.com\/fr\/disclaimer\/","og_locale":"fr_FR","og_type":"article","og_title":"Disclaimer - Canadel","og_url":"https:\/\/canadel.com\/fr\/disclaimer\/","og_site_name":"Canadel","article_modified_time":"2022-01-21T16:31:39+00:00","twitter_card":"summary_large_image","schema":{"@context":"https:\/\/schema.org","@graph":[{"@type":"WebPage","@id":"https:\/\/canadel.com\/fr\/disclaimer\/","url":"https:\/\/canadel.com\/fr\/disclaimer\/","name":"Disclaimer - Canadel","isPartOf":{"@id":"https:\/\/canadel.com\/fr\/#website"},"datePublished":"2022-01-21T12:52:23+00:00","dateModified":"2022-01-21T16:31:39+00:00","breadcrumb":{"@id":"https:\/\/canadel.com\/fr\/disclaimer\/#breadcrumb"},"inLanguage":"fr-FR","potentialAction":[{"@type":"ReadAction","target":["https:\/\/canadel.com\/fr\/disclaimer\/"]}]},{"@type":"BreadcrumbList","@id":"https:\/\/canadel.com\/fr\/disclaimer\/#breadcrumb","itemListElement":[{"@type":"ListItem","position":1,"name":"Accueil","item":"https:\/\/canadel.com\/fr\/"},{"@type":"ListItem","position":2,"name":"Disclaimer"}]},{"@type":"WebSite","@id":"https:\/\/canadel.com\/fr\/#website","url":"https:\/\/canadel.com\/fr\/","name":"Canadel","description":"","potentialAction":[{"@type":"SearchAction","target":{"@type":"EntryPoint","urlTemplate":"https:\/\/canadel.com\/fr\/?s={search_term_string}"},"query-input":{"@type":"PropertyValueSpecification","valueRequired":true,"valueName":"search_term_string"}}],"inLanguage":"fr-FR"}]}},"_links":{"self":[{"href":"https:\/\/canadel.com\/fr\/wp-json\/wp\/v2\/pages\/243468","targetHints":{"allow":["GET"]}}],"collection":[{"href":"https:\/\/canadel.com\/fr\/wp-json\/wp\/v2\/pages"}],"about":[{"href":"https:\/\/canadel.com\/fr\/wp-json\/wp\/v2\/types\/page"}],"author":[{"embeddable":true,"href":"https:\/\/canadel.com\/fr\/wp-json\/wp\/v2\/users\/2"}],"replies":[{"embeddable":true,"href":"https:\/\/canadel.com\/fr\/wp-json\/wp\/v2\/comments?post=243468"}],"version-history":[{"count":1,"href":"https:\/\/canadel.com\/fr\/wp-json\/wp\/v2\/pages\/243468\/revisions"}],"predecessor-version":[{"id":243470,"href":"https:\/\/canadel.com\/fr\/wp-json\/wp\/v2\/pages\/243468\/revisions\/243470"}],"wp:attachment":[{"href":"https:\/\/canadel.com\/fr\/wp-json\/wp\/v2\/media?parent=243468"}],"curies":[{"name":"wp","href":"https:\/\/api.w.org\/{rel}","templated":true}]}}