
{"id":253859,"date":"2023-02-15T13:28:20","date_gmt":"2023-02-15T18:28:20","guid":{"rendered":"https:\/\/canadel.com\/?page_id=253859"},"modified":"2023-02-15T13:48:43","modified_gmt":"2023-02-15T18:48:43","slug":"erreurb2b","status":"publish","type":"page","link":"https:\/\/canadel.com\/fr\/erreurb2b\/","title":{"rendered":"Erreur &#8211; Inscription aux infolettre B2B"},"content":{"rendered":"<p>[et_pb_section fb_built=&#8221;1&#8243; _builder_version=&#8221;4.19.5&#8243; _module_preset=&#8221;default&#8221; global_colors_info=&#8221;{}&#8221;][et_pb_row _builder_version=&#8221;4.19.5&#8243; _module_preset=&#8221;default&#8221; global_colors_info=&#8221;{}&#8221;][et_pb_column type=&#8221;4_4&#8243; _builder_version=&#8221;4.19.5&#8243; _module_preset=&#8221;default&#8221; global_colors_info=&#8221;{}&#8221;][et_pb_text _builder_version=&#8221;4.19.5&#8243; _module_preset=&#8221;default&#8221; text_font=&#8221;Roboto|300|||||||&#8221; text_font_size=&#8221;18px&#8221; hover_enabled=&#8221;0&#8243; sticky_enabled=&#8221;0&#8243;]<\/p>\n<p style=\"text-align: center;\"><strong>Une erreur s&#8217;est produite.<\/strong><\/p>\n<p style=\"text-align: center;\">Le repr\u00e9sentant attitr\u00e9 n&#8217;a pas \u00e9t\u00e9 d\u00e9tect\u00e9.<br \/>Merci d&#8217;utiliser le lien complet qui vous a \u00e9t\u00e9 fourni.<\/p>\n<p>[\/et_pb_text][\/et_pb_column][\/et_pb_row][\/et_pb_section]<\/p>\n","protected":false},"excerpt":{"rendered":"<p>Une erreur s&#8217;est produite. Le repr\u00e9sentant attitr\u00e9 n&#8217;a pas \u00e9t\u00e9 d\u00e9tect\u00e9.Merci d&#8217;utiliser le lien complet qui vous a \u00e9t\u00e9 fourni.<\/p>\n","protected":false},"author":2,"featured_media":0,"parent":0,"menu_order":0,"comment_status":"closed","ping_status":"closed","template":"","meta":{"_et_pb_use_builder":"on","_et_pb_old_content":"<!-- wp:divi\/placeholder \/-->","_et_gb_content_width":"","footnotes":""},"class_list":["post-253859","page","type-page","status-publish","hentry"],"yoast_head":"<!-- This site is optimized with the Yoast SEO plugin v27.4 - https:\/\/yoast.com\/product\/yoast-seo-wordpress\/ -->\n<title>Erreur - Inscription aux infolettre B2B - Canadel<\/title>\n<meta name=\"robots\" content=\"index, follow, max-snippet:-1, max-image-preview:large, max-video-preview:-1\" \/>\n<link rel=\"canonical\" href=\"https:\/\/canadel.com\/fr\/erreurb2b\/\" \/>\n<meta property=\"og:locale\" content=\"fr_FR\" \/>\n<meta property=\"og:type\" content=\"article\" \/>\n<meta property=\"og:title\" content=\"Erreur - Inscription aux infolettre B2B - Canadel\" \/>\n<meta property=\"og:description\" content=\"Une erreur s&#039;est produite. Le repr\u00e9sentant attitr\u00e9 n&#039;a pas \u00e9t\u00e9 d\u00e9tect\u00e9.Merci d&#039;utiliser le lien complet qui vous a \u00e9t\u00e9 fourni.\" \/>\n<meta property=\"og:url\" content=\"https:\/\/canadel.com\/fr\/erreurb2b\/\" \/>\n<meta property=\"og:site_name\" content=\"Canadel\" \/>\n<meta property=\"article:modified_time\" content=\"2023-02-15T18:48:43+00:00\" \/>\n<meta name=\"twitter:card\" content=\"summary_large_image\" \/>\n<meta name=\"twitter:label1\" content=\"Dur\u00e9e de lecture estim\u00e9e\" \/>\n\t<meta name=\"twitter:data1\" content=\"1 minute\" \/>\n<script type=\"application\/ld+json\" class=\"yoast-schema-graph\">{\"@context\":\"https:\\\/\\\/schema.org\",\"@graph\":[{\"@type\":\"WebPage\",\"@id\":\"https:\\\/\\\/canadel.com\\\/fr\\\/erreurb2b\\\/\",\"url\":\"https:\\\/\\\/canadel.com\\\/fr\\\/erreurb2b\\\/\",\"name\":\"Erreur - Inscription aux infolettre B2B - Canadel\",\"isPartOf\":{\"@id\":\"https:\\\/\\\/canadel.com\\\/fr\\\/#website\"},\"datePublished\":\"2023-02-15T18:28:20+00:00\",\"dateModified\":\"2023-02-15T18:48:43+00:00\",\"breadcrumb\":{\"@id\":\"https:\\\/\\\/canadel.com\\\/fr\\\/erreurb2b\\\/#breadcrumb\"},\"inLanguage\":\"fr-FR\",\"potentialAction\":[{\"@type\":\"ReadAction\",\"target\":[\"https:\\\/\\\/canadel.com\\\/fr\\\/erreurb2b\\\/\"]}]},{\"@type\":\"BreadcrumbList\",\"@id\":\"https:\\\/\\\/canadel.com\\\/fr\\\/erreurb2b\\\/#breadcrumb\",\"itemListElement\":[{\"@type\":\"ListItem\",\"position\":1,\"name\":\"Accueil\",\"item\":\"https:\\\/\\\/canadel.com\\\/fr\\\/\"},{\"@type\":\"ListItem\",\"position\":2,\"name\":\"Erreur &#8211; Inscription aux infolettre B2B\"}]},{\"@type\":\"WebSite\",\"@id\":\"https:\\\/\\\/canadel.com\\\/fr\\\/#website\",\"url\":\"https:\\\/\\\/canadel.com\\\/fr\\\/\",\"name\":\"Canadel\",\"description\":\"\",\"potentialAction\":[{\"@type\":\"SearchAction\",\"target\":{\"@type\":\"EntryPoint\",\"urlTemplate\":\"https:\\\/\\\/canadel.com\\\/fr\\\/?s={search_term_string}\"},\"query-input\":{\"@type\":\"PropertyValueSpecification\",\"valueRequired\":true,\"valueName\":\"search_term_string\"}}],\"inLanguage\":\"fr-FR\"}]}<\/script>\n<!-- \/ Yoast SEO plugin. -->","yoast_head_json":{"title":"Erreur - Inscription aux infolettre B2B - Canadel","robots":{"index":"index","follow":"follow","max-snippet":"max-snippet:-1","max-image-preview":"max-image-preview:large","max-video-preview":"max-video-preview:-1"},"canonical":"https:\/\/canadel.com\/fr\/erreurb2b\/","og_locale":"fr_FR","og_type":"article","og_title":"Erreur - Inscription aux infolettre B2B - Canadel","og_description":"Une erreur s'est produite. Le repr\u00e9sentant attitr\u00e9 n'a pas \u00e9t\u00e9 d\u00e9tect\u00e9.Merci d'utiliser le lien complet qui vous a \u00e9t\u00e9 fourni.","og_url":"https:\/\/canadel.com\/fr\/erreurb2b\/","og_site_name":"Canadel","article_modified_time":"2023-02-15T18:48:43+00:00","twitter_card":"summary_large_image","twitter_misc":{"Dur\u00e9e de lecture estim\u00e9e":"1 minute"},"schema":{"@context":"https:\/\/schema.org","@graph":[{"@type":"WebPage","@id":"https:\/\/canadel.com\/fr\/erreurb2b\/","url":"https:\/\/canadel.com\/fr\/erreurb2b\/","name":"Erreur - Inscription aux infolettre B2B - Canadel","isPartOf":{"@id":"https:\/\/canadel.com\/fr\/#website"},"datePublished":"2023-02-15T18:28:20+00:00","dateModified":"2023-02-15T18:48:43+00:00","breadcrumb":{"@id":"https:\/\/canadel.com\/fr\/erreurb2b\/#breadcrumb"},"inLanguage":"fr-FR","potentialAction":[{"@type":"ReadAction","target":["https:\/\/canadel.com\/fr\/erreurb2b\/"]}]},{"@type":"BreadcrumbList","@id":"https:\/\/canadel.com\/fr\/erreurb2b\/#breadcrumb","itemListElement":[{"@type":"ListItem","position":1,"name":"Accueil","item":"https:\/\/canadel.com\/fr\/"},{"@type":"ListItem","position":2,"name":"Erreur &#8211; Inscription aux infolettre B2B"}]},{"@type":"WebSite","@id":"https:\/\/canadel.com\/fr\/#website","url":"https:\/\/canadel.com\/fr\/","name":"Canadel","description":"","potentialAction":[{"@type":"SearchAction","target":{"@type":"EntryPoint","urlTemplate":"https:\/\/canadel.com\/fr\/?s={search_term_string}"},"query-input":{"@type":"PropertyValueSpecification","valueRequired":true,"valueName":"search_term_string"}}],"inLanguage":"fr-FR"}]}},"_links":{"self":[{"href":"https:\/\/canadel.com\/fr\/wp-json\/wp\/v2\/pages\/253859","targetHints":{"allow":["GET"]}}],"collection":[{"href":"https:\/\/canadel.com\/fr\/wp-json\/wp\/v2\/pages"}],"about":[{"href":"https:\/\/canadel.com\/fr\/wp-json\/wp\/v2\/types\/page"}],"author":[{"embeddable":true,"href":"https:\/\/canadel.com\/fr\/wp-json\/wp\/v2\/users\/2"}],"replies":[{"embeddable":true,"href":"https:\/\/canadel.com\/fr\/wp-json\/wp\/v2\/comments?post=253859"}],"version-history":[{"count":5,"href":"https:\/\/canadel.com\/fr\/wp-json\/wp\/v2\/pages\/253859\/revisions"}],"predecessor-version":[{"id":253872,"href":"https:\/\/canadel.com\/fr\/wp-json\/wp\/v2\/pages\/253859\/revisions\/253872"}],"wp:attachment":[{"href":"https:\/\/canadel.com\/fr\/wp-json\/wp\/v2\/media?parent=253859"}],"curies":[{"name":"wp","href":"https:\/\/api.w.org\/{rel}","templated":true}]}}