
{"id":267368,"date":"2023-08-10T11:48:55","date_gmt":"2023-08-10T15:48:55","guid":{"rendered":"https:\/\/canadel.com\/?page_id=267368"},"modified":"2023-08-25T13:32:37","modified_gmt":"2023-08-25T17:32:37","slug":"loi-25","status":"publish","type":"page","link":"https:\/\/canadel.com\/fr\/a-propos\/politique-de-confidentialite\/loi-25\/","title":{"rendered":"Loi 25"},"content":{"rendered":"<p>[et_pb_section fb_built=&#8221;1&#8243; fullwidth=&#8221;on&#8221; disabled_on=&#8221;off|on|on&#8221; _builder_version=&#8221;4.16&#8243; _module_preset=&#8221;default&#8221; background_image=&#8221;https:\/\/canadel.com\/wp-content\/uploads\/bg-header-2.jpg&#8221; height_tablet=&#8221;&#8221; height_phone=&#8221;160px&#8221; height_last_edited=&#8221;on|phone&#8221; global_colors_info=&#8221;{}&#8221;][\/et_pb_section][et_pb_section fb_built=&#8221;1&#8243; custom_padding_last_edited=&#8221;on|desktop&#8221; disabled_on=&#8221;off|off|off&#8221; _builder_version=&#8221;4.16&#8243; _module_preset=&#8221;default&#8221; background_color=&#8221;RGBA(0,0,0,0)&#8221; background_image=&#8221;https:\/\/canadel.com\/wp-content\/uploads\/2000&#215;800-2021-05-26_Canadel_Prevost-075-Edit-2-Edit_1.jpg&#8221; background_size=&#8221;contain&#8221; background_position=&#8221;top_center&#8221; min_height_tablet=&#8221;&#8221; min_height_phone=&#8221;&#8221; min_height_last_edited=&#8221;on|phone&#8221; custom_margin_tablet=&#8221;17px||||false|false&#8221; custom_margin_phone=&#8221;&#8221; custom_margin_last_edited=&#8221;on|phone&#8221; custom_padding=&#8221;300px||0px||false|false&#8221; custom_padding_tablet=&#8221;275px||||false|false&#8221; custom_padding_phone=&#8221;0px||||false|false&#8221; background_color_tablet=&#8221;RGBA(0,0,0,0)&#8221; background_color_phone=&#8221;RGBA(0,0,0,0)&#8221; background_last_edited=&#8221;on|phone&#8221; background_enable_color_tablet=&#8221;on&#8221; background_enable_color_phone=&#8221;on&#8221; background_enable_image_phone=&#8221;off&#8221; background_size_tablet=&#8221;contain&#8221; global_colors_info=&#8221;{}&#8221;][et_pb_row custom_padding_last_edited=&#8221;on|phone&#8221; _builder_version=&#8221;4.16&#8243; _module_preset=&#8221;default&#8221; background_color=&#8221;#FFFFFF&#8221; positioning=&#8221;none&#8221; vertical_offset=&#8221;318px&#8221; z_index=&#8221;500&#8243; vertical_offset_tablet=&#8221;185px&#8221; vertical_offset_phone=&#8221;0px&#8221; vertical_offset_last_edited=&#8221;on|phone&#8221; width=&#8221;50%&#8221; width_tablet=&#8221;90%&#8221; width_phone=&#8221;85%&#8221; width_last_edited=&#8221;on|phone&#8221; custom_margin=&#8221;0px||||false|false&#8221; custom_margin_tablet=&#8221;||0px||false|false&#8221; custom_margin_phone=&#8221;0px||||false|false&#8221; custom_margin_last_edited=&#8221;on|phone&#8221; custom_padding=&#8221;|0px|0px|0px|false|true&#8221; custom_padding_tablet=&#8221;0px|0px|0px|0px|false|true&#8221; custom_padding_phone=&#8221;|0px|0px|0px|false|true&#8221; global_colors_info=&#8221;{}&#8221;][et_pb_column type=&#8221;4_4&#8243; _builder_version=&#8221;4.16&#8243; _module_preset=&#8221;default&#8221; global_colors_info=&#8221;{}&#8221;][et_pb_text _builder_version=&#8221;4.22.1&#8243; _module_preset=&#8221;default&#8221; text_font=&#8221;Roboto|300|||||||&#8221; text_text_color=&#8221;#1b1a1a&#8221; text_font_size=&#8221;20px&#8221; text_line_height=&#8221;1.9em&#8221; header_font_size=&#8221;70px&#8221; header_2_font=&#8221;|||on|||||&#8221; header_2_font_size=&#8221;47px&#8221; background_color=&#8221;#FFFFFF&#8221; width=&#8221;97%&#8221; width_tablet=&#8221;100%&#8221; width_phone=&#8221;100%&#8221; width_last_edited=&#8221;on|phone&#8221; custom_margin=&#8221;15px|21px|0px|21px|false|true&#8221; custom_margin_tablet=&#8221;0px|0px|0px|0px|false|true&#8221; custom_margin_phone=&#8221;15px||0px||false|true&#8221; custom_margin_last_edited=&#8221;on|phone&#8221; custom_padding=&#8221;|45px|50px|45px|false|true&#8221; custom_padding_tablet=&#8221;25px||0px||false|false&#8221; custom_padding_phone=&#8221;|0px|0px|0px|false|false&#8221; custom_padding_last_edited=&#8221;on|phone&#8221; hover_enabled=&#8221;0&#8243; text_font_size_tablet=&#8221;16px&#8221; text_font_size_phone=&#8221;16px&#8221; text_font_size_last_edited=&#8221;on|phone&#8221; text_line_height_tablet=&#8221;&#8221; text_line_height_phone=&#8221;1.7em&#8221; text_line_height_last_edited=&#8221;on|phone&#8221; header_font_size_tablet=&#8221;&#8221; header_font_size_phone=&#8221;40px&#8221; header_font_size_last_edited=&#8221;on|phone&#8221; header_2_font_size_tablet=&#8221;&#8221; header_2_font_size_phone=&#8221;31px&#8221; header_2_font_size_last_edited=&#8221;on|phone&#8221; global_colors_info=&#8221;{}&#8221; sticky_enabled=&#8221;0&#8243;]<\/p>\n<h1 class=\"FontFamily-serif\" style=\"text-align: center; margin-bottom: 0.75em !important;\">Loi 25<\/h1>\n<h2 style=\"text-align: center;\">10\/08\/2023<\/h2>\n<p>&nbsp;<\/p>\n<h4>Responsable de la protection des donn\u00e9es personnelles<\/h4>\n<p>Canadel s&#8217;engage \u00e0 mettre en \u0153uvre les mesures n\u00e9cessaires pour prot\u00e9ger les renseignements personnels de ses employ\u00e9s et clients, qui pourraient permettre de les identifier directement ou indirectement, conform\u00e9ment \u00e0 la nouvelle l\u00e9gislation sur la protection des donn\u00e9es.<\/p>\n<p>Tout employ\u00e9 ou client qui constate un risque concernant la protection des renseignements personnels ou le maintien de la confidentialit\u00e9 est invit\u00e9 \u00e0 en faire part \u00e0 notre responsable d\u00e9sign\u00e9e pour la protection des renseignements personnels; Joanne Langlois, directrice RH &amp; SST, \u00e0 <a href=\"mailto:renseignementspersonnels@canadel.ca\" style=\"font-size: 20px; color: #1b1a1a !important; text-decoration-line: underline !important;\">renseignementspersonnels@canadel.ca<\/a>.<\/p>\n<p>Un m\u00e9canisme est en place pour traiter ad\u00e9quatement les incidents ou plaintes li\u00e9s \u00e0 la protection des renseignements personnels. De plus, nous nous engageons \u00e0 respecter les nouvelles r\u00e8gles entourant le consentement \u00e0 la collecte, \u00e0 la communication ou \u00e0 l&#8217;utilisation des renseignements personnels.<\/p>\n<p>&nbsp;<\/p>\n<p>&nbsp;<\/p>\n<p>&nbsp;[\/et_pb_text][\/et_pb_column][\/et_pb_row][\/et_pb_section][et_pb_section fb_built=&#8221;1&#8243; _builder_version=&#8221;4.16&#8243; _module_preset=&#8221;default&#8221; custom_margin=&#8221;26px|||||&#8221; custom_padding=&#8221;0px||0px|||&#8221; global_colors_info=&#8221;{}&#8221;][et_pb_row _builder_version=&#8221;4.16&#8243; _module_preset=&#8221;default&#8221; global_colors_info=&#8221;{}&#8221;][et_pb_column type=&#8221;4_4&#8243; _builder_version=&#8221;4.16&#8243; _module_preset=&#8221;default&#8221; global_colors_info=&#8221;{}&#8221;][et_pb_divider show_divider=&#8221;off&#8221; _builder_version=&#8221;4.16&#8243; _module_preset=&#8221;default&#8221; global_colors_info=&#8221;{}&#8221;][\/et_pb_divider][\/et_pb_column][\/et_pb_row][\/et_pb_section]<\/p>\n","protected":false},"excerpt":{"rendered":"<p>Loi 25 10\/08\/2023 &nbsp; Responsable de la protection des donn\u00e9es personnelles Canadel s&#8217;engage \u00e0 mettre en \u0153uvre les mesures n\u00e9cessaires pour prot\u00e9ger les renseignements personnels de ses employ\u00e9s et clients, qui pourraient permettre de les identifier directement ou indirectement, conform\u00e9ment \u00e0 la nouvelle l\u00e9gislation sur la protection des donn\u00e9es. Tout employ\u00e9 ou client qui constate [&hellip;]<\/p>\n","protected":false},"author":4,"featured_media":163,"parent":255554,"menu_order":0,"comment_status":"closed","ping_status":"closed","template":"","meta":{"_et_pb_use_builder":"on","_et_pb_old_content":"","_et_gb_content_width":"","footnotes":""},"class_list":["post-267368","page","type-page","status-publish","has-post-thumbnail","hentry"],"yoast_head":"<!-- This site is optimized with the Yoast SEO plugin v27.4 - https:\/\/yoast.com\/product\/yoast-seo-wordpress\/ -->\n<title>Loi 25 - Canadel<\/title>\n<meta name=\"description\" content=\"Nous prenons toutes les mesures n\u00e9cessaires pour prot\u00e9ger vos donn\u00e9es personnelles contre tout acc\u00e8s, utilisation ou divulgation non autoris\u00e9s. Nous utilisons des mesures de s\u00e9curit\u00e9 physiques, techniques et administratives pour garantir la s\u00e9curit\u00e9 de vos donn\u00e9es personnelles.\" \/>\n<meta name=\"robots\" content=\"noindex, follow\" \/>\n<meta property=\"og:locale\" content=\"fr_FR\" \/>\n<meta property=\"og:type\" content=\"article\" \/>\n<meta property=\"og:title\" content=\"Loi 25 - Canadel\" \/>\n<meta property=\"og:description\" content=\"Nous prenons toutes les mesures n\u00e9cessaires pour prot\u00e9ger vos donn\u00e9es personnelles contre tout acc\u00e8s, utilisation ou divulgation non autoris\u00e9s. Nous utilisons des mesures de s\u00e9curit\u00e9 physiques, techniques et administratives pour garantir la s\u00e9curit\u00e9 de vos donn\u00e9es personnelles.\" \/>\n<meta property=\"og:url\" content=\"https:\/\/canadel.com\/fr\/a-propos\/politique-de-confidentialite\/loi-25\/\" \/>\n<meta property=\"og:site_name\" content=\"Canadel\" \/>\n<meta property=\"article:modified_time\" content=\"2023-08-25T17:32:37+00:00\" \/>\n<meta property=\"og:image\" content=\"https:\/\/canadel.com\/wp-content\/uploads\/og-image.png\" \/>\n\t<meta property=\"og:image:width\" content=\"1200\" \/>\n\t<meta property=\"og:image:height\" content=\"630\" \/>\n\t<meta property=\"og:image:type\" content=\"image\/png\" \/>\n<meta name=\"twitter:card\" content=\"summary_large_image\" \/>\n<meta name=\"twitter:image\" content=\"https:\/\/canadel.com\/wp-content\/uploads\/og-image.png\" \/>\n<meta name=\"twitter:label1\" content=\"Dur\u00e9e de lecture estim\u00e9e\" \/>\n\t<meta name=\"twitter:data1\" content=\"4 minutes\" \/>\n<script type=\"application\/ld+json\" class=\"yoast-schema-graph\">{\"@context\":\"https:\\\/\\\/schema.org\",\"@graph\":[{\"@type\":\"WebPage\",\"@id\":\"https:\\\/\\\/canadel.com\\\/fr\\\/a-propos\\\/politique-de-confidentialite\\\/loi-25\\\/\",\"url\":\"https:\\\/\\\/canadel.com\\\/fr\\\/a-propos\\\/politique-de-confidentialite\\\/loi-25\\\/\",\"name\":\"Loi 25 - Canadel\",\"isPartOf\":{\"@id\":\"https:\\\/\\\/canadel.com\\\/fr\\\/#website\"},\"primaryImageOfPage\":{\"@id\":\"https:\\\/\\\/canadel.com\\\/fr\\\/a-propos\\\/politique-de-confidentialite\\\/loi-25\\\/#primaryimage\"},\"image\":{\"@id\":\"https:\\\/\\\/canadel.com\\\/fr\\\/a-propos\\\/politique-de-confidentialite\\\/loi-25\\\/#primaryimage\"},\"thumbnailUrl\":\"https:\\\/\\\/canadel.com\\\/wp-content\\\/uploads\\\/bg-header-magasins-canadel.jpg\",\"datePublished\":\"2023-08-10T15:48:55+00:00\",\"dateModified\":\"2023-08-25T17:32:37+00:00\",\"description\":\"Nous prenons toutes les mesures n\u00e9cessaires pour prot\u00e9ger vos donn\u00e9es personnelles contre tout acc\u00e8s, utilisation ou divulgation non autoris\u00e9s. Nous utilisons des mesures de s\u00e9curit\u00e9 physiques, techniques et administratives pour garantir la s\u00e9curit\u00e9 de vos donn\u00e9es personnelles.\",\"breadcrumb\":{\"@id\":\"https:\\\/\\\/canadel.com\\\/fr\\\/a-propos\\\/politique-de-confidentialite\\\/loi-25\\\/#breadcrumb\"},\"inLanguage\":\"fr-FR\",\"potentialAction\":[{\"@type\":\"ReadAction\",\"target\":[\"https:\\\/\\\/canadel.com\\\/fr\\\/a-propos\\\/politique-de-confidentialite\\\/loi-25\\\/\"]}]},{\"@type\":\"ImageObject\",\"inLanguage\":\"fr-FR\",\"@id\":\"https:\\\/\\\/canadel.com\\\/fr\\\/a-propos\\\/politique-de-confidentialite\\\/loi-25\\\/#primaryimage\",\"url\":\"https:\\\/\\\/canadel.com\\\/wp-content\\\/uploads\\\/bg-header-magasins-canadel.jpg\",\"contentUrl\":\"https:\\\/\\\/canadel.com\\\/wp-content\\\/uploads\\\/bg-header-magasins-canadel.jpg\",\"width\":2000,\"height\":500,\"caption\":\"magasins\"},{\"@type\":\"BreadcrumbList\",\"@id\":\"https:\\\/\\\/canadel.com\\\/fr\\\/a-propos\\\/politique-de-confidentialite\\\/loi-25\\\/#breadcrumb\",\"itemListElement\":[{\"@type\":\"ListItem\",\"position\":1,\"name\":\"Accueil\",\"item\":\"https:\\\/\\\/canadel.com\\\/fr\\\/\"},{\"@type\":\"ListItem\",\"position\":2,\"name\":\"\u00c0 propos de nous &#8211; Fabricant de meubles\",\"item\":\"https:\\\/\\\/canadel.com\\\/fr\\\/about\\\/\"},{\"@type\":\"ListItem\",\"position\":3,\"name\":\"Politique de confidentialit\u00e9\",\"item\":\"https:\\\/\\\/canadel.com\\\/fr\\\/about\\\/our-privacy-policy\\\/\"},{\"@type\":\"ListItem\",\"position\":4,\"name\":\"Loi 25\"}]},{\"@type\":\"WebSite\",\"@id\":\"https:\\\/\\\/canadel.com\\\/fr\\\/#website\",\"url\":\"https:\\\/\\\/canadel.com\\\/fr\\\/\",\"name\":\"Canadel\",\"description\":\"\",\"potentialAction\":[{\"@type\":\"SearchAction\",\"target\":{\"@type\":\"EntryPoint\",\"urlTemplate\":\"https:\\\/\\\/canadel.com\\\/fr\\\/?s={search_term_string}\"},\"query-input\":{\"@type\":\"PropertyValueSpecification\",\"valueRequired\":true,\"valueName\":\"search_term_string\"}}],\"inLanguage\":\"fr-FR\"}]}<\/script>\n<!-- \/ Yoast SEO plugin. -->","yoast_head_json":{"title":"Loi 25 - Canadel","description":"Nous prenons toutes les mesures n\u00e9cessaires pour prot\u00e9ger vos donn\u00e9es personnelles contre tout acc\u00e8s, utilisation ou divulgation non autoris\u00e9s. Nous utilisons des mesures de s\u00e9curit\u00e9 physiques, techniques et administratives pour garantir la s\u00e9curit\u00e9 de vos donn\u00e9es personnelles.","robots":{"index":"noindex","follow":"follow"},"og_locale":"fr_FR","og_type":"article","og_title":"Loi 25 - Canadel","og_description":"Nous prenons toutes les mesures n\u00e9cessaires pour prot\u00e9ger vos donn\u00e9es personnelles contre tout acc\u00e8s, utilisation ou divulgation non autoris\u00e9s. Nous utilisons des mesures de s\u00e9curit\u00e9 physiques, techniques et administratives pour garantir la s\u00e9curit\u00e9 de vos donn\u00e9es personnelles.","og_url":"https:\/\/canadel.com\/fr\/a-propos\/politique-de-confidentialite\/loi-25\/","og_site_name":"Canadel","article_modified_time":"2023-08-25T17:32:37+00:00","og_image":[{"width":1200,"height":630,"url":"https:\/\/canadel.com\/wp-content\/uploads\/og-image.png","type":"image\/png"}],"twitter_card":"summary_large_image","twitter_image":"https:\/\/canadel.com\/wp-content\/uploads\/og-image.png","twitter_misc":{"Dur\u00e9e de lecture estim\u00e9e":"4 minutes"},"schema":{"@context":"https:\/\/schema.org","@graph":[{"@type":"WebPage","@id":"https:\/\/canadel.com\/fr\/a-propos\/politique-de-confidentialite\/loi-25\/","url":"https:\/\/canadel.com\/fr\/a-propos\/politique-de-confidentialite\/loi-25\/","name":"Loi 25 - Canadel","isPartOf":{"@id":"https:\/\/canadel.com\/fr\/#website"},"primaryImageOfPage":{"@id":"https:\/\/canadel.com\/fr\/a-propos\/politique-de-confidentialite\/loi-25\/#primaryimage"},"image":{"@id":"https:\/\/canadel.com\/fr\/a-propos\/politique-de-confidentialite\/loi-25\/#primaryimage"},"thumbnailUrl":"https:\/\/canadel.com\/wp-content\/uploads\/bg-header-magasins-canadel.jpg","datePublished":"2023-08-10T15:48:55+00:00","dateModified":"2023-08-25T17:32:37+00:00","description":"Nous prenons toutes les mesures n\u00e9cessaires pour prot\u00e9ger vos donn\u00e9es personnelles contre tout acc\u00e8s, utilisation ou divulgation non autoris\u00e9s. Nous utilisons des mesures de s\u00e9curit\u00e9 physiques, techniques et administratives pour garantir la s\u00e9curit\u00e9 de vos donn\u00e9es personnelles.","breadcrumb":{"@id":"https:\/\/canadel.com\/fr\/a-propos\/politique-de-confidentialite\/loi-25\/#breadcrumb"},"inLanguage":"fr-FR","potentialAction":[{"@type":"ReadAction","target":["https:\/\/canadel.com\/fr\/a-propos\/politique-de-confidentialite\/loi-25\/"]}]},{"@type":"ImageObject","inLanguage":"fr-FR","@id":"https:\/\/canadel.com\/fr\/a-propos\/politique-de-confidentialite\/loi-25\/#primaryimage","url":"https:\/\/canadel.com\/wp-content\/uploads\/bg-header-magasins-canadel.jpg","contentUrl":"https:\/\/canadel.com\/wp-content\/uploads\/bg-header-magasins-canadel.jpg","width":2000,"height":500,"caption":"magasins"},{"@type":"BreadcrumbList","@id":"https:\/\/canadel.com\/fr\/a-propos\/politique-de-confidentialite\/loi-25\/#breadcrumb","itemListElement":[{"@type":"ListItem","position":1,"name":"Accueil","item":"https:\/\/canadel.com\/fr\/"},{"@type":"ListItem","position":2,"name":"\u00c0 propos de nous &#8211; Fabricant de meubles","item":"https:\/\/canadel.com\/fr\/about\/"},{"@type":"ListItem","position":3,"name":"Politique de confidentialit\u00e9","item":"https:\/\/canadel.com\/fr\/about\/our-privacy-policy\/"},{"@type":"ListItem","position":4,"name":"Loi 25"}]},{"@type":"WebSite","@id":"https:\/\/canadel.com\/fr\/#website","url":"https:\/\/canadel.com\/fr\/","name":"Canadel","description":"","potentialAction":[{"@type":"SearchAction","target":{"@type":"EntryPoint","urlTemplate":"https:\/\/canadel.com\/fr\/?s={search_term_string}"},"query-input":{"@type":"PropertyValueSpecification","valueRequired":true,"valueName":"search_term_string"}}],"inLanguage":"fr-FR"}]}},"_links":{"self":[{"href":"https:\/\/canadel.com\/fr\/wp-json\/wp\/v2\/pages\/267368","targetHints":{"allow":["GET"]}}],"collection":[{"href":"https:\/\/canadel.com\/fr\/wp-json\/wp\/v2\/pages"}],"about":[{"href":"https:\/\/canadel.com\/fr\/wp-json\/wp\/v2\/types\/page"}],"author":[{"embeddable":true,"href":"https:\/\/canadel.com\/fr\/wp-json\/wp\/v2\/users\/4"}],"replies":[{"embeddable":true,"href":"https:\/\/canadel.com\/fr\/wp-json\/wp\/v2\/comments?post=267368"}],"version-history":[{"count":4,"href":"https:\/\/canadel.com\/fr\/wp-json\/wp\/v2\/pages\/267368\/revisions"}],"predecessor-version":[{"id":267459,"href":"https:\/\/canadel.com\/fr\/wp-json\/wp\/v2\/pages\/267368\/revisions\/267459"}],"up":[{"embeddable":true,"href":"https:\/\/canadel.com\/fr\/wp-json\/wp\/v2\/pages\/255554"}],"wp:featuredmedia":[{"embeddable":true,"href":"https:\/\/canadel.com\/fr\/wp-json\/wp\/v2\/media\/163"}],"wp:attachment":[{"href":"https:\/\/canadel.com\/fr\/wp-json\/wp\/v2\/media?parent=267368"}],"curies":[{"name":"wp","href":"https:\/\/api.w.org\/{rel}","templated":true}]}}