
{"id":283039,"date":"2025-11-27T15:35:22","date_gmt":"2025-11-27T20:35:22","guid":{"rendered":"https:\/\/canadel.com\/?post_type=product&#038;p=283039"},"modified":"2025-11-27T15:37:00","modified_gmt":"2025-11-27T20:37:00","slug":"meuble-multimedia-6830-tn","status":"publish","type":"product","link":"https:\/\/canadel.com\/fr\/collections\/accent\/meubles-multimedia\/med068302929mtn\/","title":{"rendered":"Meuble multim\u00e9dia 6830 TN"},"content":{"rendered":"<p><i>SKU: <div  class=\"pods-ui-notice pods-ui-notice-notice pods-ui-notice-notice-error pods-ui-notice-is-dismissible pods-ui-notice-front\"><p><strong>Pods Embed Error:<\/strong> Pod non trouv\u00e9.<\/p><\/div><\/i><\/p>\n<p><i>Couleur illustr\u00e9e: <div  class=\"pods-ui-notice pods-ui-notice-notice pods-ui-notice-notice-error pods-ui-notice-is-dismissible pods-ui-notice-front\"><p><strong>Pods Embed Error:<\/strong> Pod non trouv\u00e9.<\/p><\/div><\/i><br \/>\n<i>Couleur d&#8217;accent: <div  class=\"pods-ui-notice pods-ui-notice-notice pods-ui-notice-notice-error pods-ui-notice-is-dismissible pods-ui-notice-front\"><p><strong>Pods Embed Error:<\/strong> Pod non trouv\u00e9.<\/p><\/div><\/i><br \/>\n<i>Fini illustr\u00e9: <div  class=\"pods-ui-notice pods-ui-notice-notice pods-ui-notice-notice-error pods-ui-notice-is-dismissible pods-ui-notice-front\"><p><strong>Pods Embed Error:<\/strong> Pod non trouv\u00e9.<\/p><\/div><\/i><\/p>\n<div  class=\"pods-ui-notice pods-ui-notice-notice pods-ui-notice-notice-error pods-ui-notice-is-dismissible pods-ui-notice-front\"><p><strong>Pods Embed Error:<\/strong> Pod non trouv\u00e9.<\/p><\/div>\n<p><b>Caract\u00e9ristiques<\/b><\/p>\n<div  class=\"pods-ui-notice pods-ui-notice-notice pods-ui-notice-notice-error pods-ui-notice-is-dismissible pods-ui-notice-front\"><p><strong>Pods Embed Error:<\/strong> Pod non trouv\u00e9.<\/p><\/div>\n<p><b>Dimensions<\/b><br \/>\nDimensions hors tout: L <div  class=\"pods-ui-notice pods-ui-notice-notice pods-ui-notice-notice-error pods-ui-notice-is-dismissible pods-ui-notice-front\"><p><strong>Pods Embed Error:<\/strong> Pod non trouv\u00e9.<\/p><\/div>\u201d X P <div  class=\"pods-ui-notice pods-ui-notice-notice pods-ui-notice-notice-error pods-ui-notice-is-dismissible pods-ui-notice-front\"><p><strong>Pods Embed Error:<\/strong> Pod non trouv\u00e9.<\/p><\/div>\u201d X H <div  class=\"pods-ui-notice pods-ui-notice-notice pods-ui-notice-notice-error pods-ui-notice-is-dismissible pods-ui-notice-front\"><p><strong>Pods Embed Error:<\/strong> Pod non trouv\u00e9.<\/p><\/div>\u201d<\/p>\n","protected":false},"excerpt":{"rendered":"<p>SKU: Couleur illustr\u00e9e: Couleur d&#8217;accent: Fini illustr\u00e9: Caract\u00e9ristiques Dimensions Dimensions hors tout: L \u201d X P \u201d X H \u201d<\/p>\n","protected":false},"featured_media":256089,"comment_status":"open","ping_status":"closed","template":"","meta":{"_et_pb_use_builder":"","_et_pb_old_content":"","_et_gb_content_width":""},"product_brand":[],"product_cat":[2774,2966],"product_tag":[2812],"class_list":{"0":"post-283039","1":"product","2":"type-product","3":"status-publish","4":"has-post-thumbnail","6":"product_cat-accent","7":"product_cat-media-units-accent-collections-fr","8":"product_tag-6830tn","10":"first","11":"instock","12":"shipping-taxable","13":"product-type-simple"},"yoast_head":"<!-- This site is optimized with the Yoast SEO plugin v27.0 - https:\/\/yoast.com\/product\/yoast-seo-wordpress\/ -->\n<title>Meuble multim\u00e9dia 6830 TN - Canadel<\/title>\n<meta name=\"description\" content=\"Qui n\u2019a pas un faible pour le style c\u00f4tier\u2009? Ce meuble multim\u00e9dia, \u00e0 la fois \u00e9l\u00e9gant, raffin\u00e9 et fonctionnel, rehaussera l\u2019apparence de votre salon, lui apportant une ambiance calme et paisible.\" \/>\n<meta name=\"robots\" content=\"index, follow, max-snippet:-1, max-image-preview:large, max-video-preview:-1\" \/>\n<link rel=\"canonical\" href=\"https:\/\/canadel.com\/fr\/collections\/accent\/meubles-multimedia\/med068302929mtn\/\" \/>\n<meta property=\"og:locale\" content=\"fr_FR\" \/>\n<meta property=\"og:type\" content=\"article\" \/>\n<meta property=\"og:title\" content=\"Meuble multim\u00e9dia 6830 TN - Canadel\" \/>\n<meta property=\"og:description\" content=\"Qui n\u2019a pas un faible pour le style c\u00f4tier\u2009? Ce meuble multim\u00e9dia, \u00e0 la fois \u00e9l\u00e9gant, raffin\u00e9 et fonctionnel, rehaussera l\u2019apparence de votre salon, lui apportant une ambiance calme et paisible.\" \/>\n<meta property=\"og:url\" content=\"https:\/\/canadel.com\/fr\/collections\/accent\/meubles-multimedia\/med068302929mtn\/\" \/>\n<meta property=\"og:site_name\" content=\"Canadel\" \/>\n<meta property=\"article:modified_time\" content=\"2025-11-27T20:37:00+00:00\" \/>\n<meta property=\"og:image\" content=\"https:\/\/canadel.com\/wp-content\/uploads\/MED068302929MTN_CAM001.jpg\" \/>\n\t<meta property=\"og:image:width\" content=\"2000\" \/>\n\t<meta property=\"og:image:height\" content=\"2000\" \/>\n\t<meta property=\"og:image:type\" content=\"image\/jpeg\" \/>\n<meta name=\"twitter:card\" content=\"summary_large_image\" \/>\n<script type=\"application\/ld+json\" class=\"yoast-schema-graph\">{\"@context\":\"https:\/\/schema.org\",\"@graph\":[{\"@type\":\"WebPage\",\"@id\":\"https:\/\/canadel.com\/fr\/collections\/accent\/meubles-multimedia\/med068302929mtn\/\",\"url\":\"https:\/\/canadel.com\/fr\/collections\/accent\/meubles-multimedia\/med068302929mtn\/\",\"name\":\"Meuble multim\u00e9dia 6830 TN - Canadel\",\"isPartOf\":{\"@id\":\"https:\/\/canadel.com\/fr\/#website\"},\"primaryImageOfPage\":{\"@id\":\"https:\/\/canadel.com\/fr\/collections\/accent\/meubles-multimedia\/med068302929mtn\/#primaryimage\"},\"image\":{\"@id\":\"https:\/\/canadel.com\/fr\/collections\/accent\/meubles-multimedia\/med068302929mtn\/#primaryimage\"},\"thumbnailUrl\":\"https:\/\/canadel.com\/wp-content\/uploads\/MED068302929MTN_CAM001.jpg\",\"datePublished\":\"2025-11-27T20:35:22+00:00\",\"dateModified\":\"2025-11-27T20:37:00+00:00\",\"description\":\"Qui n\u2019a pas un faible pour le style c\u00f4tier\u2009? Ce meuble multim\u00e9dia, \u00e0 la fois \u00e9l\u00e9gant, raffin\u00e9 et fonctionnel, rehaussera l\u2019apparence de votre salon, lui apportant une ambiance calme et paisible.\",\"breadcrumb\":{\"@id\":\"https:\/\/canadel.com\/fr\/collections\/accent\/meubles-multimedia\/med068302929mtn\/#breadcrumb\"},\"inLanguage\":\"fr-FR\",\"potentialAction\":[{\"@type\":\"ReadAction\",\"target\":[\"https:\/\/canadel.com\/fr\/collections\/accent\/meubles-multimedia\/med068302929mtn\/\"]}]},{\"@type\":\"ImageObject\",\"inLanguage\":\"fr-FR\",\"@id\":\"https:\/\/canadel.com\/fr\/collections\/accent\/meubles-multimedia\/med068302929mtn\/#primaryimage\",\"url\":\"https:\/\/canadel.com\/wp-content\/uploads\/MED068302929MTN_CAM001.jpg\",\"contentUrl\":\"https:\/\/canadel.com\/wp-content\/uploads\/MED068302929MTN_CAM001.jpg\",\"width\":2000,\"height\":2000},{\"@type\":\"BreadcrumbList\",\"@id\":\"https:\/\/canadel.com\/fr\/collections\/accent\/meubles-multimedia\/med068302929mtn\/#breadcrumb\",\"itemListElement\":[{\"@type\":\"ListItem\",\"position\":1,\"name\":\"Accueil\",\"item\":\"https:\/\/canadel.com\/fr\/\"},{\"@type\":\"ListItem\",\"position\":2,\"name\":\"Shop\",\"item\":\"https:\/\/canadel.com\/?page_id=240655\"},{\"@type\":\"ListItem\",\"position\":3,\"name\":\"Meuble multim\u00e9dia 6830 TN\"}]},{\"@type\":\"WebSite\",\"@id\":\"https:\/\/canadel.com\/fr\/#website\",\"url\":\"https:\/\/canadel.com\/fr\/\",\"name\":\"Canadel\",\"description\":\"\",\"potentialAction\":[{\"@type\":\"SearchAction\",\"target\":{\"@type\":\"EntryPoint\",\"urlTemplate\":\"https:\/\/canadel.com\/fr\/?s={search_term_string}\"},\"query-input\":{\"@type\":\"PropertyValueSpecification\",\"valueRequired\":true,\"valueName\":\"search_term_string\"}}],\"inLanguage\":\"fr-FR\"}]}<\/script>\n<!-- \/ Yoast SEO plugin. -->","yoast_head_json":{"title":"Meuble multim\u00e9dia 6830 TN - Canadel","description":"Qui n\u2019a pas un faible pour le style c\u00f4tier\u2009? Ce meuble multim\u00e9dia, \u00e0 la fois \u00e9l\u00e9gant, raffin\u00e9 et fonctionnel, rehaussera l\u2019apparence de votre salon, lui apportant une ambiance calme et paisible.","robots":{"index":"index","follow":"follow","max-snippet":"max-snippet:-1","max-image-preview":"max-image-preview:large","max-video-preview":"max-video-preview:-1"},"canonical":"https:\/\/canadel.com\/fr\/collections\/accent\/meubles-multimedia\/med068302929mtn\/","og_locale":"fr_FR","og_type":"article","og_title":"Meuble multim\u00e9dia 6830 TN - Canadel","og_description":"Qui n\u2019a pas un faible pour le style c\u00f4tier\u2009? Ce meuble multim\u00e9dia, \u00e0 la fois \u00e9l\u00e9gant, raffin\u00e9 et fonctionnel, rehaussera l\u2019apparence de votre salon, lui apportant une ambiance calme et paisible.","og_url":"https:\/\/canadel.com\/fr\/collections\/accent\/meubles-multimedia\/med068302929mtn\/","og_site_name":"Canadel","article_modified_time":"2025-11-27T20:37:00+00:00","og_image":[{"width":2000,"height":2000,"url":"https:\/\/canadel.com\/wp-content\/uploads\/MED068302929MTN_CAM001.jpg","type":"image\/jpeg"}],"twitter_card":"summary_large_image","schema":{"@context":"https:\/\/schema.org","@graph":[{"@type":"WebPage","@id":"https:\/\/canadel.com\/fr\/collections\/accent\/meubles-multimedia\/med068302929mtn\/","url":"https:\/\/canadel.com\/fr\/collections\/accent\/meubles-multimedia\/med068302929mtn\/","name":"Meuble multim\u00e9dia 6830 TN - Canadel","isPartOf":{"@id":"https:\/\/canadel.com\/fr\/#website"},"primaryImageOfPage":{"@id":"https:\/\/canadel.com\/fr\/collections\/accent\/meubles-multimedia\/med068302929mtn\/#primaryimage"},"image":{"@id":"https:\/\/canadel.com\/fr\/collections\/accent\/meubles-multimedia\/med068302929mtn\/#primaryimage"},"thumbnailUrl":"https:\/\/canadel.com\/wp-content\/uploads\/MED068302929MTN_CAM001.jpg","datePublished":"2025-11-27T20:35:22+00:00","dateModified":"2025-11-27T20:37:00+00:00","description":"Qui n\u2019a pas un faible pour le style c\u00f4tier\u2009? Ce meuble multim\u00e9dia, \u00e0 la fois \u00e9l\u00e9gant, raffin\u00e9 et fonctionnel, rehaussera l\u2019apparence de votre salon, lui apportant une ambiance calme et paisible.","breadcrumb":{"@id":"https:\/\/canadel.com\/fr\/collections\/accent\/meubles-multimedia\/med068302929mtn\/#breadcrumb"},"inLanguage":"fr-FR","potentialAction":[{"@type":"ReadAction","target":["https:\/\/canadel.com\/fr\/collections\/accent\/meubles-multimedia\/med068302929mtn\/"]}]},{"@type":"ImageObject","inLanguage":"fr-FR","@id":"https:\/\/canadel.com\/fr\/collections\/accent\/meubles-multimedia\/med068302929mtn\/#primaryimage","url":"https:\/\/canadel.com\/wp-content\/uploads\/MED068302929MTN_CAM001.jpg","contentUrl":"https:\/\/canadel.com\/wp-content\/uploads\/MED068302929MTN_CAM001.jpg","width":2000,"height":2000},{"@type":"BreadcrumbList","@id":"https:\/\/canadel.com\/fr\/collections\/accent\/meubles-multimedia\/med068302929mtn\/#breadcrumb","itemListElement":[{"@type":"ListItem","position":1,"name":"Accueil","item":"https:\/\/canadel.com\/fr\/"},{"@type":"ListItem","position":2,"name":"Shop","item":"https:\/\/canadel.com\/?page_id=240655"},{"@type":"ListItem","position":3,"name":"Meuble multim\u00e9dia 6830 TN"}]},{"@type":"WebSite","@id":"https:\/\/canadel.com\/fr\/#website","url":"https:\/\/canadel.com\/fr\/","name":"Canadel","description":"","potentialAction":[{"@type":"SearchAction","target":{"@type":"EntryPoint","urlTemplate":"https:\/\/canadel.com\/fr\/?s={search_term_string}"},"query-input":{"@type":"PropertyValueSpecification","valueRequired":true,"valueName":"search_term_string"}}],"inLanguage":"fr-FR"}]}},"_links":{"self":[{"href":"https:\/\/canadel.com\/fr\/wp-json\/wp\/v2\/product\/283039","targetHints":{"allow":["GET"]}}],"collection":[{"href":"https:\/\/canadel.com\/fr\/wp-json\/wp\/v2\/product"}],"about":[{"href":"https:\/\/canadel.com\/fr\/wp-json\/wp\/v2\/types\/product"}],"replies":[{"embeddable":true,"href":"https:\/\/canadel.com\/fr\/wp-json\/wp\/v2\/comments?post=283039"}],"wp:featuredmedia":[{"embeddable":true,"href":"https:\/\/canadel.com\/fr\/wp-json\/wp\/v2\/media\/256089"}],"wp:attachment":[{"href":"https:\/\/canadel.com\/fr\/wp-json\/wp\/v2\/media?parent=283039"}],"wp:term":[{"taxonomy":"product_brand","embeddable":true,"href":"https:\/\/canadel.com\/fr\/wp-json\/wp\/v2\/product_brand?post=283039"},{"taxonomy":"product_cat","embeddable":true,"href":"https:\/\/canadel.com\/fr\/wp-json\/wp\/v2\/product_cat?post=283039"},{"taxonomy":"product_tag","embeddable":true,"href":"https:\/\/canadel.com\/fr\/wp-json\/wp\/v2\/product_tag?post=283039"}],"curies":[{"name":"wp","href":"https:\/\/api.w.org\/{rel}","templated":true}]}}