
{"id":283139,"date":"2025-11-27T16:53:43","date_gmt":"2025-11-27T21:53:43","guid":{"rendered":"https:\/\/canadel.com\/?post_type=product&#038;p=283139"},"modified":"2025-11-27T16:59:50","modified_gmt":"2025-11-27T21:59:50","slug":"buffet-4242-t4","status":"publish","type":"product","link":"https:\/\/canadel.com\/fr\/collections\/loft\/bancs\/buf042422525rt4\/","title":{"rendered":"Buffet 4242 T4"},"content":{"rendered":"<p><i>SKU: <div  class=\"pods-ui-notice pods-ui-notice-notice pods-ui-notice-notice-error pods-ui-notice-is-dismissible pods-ui-notice-front\"><p><strong>Pods Embed Error:<\/strong> Pod non trouv\u00e9.<\/p><\/div><\/i><\/p>\n<p><i>Couleur illustr\u00e9e: <div  class=\"pods-ui-notice pods-ui-notice-notice pods-ui-notice-notice-error pods-ui-notice-is-dismissible pods-ui-notice-front\"><p><strong>Pods Embed Error:<\/strong> Pod non trouv\u00e9.<\/p><\/div><\/i><br \/>\n<i>Couleur d&#8217;accent: <div  class=\"pods-ui-notice pods-ui-notice-notice pods-ui-notice-notice-error pods-ui-notice-is-dismissible pods-ui-notice-front\"><p><strong>Pods Embed Error:<\/strong> Pod non trouv\u00e9.<\/p><\/div><\/i><br \/>\n<i>Fini illustr\u00e9: <div  class=\"pods-ui-notice pods-ui-notice-notice pods-ui-notice-notice-error pods-ui-notice-is-dismissible pods-ui-notice-front\"><p><strong>Pods Embed Error:<\/strong> Pod non trouv\u00e9.<\/p><\/div><\/i><\/p>\n<div  class=\"pods-ui-notice pods-ui-notice-notice pods-ui-notice-notice-error pods-ui-notice-is-dismissible pods-ui-notice-front\"><p><strong>Pods Embed Error:<\/strong> Pod non trouv\u00e9.<\/p><\/div>\n<p><b>Caract\u00e9ristiques<\/b><br \/>\n<div  class=\"pods-ui-notice pods-ui-notice-notice pods-ui-notice-notice-error pods-ui-notice-is-dismissible pods-ui-notice-front\"><p><strong>Pods Embed Error:<\/strong> Pod non trouv\u00e9.<\/p><\/div><\/p>\n<p><b>Dimensions<\/b><br \/>\nL <div  class=\"pods-ui-notice pods-ui-notice-notice pods-ui-notice-notice-error pods-ui-notice-is-dismissible pods-ui-notice-front\"><p><strong>Pods Embed Error:<\/strong> Pod non trouv\u00e9.<\/p><\/div>\u201d X P <div  class=\"pods-ui-notice pods-ui-notice-notice pods-ui-notice-notice-error pods-ui-notice-is-dismissible pods-ui-notice-front\"><p><strong>Pods Embed Error:<\/strong> Pod non trouv\u00e9.<\/p><\/div>\u201d X H <div  class=\"pods-ui-notice pods-ui-notice-notice pods-ui-notice-notice-error pods-ui-notice-is-dismissible pods-ui-notice-front\"><p><strong>Pods Embed Error:<\/strong> Pod non trouv\u00e9.<\/p><\/div>\u201d<\/p>\n","protected":false},"excerpt":{"rendered":"<p>SKU: Couleur illustr\u00e9e: Couleur d&#8217;accent: Fini illustr\u00e9: Caract\u00e9ristiques Dimensions L \u201d X P \u201d X H \u201d<\/p>\n","protected":false},"featured_media":271867,"comment_status":"open","ping_status":"closed","template":"","meta":{"_et_pb_use_builder":"","_et_pb_old_content":"","_et_gb_content_width":""},"product_brand":[],"product_cat":[750,4026],"product_tag":[3299],"class_list":{"0":"post-283139","1":"product","2":"type-product","3":"status-publish","4":"has-post-thumbnail","6":"product_cat-buffets-fr-5","7":"product_cat-loft","8":"product_tag-4242t4-fr","10":"first","11":"instock","12":"shipping-taxable","13":"product-type-simple"},"yoast_head":"<!-- This site is optimized with the Yoast SEO plugin v27.4 - https:\/\/yoast.com\/product\/yoast-seo-wordpress\/ -->\n<title>Buffet 4242 T4 - Canadel<\/title>\n<meta name=\"description\" content=\"Vous cherchez \u00e0 donner une allure \u00e0 la fois moderne et authentique \u00e0 votre demeure\u2009? Ce buffet de la collection Loft est alors l\u2019id\u00e9al. Sa porte coulissante est pratique pour le rangement et cr\u00e9e un effet visuel des plus int\u00e9ressant. Vos vins pr\u00e9f\u00e9r\u00e9s auront aussi leur place sur les tablettes m\u00e9talliques.\" \/>\n<meta name=\"robots\" content=\"index, follow, max-snippet:-1, max-image-preview:large, max-video-preview:-1\" \/>\n<link rel=\"canonical\" href=\"https:\/\/canadel.com\/fr\/collections\/loft\/bancs\/buf042422525rt4\/\" \/>\n<meta property=\"og:locale\" content=\"fr_FR\" \/>\n<meta property=\"og:type\" content=\"article\" \/>\n<meta property=\"og:title\" content=\"Buffet 4242 T4 - Canadel\" \/>\n<meta property=\"og:description\" content=\"Vous cherchez \u00e0 donner une allure \u00e0 la fois moderne et authentique \u00e0 votre demeure\u2009? Ce buffet de la collection Loft est alors l\u2019id\u00e9al. Sa porte coulissante est pratique pour le rangement et cr\u00e9e un effet visuel des plus int\u00e9ressant. Vos vins pr\u00e9f\u00e9r\u00e9s auront aussi leur place sur les tablettes m\u00e9talliques.\" \/>\n<meta property=\"og:url\" content=\"https:\/\/canadel.com\/fr\/collections\/loft\/bancs\/buf042422525rt4\/\" \/>\n<meta property=\"og:site_name\" content=\"Canadel\" \/>\n<meta property=\"article:modified_time\" content=\"2025-11-27T21:59:50+00:00\" \/>\n<meta property=\"og:image\" content=\"https:\/\/canadel.com\/wp-content\/uploads\/BUF042422525RT4_CAM001.jpg\" \/>\n\t<meta property=\"og:image:width\" content=\"2000\" \/>\n\t<meta property=\"og:image:height\" content=\"2000\" \/>\n\t<meta property=\"og:image:type\" content=\"image\/jpeg\" \/>\n<meta name=\"twitter:card\" content=\"summary_large_image\" \/>\n<script type=\"application\/ld+json\" class=\"yoast-schema-graph\">{\"@context\":\"https:\\\/\\\/schema.org\",\"@graph\":[{\"@type\":\"WebPage\",\"@id\":\"https:\\\/\\\/canadel.com\\\/fr\\\/collections\\\/loft\\\/bancs\\\/buf042422525rt4\\\/\",\"url\":\"https:\\\/\\\/canadel.com\\\/fr\\\/collections\\\/loft\\\/bancs\\\/buf042422525rt4\\\/\",\"name\":\"Buffet 4242 T4 - Canadel\",\"isPartOf\":{\"@id\":\"https:\\\/\\\/canadel.com\\\/fr\\\/#website\"},\"primaryImageOfPage\":{\"@id\":\"https:\\\/\\\/canadel.com\\\/fr\\\/collections\\\/loft\\\/bancs\\\/buf042422525rt4\\\/#primaryimage\"},\"image\":{\"@id\":\"https:\\\/\\\/canadel.com\\\/fr\\\/collections\\\/loft\\\/bancs\\\/buf042422525rt4\\\/#primaryimage\"},\"thumbnailUrl\":\"https:\\\/\\\/canadel.com\\\/wp-content\\\/uploads\\\/BUF042422525RT4_CAM001.jpg\",\"datePublished\":\"2025-11-27T21:53:43+00:00\",\"dateModified\":\"2025-11-27T21:59:50+00:00\",\"description\":\"Vous cherchez \u00e0 donner une allure \u00e0 la fois moderne et authentique \u00e0 votre demeure\u2009? Ce buffet de la collection Loft est alors l\u2019id\u00e9al. Sa porte coulissante est pratique pour le rangement et cr\u00e9e un effet visuel des plus int\u00e9ressant. Vos vins pr\u00e9f\u00e9r\u00e9s auront aussi leur place sur les tablettes m\u00e9talliques.\",\"breadcrumb\":{\"@id\":\"https:\\\/\\\/canadel.com\\\/fr\\\/collections\\\/loft\\\/bancs\\\/buf042422525rt4\\\/#breadcrumb\"},\"inLanguage\":\"fr-FR\",\"potentialAction\":[{\"@type\":\"ReadAction\",\"target\":[\"https:\\\/\\\/canadel.com\\\/fr\\\/collections\\\/loft\\\/bancs\\\/buf042422525rt4\\\/\"]}]},{\"@type\":\"ImageObject\",\"inLanguage\":\"fr-FR\",\"@id\":\"https:\\\/\\\/canadel.com\\\/fr\\\/collections\\\/loft\\\/bancs\\\/buf042422525rt4\\\/#primaryimage\",\"url\":\"https:\\\/\\\/canadel.com\\\/wp-content\\\/uploads\\\/BUF042422525RT4_CAM001.jpg\",\"contentUrl\":\"https:\\\/\\\/canadel.com\\\/wp-content\\\/uploads\\\/BUF042422525RT4_CAM001.jpg\",\"width\":2000,\"height\":2000},{\"@type\":\"BreadcrumbList\",\"@id\":\"https:\\\/\\\/canadel.com\\\/fr\\\/collections\\\/loft\\\/bancs\\\/buf042422525rt4\\\/#breadcrumb\",\"itemListElement\":[{\"@type\":\"ListItem\",\"position\":1,\"name\":\"Accueil\",\"item\":\"https:\\\/\\\/canadel.com\\\/fr\\\/\"},{\"@type\":\"ListItem\",\"position\":2,\"name\":\"Shop\",\"item\":\"https:\\\/\\\/canadel.com\\\/?page_id=240655\"},{\"@type\":\"ListItem\",\"position\":3,\"name\":\"Buffet 4242 T4\"}]},{\"@type\":\"WebSite\",\"@id\":\"https:\\\/\\\/canadel.com\\\/fr\\\/#website\",\"url\":\"https:\\\/\\\/canadel.com\\\/fr\\\/\",\"name\":\"Canadel\",\"description\":\"\",\"potentialAction\":[{\"@type\":\"SearchAction\",\"target\":{\"@type\":\"EntryPoint\",\"urlTemplate\":\"https:\\\/\\\/canadel.com\\\/fr\\\/?s={search_term_string}\"},\"query-input\":{\"@type\":\"PropertyValueSpecification\",\"valueRequired\":true,\"valueName\":\"search_term_string\"}}],\"inLanguage\":\"fr-FR\"}]}<\/script>\n<!-- \/ Yoast SEO plugin. -->","yoast_head_json":{"title":"Buffet 4242 T4 - Canadel","description":"Vous cherchez \u00e0 donner une allure \u00e0 la fois moderne et authentique \u00e0 votre demeure\u2009? Ce buffet de la collection Loft est alors l\u2019id\u00e9al. Sa porte coulissante est pratique pour le rangement et cr\u00e9e un effet visuel des plus int\u00e9ressant. Vos vins pr\u00e9f\u00e9r\u00e9s auront aussi leur place sur les tablettes m\u00e9talliques.","robots":{"index":"index","follow":"follow","max-snippet":"max-snippet:-1","max-image-preview":"max-image-preview:large","max-video-preview":"max-video-preview:-1"},"canonical":"https:\/\/canadel.com\/fr\/collections\/loft\/bancs\/buf042422525rt4\/","og_locale":"fr_FR","og_type":"article","og_title":"Buffet 4242 T4 - Canadel","og_description":"Vous cherchez \u00e0 donner une allure \u00e0 la fois moderne et authentique \u00e0 votre demeure\u2009? Ce buffet de la collection Loft est alors l\u2019id\u00e9al. Sa porte coulissante est pratique pour le rangement et cr\u00e9e un effet visuel des plus int\u00e9ressant. Vos vins pr\u00e9f\u00e9r\u00e9s auront aussi leur place sur les tablettes m\u00e9talliques.","og_url":"https:\/\/canadel.com\/fr\/collections\/loft\/bancs\/buf042422525rt4\/","og_site_name":"Canadel","article_modified_time":"2025-11-27T21:59:50+00:00","og_image":[{"width":2000,"height":2000,"url":"https:\/\/canadel.com\/wp-content\/uploads\/BUF042422525RT4_CAM001.jpg","type":"image\/jpeg"}],"twitter_card":"summary_large_image","schema":{"@context":"https:\/\/schema.org","@graph":[{"@type":"WebPage","@id":"https:\/\/canadel.com\/fr\/collections\/loft\/bancs\/buf042422525rt4\/","url":"https:\/\/canadel.com\/fr\/collections\/loft\/bancs\/buf042422525rt4\/","name":"Buffet 4242 T4 - Canadel","isPartOf":{"@id":"https:\/\/canadel.com\/fr\/#website"},"primaryImageOfPage":{"@id":"https:\/\/canadel.com\/fr\/collections\/loft\/bancs\/buf042422525rt4\/#primaryimage"},"image":{"@id":"https:\/\/canadel.com\/fr\/collections\/loft\/bancs\/buf042422525rt4\/#primaryimage"},"thumbnailUrl":"https:\/\/canadel.com\/wp-content\/uploads\/BUF042422525RT4_CAM001.jpg","datePublished":"2025-11-27T21:53:43+00:00","dateModified":"2025-11-27T21:59:50+00:00","description":"Vous cherchez \u00e0 donner une allure \u00e0 la fois moderne et authentique \u00e0 votre demeure\u2009? Ce buffet de la collection Loft est alors l\u2019id\u00e9al. Sa porte coulissante est pratique pour le rangement et cr\u00e9e un effet visuel des plus int\u00e9ressant. Vos vins pr\u00e9f\u00e9r\u00e9s auront aussi leur place sur les tablettes m\u00e9talliques.","breadcrumb":{"@id":"https:\/\/canadel.com\/fr\/collections\/loft\/bancs\/buf042422525rt4\/#breadcrumb"},"inLanguage":"fr-FR","potentialAction":[{"@type":"ReadAction","target":["https:\/\/canadel.com\/fr\/collections\/loft\/bancs\/buf042422525rt4\/"]}]},{"@type":"ImageObject","inLanguage":"fr-FR","@id":"https:\/\/canadel.com\/fr\/collections\/loft\/bancs\/buf042422525rt4\/#primaryimage","url":"https:\/\/canadel.com\/wp-content\/uploads\/BUF042422525RT4_CAM001.jpg","contentUrl":"https:\/\/canadel.com\/wp-content\/uploads\/BUF042422525RT4_CAM001.jpg","width":2000,"height":2000},{"@type":"BreadcrumbList","@id":"https:\/\/canadel.com\/fr\/collections\/loft\/bancs\/buf042422525rt4\/#breadcrumb","itemListElement":[{"@type":"ListItem","position":1,"name":"Accueil","item":"https:\/\/canadel.com\/fr\/"},{"@type":"ListItem","position":2,"name":"Shop","item":"https:\/\/canadel.com\/?page_id=240655"},{"@type":"ListItem","position":3,"name":"Buffet 4242 T4"}]},{"@type":"WebSite","@id":"https:\/\/canadel.com\/fr\/#website","url":"https:\/\/canadel.com\/fr\/","name":"Canadel","description":"","potentialAction":[{"@type":"SearchAction","target":{"@type":"EntryPoint","urlTemplate":"https:\/\/canadel.com\/fr\/?s={search_term_string}"},"query-input":{"@type":"PropertyValueSpecification","valueRequired":true,"valueName":"search_term_string"}}],"inLanguage":"fr-FR"}]}},"_links":{"self":[{"href":"https:\/\/canadel.com\/fr\/wp-json\/wp\/v2\/product\/283139","targetHints":{"allow":["GET"]}}],"collection":[{"href":"https:\/\/canadel.com\/fr\/wp-json\/wp\/v2\/product"}],"about":[{"href":"https:\/\/canadel.com\/fr\/wp-json\/wp\/v2\/types\/product"}],"replies":[{"embeddable":true,"href":"https:\/\/canadel.com\/fr\/wp-json\/wp\/v2\/comments?post=283139"}],"wp:featuredmedia":[{"embeddable":true,"href":"https:\/\/canadel.com\/fr\/wp-json\/wp\/v2\/media\/271867"}],"wp:attachment":[{"href":"https:\/\/canadel.com\/fr\/wp-json\/wp\/v2\/media?parent=283139"}],"wp:term":[{"taxonomy":"product_brand","embeddable":true,"href":"https:\/\/canadel.com\/fr\/wp-json\/wp\/v2\/product_brand?post=283139"},{"taxonomy":"product_cat","embeddable":true,"href":"https:\/\/canadel.com\/fr\/wp-json\/wp\/v2\/product_cat?post=283139"},{"taxonomy":"product_tag","embeddable":true,"href":"https:\/\/canadel.com\/fr\/wp-json\/wp\/v2\/product_tag?post=283139"}],"curies":[{"name":"wp","href":"https:\/\/api.w.org\/{rel}","templated":true}]}}