
{"id":283722,"date":"2025-11-28T10:58:25","date_gmt":"2025-11-28T15:58:25","guid":{"rendered":"https:\/\/canadel.com\/?post_type=product&#038;p=283722"},"modified":"2025-11-28T11:13:45","modified_gmt":"2025-11-28T16:13:45","slug":"chaise-5162","status":"publish","type":"product","link":"https:\/\/canadel.com\/fr\/collections\/champlain\/chaises\/cnn051620808dna\/","title":{"rendered":"Chaise 5162"},"content":{"rendered":"<p><i>SKU: <div  class=\"pods-ui-notice pods-ui-notice-notice pods-ui-notice-notice-error pods-ui-notice-is-dismissible pods-ui-notice-front\"><p><strong>Pods Embed Error:<\/strong> Pod non trouv\u00e9.<\/p><\/div><\/i><\/p>\n<p><i>Couleur illustr\u00e9e: <div  class=\"pods-ui-notice pods-ui-notice-notice pods-ui-notice-notice-error pods-ui-notice-is-dismissible pods-ui-notice-front\"><p><strong>Pods Embed Error:<\/strong> Pod non trouv\u00e9.<\/p><\/div><\/i><br \/>\n<i>Si\u00e8ge illustr\u00e9: <div  class=\"pods-ui-notice pods-ui-notice-notice pods-ui-notice-notice-error pods-ui-notice-is-dismissible pods-ui-notice-front\"><p><strong>Pods Embed Error:<\/strong> Pod non trouv\u00e9.<\/p><\/div><\/i><br \/>\n<i>Fini illustr\u00e9: <div  class=\"pods-ui-notice pods-ui-notice-notice pods-ui-notice-notice-error pods-ui-notice-is-dismissible pods-ui-notice-front\"><p><strong>Pods Embed Error:<\/strong> Pod non trouv\u00e9.<\/p><\/div><\/i><\/p>\n<div  class=\"pods-ui-notice pods-ui-notice-notice pods-ui-notice-notice-error pods-ui-notice-is-dismissible pods-ui-notice-front\"><p><strong>Pods Embed Error:<\/strong> Pod non trouv\u00e9.<\/p><\/div>\n<p><b>Caract\u00e9ristiques<\/b><br \/>\n<div  class=\"pods-ui-notice pods-ui-notice-notice pods-ui-notice-notice-error pods-ui-notice-is-dismissible pods-ui-notice-front\"><p><strong>Pods Embed Error:<\/strong> Pod non trouv\u00e9.<\/p><\/div><\/p>\n<p><b>Dimensions<\/b><br \/>\nL <div  class=\"pods-ui-notice pods-ui-notice-notice pods-ui-notice-notice-error pods-ui-notice-is-dismissible pods-ui-notice-front\"><p><strong>Pods Embed Error:<\/strong> Pod non trouv\u00e9.<\/p><\/div>\u201d X P <div  class=\"pods-ui-notice pods-ui-notice-notice pods-ui-notice-notice-error pods-ui-notice-is-dismissible pods-ui-notice-front\"><p><strong>Pods Embed Error:<\/strong> Pod non trouv\u00e9.<\/p><\/div>\u201d X H <div  class=\"pods-ui-notice pods-ui-notice-notice pods-ui-notice-notice-error pods-ui-notice-is-dismissible pods-ui-notice-front\"><p><strong>Pods Embed Error:<\/strong> Pod non trouv\u00e9.<\/p><\/div>\u201d<\/p>\n<div  class=\"pods-ui-notice pods-ui-notice-notice pods-ui-notice-notice-error pods-ui-notice-is-dismissible pods-ui-notice-front\"><p><strong>Pods Embed Error:<\/strong> Pod non trouv\u00e9.<\/p><\/div>\n<p><b>Produit Assorti<\/b><br \/>\n<a href=\"&lt;\/strong&gt; Pod non trouv\u00e9.&lt;\/p&gt;&lt;\/div&gt;\">Tabouret <div  class=\"pods-ui-notice pods-ui-notice-notice pods-ui-notice-notice-error pods-ui-notice-is-dismissible pods-ui-notice-front\"><p><strong>Pods Embed Error:<\/strong> Pod non trouv\u00e9.<\/p><\/div><\/a><\/p>\n","protected":false},"excerpt":{"rendered":"<p>SKU: Couleur illustr\u00e9e: Si\u00e8ge illustr\u00e9: Fini illustr\u00e9: Caract\u00e9ristiques Dimensions L \u201d X P \u201d X H \u201d Produit Assorti Tabouret<\/p>\n","protected":false},"featured_media":250596,"comment_status":"open","ping_status":"closed","template":"","meta":{"_et_pb_use_builder":"","_et_pb_old_content":"","_et_gb_content_width":""},"product_brand":[],"product_cat":[237,236],"product_tag":[860],"class_list":{"0":"post-283722","1":"product","2":"type-product","3":"status-publish","4":"has-post-thumbnail","6":"product_cat-chaises","7":"product_cat-champlain-fr","8":"product_tag-5162-fr","10":"first","11":"instock","12":"shipping-taxable","13":"product-type-simple"},"yoast_head":"<!-- This site is optimized with the Yoast SEO plugin v27.4 - https:\/\/yoast.com\/product\/yoast-seo-wordpress\/ -->\n<title>Chaise 5162 - Canadel<\/title>\n<meta name=\"description\" content=\"Les chaises \u00e0 barreaux de style champ\u00eatre enti\u00e8rement con\u00e7ues en bois au fini rustique sont des plus tendance et garderont la cote \u00e0 travers les ann\u00e9es gr\u00e2ce \u00e0 leur apparence intemporelle, chic et naturelle.\" \/>\n<meta name=\"robots\" content=\"index, follow, max-snippet:-1, max-image-preview:large, max-video-preview:-1\" \/>\n<link rel=\"canonical\" href=\"https:\/\/canadel.com\/fr\/collections\/champlain\/chaises\/cnn051620808dna\/\" \/>\n<meta property=\"og:locale\" content=\"fr_FR\" \/>\n<meta property=\"og:type\" content=\"article\" \/>\n<meta property=\"og:title\" content=\"Chaise 5162 - Canadel\" \/>\n<meta property=\"og:description\" content=\"Les chaises \u00e0 barreaux de style champ\u00eatre enti\u00e8rement con\u00e7ues en bois au fini rustique sont des plus tendance et garderont la cote \u00e0 travers les ann\u00e9es gr\u00e2ce \u00e0 leur apparence intemporelle, chic et naturelle.\" \/>\n<meta property=\"og:url\" content=\"https:\/\/canadel.com\/fr\/collections\/champlain\/chaises\/cnn051620808dna\/\" \/>\n<meta property=\"og:site_name\" content=\"Canadel\" \/>\n<meta property=\"article:modified_time\" content=\"2025-11-28T16:13:45+00:00\" \/>\n<meta property=\"og:image\" content=\"https:\/\/canadel.com\/wp-content\/uploads\/CNN051620808DNA_CAM001.png\" \/>\n\t<meta property=\"og:image:width\" content=\"2000\" \/>\n\t<meta property=\"og:image:height\" content=\"2000\" \/>\n\t<meta property=\"og:image:type\" content=\"image\/png\" \/>\n<meta name=\"twitter:card\" content=\"summary_large_image\" \/>\n<script type=\"application\/ld+json\" class=\"yoast-schema-graph\">{\"@context\":\"https:\\\/\\\/schema.org\",\"@graph\":[{\"@type\":\"WebPage\",\"@id\":\"https:\\\/\\\/canadel.com\\\/fr\\\/collections\\\/champlain\\\/chaises\\\/cnn051620808dna\\\/\",\"url\":\"https:\\\/\\\/canadel.com\\\/fr\\\/collections\\\/champlain\\\/chaises\\\/cnn051620808dna\\\/\",\"name\":\"Chaise 5162 - Canadel\",\"isPartOf\":{\"@id\":\"https:\\\/\\\/canadel.com\\\/fr\\\/#website\"},\"primaryImageOfPage\":{\"@id\":\"https:\\\/\\\/canadel.com\\\/fr\\\/collections\\\/champlain\\\/chaises\\\/cnn051620808dna\\\/#primaryimage\"},\"image\":{\"@id\":\"https:\\\/\\\/canadel.com\\\/fr\\\/collections\\\/champlain\\\/chaises\\\/cnn051620808dna\\\/#primaryimage\"},\"thumbnailUrl\":\"https:\\\/\\\/canadel.com\\\/wp-content\\\/uploads\\\/CNN051620808DNA_CAM001.png\",\"datePublished\":\"2025-11-28T15:58:25+00:00\",\"dateModified\":\"2025-11-28T16:13:45+00:00\",\"description\":\"Les chaises \u00e0 barreaux de style champ\u00eatre enti\u00e8rement con\u00e7ues en bois au fini rustique sont des plus tendance et garderont la cote \u00e0 travers les ann\u00e9es gr\u00e2ce \u00e0 leur apparence intemporelle, chic et naturelle.\",\"breadcrumb\":{\"@id\":\"https:\\\/\\\/canadel.com\\\/fr\\\/collections\\\/champlain\\\/chaises\\\/cnn051620808dna\\\/#breadcrumb\"},\"inLanguage\":\"fr-FR\",\"potentialAction\":[{\"@type\":\"ReadAction\",\"target\":[\"https:\\\/\\\/canadel.com\\\/fr\\\/collections\\\/champlain\\\/chaises\\\/cnn051620808dna\\\/\"]}]},{\"@type\":\"ImageObject\",\"inLanguage\":\"fr-FR\",\"@id\":\"https:\\\/\\\/canadel.com\\\/fr\\\/collections\\\/champlain\\\/chaises\\\/cnn051620808dna\\\/#primaryimage\",\"url\":\"https:\\\/\\\/canadel.com\\\/wp-content\\\/uploads\\\/CNN051620808DNA_CAM001.png\",\"contentUrl\":\"https:\\\/\\\/canadel.com\\\/wp-content\\\/uploads\\\/CNN051620808DNA_CAM001.png\",\"width\":2000,\"height\":2000},{\"@type\":\"BreadcrumbList\",\"@id\":\"https:\\\/\\\/canadel.com\\\/fr\\\/collections\\\/champlain\\\/chaises\\\/cnn051620808dna\\\/#breadcrumb\",\"itemListElement\":[{\"@type\":\"ListItem\",\"position\":1,\"name\":\"Accueil\",\"item\":\"https:\\\/\\\/canadel.com\\\/fr\\\/\"},{\"@type\":\"ListItem\",\"position\":2,\"name\":\"Shop\",\"item\":\"https:\\\/\\\/canadel.com\\\/?page_id=240655\"},{\"@type\":\"ListItem\",\"position\":3,\"name\":\"Chaise 5162\"}]},{\"@type\":\"WebSite\",\"@id\":\"https:\\\/\\\/canadel.com\\\/fr\\\/#website\",\"url\":\"https:\\\/\\\/canadel.com\\\/fr\\\/\",\"name\":\"Canadel\",\"description\":\"\",\"potentialAction\":[{\"@type\":\"SearchAction\",\"target\":{\"@type\":\"EntryPoint\",\"urlTemplate\":\"https:\\\/\\\/canadel.com\\\/fr\\\/?s={search_term_string}\"},\"query-input\":{\"@type\":\"PropertyValueSpecification\",\"valueRequired\":true,\"valueName\":\"search_term_string\"}}],\"inLanguage\":\"fr-FR\"}]}<\/script>\n<!-- \/ Yoast SEO plugin. -->","yoast_head_json":{"title":"Chaise 5162 - Canadel","description":"Les chaises \u00e0 barreaux de style champ\u00eatre enti\u00e8rement con\u00e7ues en bois au fini rustique sont des plus tendance et garderont la cote \u00e0 travers les ann\u00e9es gr\u00e2ce \u00e0 leur apparence intemporelle, chic et naturelle.","robots":{"index":"index","follow":"follow","max-snippet":"max-snippet:-1","max-image-preview":"max-image-preview:large","max-video-preview":"max-video-preview:-1"},"canonical":"https:\/\/canadel.com\/fr\/collections\/champlain\/chaises\/cnn051620808dna\/","og_locale":"fr_FR","og_type":"article","og_title":"Chaise 5162 - Canadel","og_description":"Les chaises \u00e0 barreaux de style champ\u00eatre enti\u00e8rement con\u00e7ues en bois au fini rustique sont des plus tendance et garderont la cote \u00e0 travers les ann\u00e9es gr\u00e2ce \u00e0 leur apparence intemporelle, chic et naturelle.","og_url":"https:\/\/canadel.com\/fr\/collections\/champlain\/chaises\/cnn051620808dna\/","og_site_name":"Canadel","article_modified_time":"2025-11-28T16:13:45+00:00","og_image":[{"width":2000,"height":2000,"url":"https:\/\/canadel.com\/wp-content\/uploads\/CNN051620808DNA_CAM001.png","type":"image\/png"}],"twitter_card":"summary_large_image","schema":{"@context":"https:\/\/schema.org","@graph":[{"@type":"WebPage","@id":"https:\/\/canadel.com\/fr\/collections\/champlain\/chaises\/cnn051620808dna\/","url":"https:\/\/canadel.com\/fr\/collections\/champlain\/chaises\/cnn051620808dna\/","name":"Chaise 5162 - Canadel","isPartOf":{"@id":"https:\/\/canadel.com\/fr\/#website"},"primaryImageOfPage":{"@id":"https:\/\/canadel.com\/fr\/collections\/champlain\/chaises\/cnn051620808dna\/#primaryimage"},"image":{"@id":"https:\/\/canadel.com\/fr\/collections\/champlain\/chaises\/cnn051620808dna\/#primaryimage"},"thumbnailUrl":"https:\/\/canadel.com\/wp-content\/uploads\/CNN051620808DNA_CAM001.png","datePublished":"2025-11-28T15:58:25+00:00","dateModified":"2025-11-28T16:13:45+00:00","description":"Les chaises \u00e0 barreaux de style champ\u00eatre enti\u00e8rement con\u00e7ues en bois au fini rustique sont des plus tendance et garderont la cote \u00e0 travers les ann\u00e9es gr\u00e2ce \u00e0 leur apparence intemporelle, chic et naturelle.","breadcrumb":{"@id":"https:\/\/canadel.com\/fr\/collections\/champlain\/chaises\/cnn051620808dna\/#breadcrumb"},"inLanguage":"fr-FR","potentialAction":[{"@type":"ReadAction","target":["https:\/\/canadel.com\/fr\/collections\/champlain\/chaises\/cnn051620808dna\/"]}]},{"@type":"ImageObject","inLanguage":"fr-FR","@id":"https:\/\/canadel.com\/fr\/collections\/champlain\/chaises\/cnn051620808dna\/#primaryimage","url":"https:\/\/canadel.com\/wp-content\/uploads\/CNN051620808DNA_CAM001.png","contentUrl":"https:\/\/canadel.com\/wp-content\/uploads\/CNN051620808DNA_CAM001.png","width":2000,"height":2000},{"@type":"BreadcrumbList","@id":"https:\/\/canadel.com\/fr\/collections\/champlain\/chaises\/cnn051620808dna\/#breadcrumb","itemListElement":[{"@type":"ListItem","position":1,"name":"Accueil","item":"https:\/\/canadel.com\/fr\/"},{"@type":"ListItem","position":2,"name":"Shop","item":"https:\/\/canadel.com\/?page_id=240655"},{"@type":"ListItem","position":3,"name":"Chaise 5162"}]},{"@type":"WebSite","@id":"https:\/\/canadel.com\/fr\/#website","url":"https:\/\/canadel.com\/fr\/","name":"Canadel","description":"","potentialAction":[{"@type":"SearchAction","target":{"@type":"EntryPoint","urlTemplate":"https:\/\/canadel.com\/fr\/?s={search_term_string}"},"query-input":{"@type":"PropertyValueSpecification","valueRequired":true,"valueName":"search_term_string"}}],"inLanguage":"fr-FR"}]}},"_links":{"self":[{"href":"https:\/\/canadel.com\/fr\/wp-json\/wp\/v2\/product\/283722","targetHints":{"allow":["GET"]}}],"collection":[{"href":"https:\/\/canadel.com\/fr\/wp-json\/wp\/v2\/product"}],"about":[{"href":"https:\/\/canadel.com\/fr\/wp-json\/wp\/v2\/types\/product"}],"replies":[{"embeddable":true,"href":"https:\/\/canadel.com\/fr\/wp-json\/wp\/v2\/comments?post=283722"}],"wp:featuredmedia":[{"embeddable":true,"href":"https:\/\/canadel.com\/fr\/wp-json\/wp\/v2\/media\/250596"}],"wp:attachment":[{"href":"https:\/\/canadel.com\/fr\/wp-json\/wp\/v2\/media?parent=283722"}],"wp:term":[{"taxonomy":"product_brand","embeddable":true,"href":"https:\/\/canadel.com\/fr\/wp-json\/wp\/v2\/product_brand?post=283722"},{"taxonomy":"product_cat","embeddable":true,"href":"https:\/\/canadel.com\/fr\/wp-json\/wp\/v2\/product_cat?post=283722"},{"taxonomy":"product_tag","embeddable":true,"href":"https:\/\/canadel.com\/fr\/wp-json\/wp\/v2\/product_tag?post=283722"}],"curies":[{"name":"wp","href":"https:\/\/api.w.org\/{rel}","templated":true}]}}