
{"id":283802,"date":"2025-11-28T11:04:06","date_gmt":"2025-11-28T16:04:06","guid":{"rendered":"https:\/\/canadel.com\/?post_type=product&#038;p=283802"},"modified":"2025-11-28T11:15:38","modified_gmt":"2025-11-28T16:15:38","slug":"chaise-5191","status":"publish","type":"product","link":"https:\/\/canadel.com\/fr\/collections\/downtown\/chaises\/cnn05191tw05mna\/","title":{"rendered":"Chaise 5191"},"content":{"rendered":"<p><i>SKU: <div  class=\"pods-ui-notice pods-ui-notice-notice pods-ui-notice-notice-error pods-ui-notice-is-dismissible pods-ui-notice-front\"><p><strong>Pods Embed Error:<\/strong> Pod non trouv\u00e9.<\/p><\/div><\/i><\/p>\n<p><i>Couleur illustr\u00e9e: <div  class=\"pods-ui-notice pods-ui-notice-notice pods-ui-notice-notice-error pods-ui-notice-is-dismissible pods-ui-notice-front\"><p><strong>Pods Embed Error:<\/strong> Pod non trouv\u00e9.<\/p><\/div><\/i><br \/>\n<i>Si\u00e8ge illustr\u00e9: <div  class=\"pods-ui-notice pods-ui-notice-notice pods-ui-notice-notice-error pods-ui-notice-is-dismissible pods-ui-notice-front\"><p><strong>Pods Embed Error:<\/strong> Pod non trouv\u00e9.<\/p><\/div><\/i><br \/>\n<i>Fini illustr\u00e9: <div  class=\"pods-ui-notice pods-ui-notice-notice pods-ui-notice-notice-error pods-ui-notice-is-dismissible pods-ui-notice-front\"><p><strong>Pods Embed Error:<\/strong> Pod non trouv\u00e9.<\/p><\/div><\/i><\/p>\n<div  class=\"pods-ui-notice pods-ui-notice-notice pods-ui-notice-notice-error pods-ui-notice-is-dismissible pods-ui-notice-front\"><p><strong>Pods Embed Error:<\/strong> Pod non trouv\u00e9.<\/p><\/div>\n<p><b>Caract\u00e9ristiques<\/b><br \/>\n<div  class=\"pods-ui-notice pods-ui-notice-notice pods-ui-notice-notice-error pods-ui-notice-is-dismissible pods-ui-notice-front\"><p><strong>Pods Embed Error:<\/strong> Pod non trouv\u00e9.<\/p><\/div><\/p>\n<p><b>Dimensions<\/b><br \/>\nDimensions hors tout: L <div  class=\"pods-ui-notice pods-ui-notice-notice pods-ui-notice-notice-error pods-ui-notice-is-dismissible pods-ui-notice-front\"><p><strong>Pods Embed Error:<\/strong> Pod non trouv\u00e9.<\/p><\/div>\u201d X P <div  class=\"pods-ui-notice pods-ui-notice-notice pods-ui-notice-notice-error pods-ui-notice-is-dismissible pods-ui-notice-front\"><p><strong>Pods Embed Error:<\/strong> Pod non trouv\u00e9.<\/p><\/div>\u201d X H <div  class=\"pods-ui-notice pods-ui-notice-notice pods-ui-notice-notice-error pods-ui-notice-is-dismissible pods-ui-notice-front\"><p><strong>Pods Embed Error:<\/strong> Pod non trouv\u00e9.<\/p><\/div>\u201d<\/p>\n","protected":false},"excerpt":{"rendered":"<p>SKU: Couleur illustr\u00e9e: Si\u00e8ge illustr\u00e9: Fini illustr\u00e9: Caract\u00e9ristiques Dimensions Dimensions hors tout: L \u201d X P \u201d X H \u201d<\/p>\n","protected":false},"featured_media":255771,"comment_status":"open","ping_status":"closed","template":"","meta":{"_et_pb_use_builder":"","_et_pb_old_content":"","_et_gb_content_width":""},"product_brand":[],"product_cat":[732,239],"product_tag":[2768],"class_list":{"0":"post-283802","1":"product","2":"type-product","3":"status-publish","4":"has-post-thumbnail","6":"product_cat-chaises-fr-2","7":"product_cat-downtown-fr","8":"product_tag-2768","10":"first","11":"instock","12":"shipping-taxable","13":"product-type-simple"},"yoast_head":"<!-- This site is optimized with the Yoast SEO plugin v27.4 - https:\/\/yoast.com\/product\/yoast-seo-wordpress\/ -->\n<title>Chaise 5191 - Canadel<\/title>\n<meta name=\"description\" content=\"Cette chaise \u00e0 la fois contemporaine et r\u00e9tro est d\u2019une beaut\u00e9 sans pareil. Un splendide dossier de bois incurv\u00e9 muni d\u2019accoudoirs et un si\u00e8ge rembourr\u00e9 ultra confortable ne peuvent que cr\u00e9er un mod\u00e8le embl\u00e9matique. Il s\u2019agit d\u2019un \u00e9l\u00e9ment unique qui rehaussera compl\u00e8tement votre d\u00e9cor.\" \/>\n<meta name=\"robots\" content=\"index, follow, max-snippet:-1, max-image-preview:large, max-video-preview:-1\" \/>\n<link rel=\"canonical\" href=\"https:\/\/canadel.com\/fr\/collections\/downtown\/chaises\/cnn05191tw05mna\/\" \/>\n<meta property=\"og:locale\" content=\"fr_FR\" \/>\n<meta property=\"og:type\" content=\"article\" \/>\n<meta property=\"og:title\" content=\"Chaise 5191 - Canadel\" \/>\n<meta property=\"og:description\" content=\"Cette chaise \u00e0 la fois contemporaine et r\u00e9tro est d\u2019une beaut\u00e9 sans pareil. Un splendide dossier de bois incurv\u00e9 muni d\u2019accoudoirs et un si\u00e8ge rembourr\u00e9 ultra confortable ne peuvent que cr\u00e9er un mod\u00e8le embl\u00e9matique. Il s\u2019agit d\u2019un \u00e9l\u00e9ment unique qui rehaussera compl\u00e8tement votre d\u00e9cor.\" \/>\n<meta property=\"og:url\" content=\"https:\/\/canadel.com\/fr\/collections\/downtown\/chaises\/cnn05191tw05mna\/\" \/>\n<meta property=\"og:site_name\" content=\"Canadel\" \/>\n<meta property=\"article:modified_time\" content=\"2025-11-28T16:15:38+00:00\" \/>\n<meta property=\"og:image\" content=\"https:\/\/canadel.com\/wp-content\/uploads\/CNN05191TW05MNA_CAM001.jpg\" \/>\n\t<meta property=\"og:image:width\" content=\"2000\" \/>\n\t<meta property=\"og:image:height\" content=\"2000\" \/>\n\t<meta property=\"og:image:type\" content=\"image\/jpeg\" \/>\n<meta name=\"twitter:card\" content=\"summary_large_image\" \/>\n<script type=\"application\/ld+json\" class=\"yoast-schema-graph\">{\"@context\":\"https:\\\/\\\/schema.org\",\"@graph\":[{\"@type\":\"WebPage\",\"@id\":\"https:\\\/\\\/canadel.com\\\/fr\\\/collections\\\/downtown\\\/chaises\\\/cnn05191tw05mna\\\/\",\"url\":\"https:\\\/\\\/canadel.com\\\/fr\\\/collections\\\/downtown\\\/chaises\\\/cnn05191tw05mna\\\/\",\"name\":\"Chaise 5191 - Canadel\",\"isPartOf\":{\"@id\":\"https:\\\/\\\/canadel.com\\\/fr\\\/#website\"},\"primaryImageOfPage\":{\"@id\":\"https:\\\/\\\/canadel.com\\\/fr\\\/collections\\\/downtown\\\/chaises\\\/cnn05191tw05mna\\\/#primaryimage\"},\"image\":{\"@id\":\"https:\\\/\\\/canadel.com\\\/fr\\\/collections\\\/downtown\\\/chaises\\\/cnn05191tw05mna\\\/#primaryimage\"},\"thumbnailUrl\":\"https:\\\/\\\/canadel.com\\\/wp-content\\\/uploads\\\/CNN05191TW05MNA_CAM001.jpg\",\"datePublished\":\"2025-11-28T16:04:06+00:00\",\"dateModified\":\"2025-11-28T16:15:38+00:00\",\"description\":\"Cette chaise \u00e0 la fois contemporaine et r\u00e9tro est d\u2019une beaut\u00e9 sans pareil. Un splendide dossier de bois incurv\u00e9 muni d\u2019accoudoirs et un si\u00e8ge rembourr\u00e9 ultra confortable ne peuvent que cr\u00e9er un mod\u00e8le embl\u00e9matique. Il s\u2019agit d\u2019un \u00e9l\u00e9ment unique qui rehaussera compl\u00e8tement votre d\u00e9cor.\",\"breadcrumb\":{\"@id\":\"https:\\\/\\\/canadel.com\\\/fr\\\/collections\\\/downtown\\\/chaises\\\/cnn05191tw05mna\\\/#breadcrumb\"},\"inLanguage\":\"fr-FR\",\"potentialAction\":[{\"@type\":\"ReadAction\",\"target\":[\"https:\\\/\\\/canadel.com\\\/fr\\\/collections\\\/downtown\\\/chaises\\\/cnn05191tw05mna\\\/\"]}]},{\"@type\":\"ImageObject\",\"inLanguage\":\"fr-FR\",\"@id\":\"https:\\\/\\\/canadel.com\\\/fr\\\/collections\\\/downtown\\\/chaises\\\/cnn05191tw05mna\\\/#primaryimage\",\"url\":\"https:\\\/\\\/canadel.com\\\/wp-content\\\/uploads\\\/CNN05191TW05MNA_CAM001.jpg\",\"contentUrl\":\"https:\\\/\\\/canadel.com\\\/wp-content\\\/uploads\\\/CNN05191TW05MNA_CAM001.jpg\",\"width\":2000,\"height\":2000},{\"@type\":\"BreadcrumbList\",\"@id\":\"https:\\\/\\\/canadel.com\\\/fr\\\/collections\\\/downtown\\\/chaises\\\/cnn05191tw05mna\\\/#breadcrumb\",\"itemListElement\":[{\"@type\":\"ListItem\",\"position\":1,\"name\":\"Accueil\",\"item\":\"https:\\\/\\\/canadel.com\\\/fr\\\/\"},{\"@type\":\"ListItem\",\"position\":2,\"name\":\"Shop\",\"item\":\"https:\\\/\\\/canadel.com\\\/?page_id=240655\"},{\"@type\":\"ListItem\",\"position\":3,\"name\":\"Chaise 5191\"}]},{\"@type\":\"WebSite\",\"@id\":\"https:\\\/\\\/canadel.com\\\/fr\\\/#website\",\"url\":\"https:\\\/\\\/canadel.com\\\/fr\\\/\",\"name\":\"Canadel\",\"description\":\"\",\"potentialAction\":[{\"@type\":\"SearchAction\",\"target\":{\"@type\":\"EntryPoint\",\"urlTemplate\":\"https:\\\/\\\/canadel.com\\\/fr\\\/?s={search_term_string}\"},\"query-input\":{\"@type\":\"PropertyValueSpecification\",\"valueRequired\":true,\"valueName\":\"search_term_string\"}}],\"inLanguage\":\"fr-FR\"}]}<\/script>\n<!-- \/ Yoast SEO plugin. -->","yoast_head_json":{"title":"Chaise 5191 - Canadel","description":"Cette chaise \u00e0 la fois contemporaine et r\u00e9tro est d\u2019une beaut\u00e9 sans pareil. Un splendide dossier de bois incurv\u00e9 muni d\u2019accoudoirs et un si\u00e8ge rembourr\u00e9 ultra confortable ne peuvent que cr\u00e9er un mod\u00e8le embl\u00e9matique. Il s\u2019agit d\u2019un \u00e9l\u00e9ment unique qui rehaussera compl\u00e8tement votre d\u00e9cor.","robots":{"index":"index","follow":"follow","max-snippet":"max-snippet:-1","max-image-preview":"max-image-preview:large","max-video-preview":"max-video-preview:-1"},"canonical":"https:\/\/canadel.com\/fr\/collections\/downtown\/chaises\/cnn05191tw05mna\/","og_locale":"fr_FR","og_type":"article","og_title":"Chaise 5191 - Canadel","og_description":"Cette chaise \u00e0 la fois contemporaine et r\u00e9tro est d\u2019une beaut\u00e9 sans pareil. Un splendide dossier de bois incurv\u00e9 muni d\u2019accoudoirs et un si\u00e8ge rembourr\u00e9 ultra confortable ne peuvent que cr\u00e9er un mod\u00e8le embl\u00e9matique. Il s\u2019agit d\u2019un \u00e9l\u00e9ment unique qui rehaussera compl\u00e8tement votre d\u00e9cor.","og_url":"https:\/\/canadel.com\/fr\/collections\/downtown\/chaises\/cnn05191tw05mna\/","og_site_name":"Canadel","article_modified_time":"2025-11-28T16:15:38+00:00","og_image":[{"width":2000,"height":2000,"url":"https:\/\/canadel.com\/wp-content\/uploads\/CNN05191TW05MNA_CAM001.jpg","type":"image\/jpeg"}],"twitter_card":"summary_large_image","schema":{"@context":"https:\/\/schema.org","@graph":[{"@type":"WebPage","@id":"https:\/\/canadel.com\/fr\/collections\/downtown\/chaises\/cnn05191tw05mna\/","url":"https:\/\/canadel.com\/fr\/collections\/downtown\/chaises\/cnn05191tw05mna\/","name":"Chaise 5191 - Canadel","isPartOf":{"@id":"https:\/\/canadel.com\/fr\/#website"},"primaryImageOfPage":{"@id":"https:\/\/canadel.com\/fr\/collections\/downtown\/chaises\/cnn05191tw05mna\/#primaryimage"},"image":{"@id":"https:\/\/canadel.com\/fr\/collections\/downtown\/chaises\/cnn05191tw05mna\/#primaryimage"},"thumbnailUrl":"https:\/\/canadel.com\/wp-content\/uploads\/CNN05191TW05MNA_CAM001.jpg","datePublished":"2025-11-28T16:04:06+00:00","dateModified":"2025-11-28T16:15:38+00:00","description":"Cette chaise \u00e0 la fois contemporaine et r\u00e9tro est d\u2019une beaut\u00e9 sans pareil. Un splendide dossier de bois incurv\u00e9 muni d\u2019accoudoirs et un si\u00e8ge rembourr\u00e9 ultra confortable ne peuvent que cr\u00e9er un mod\u00e8le embl\u00e9matique. Il s\u2019agit d\u2019un \u00e9l\u00e9ment unique qui rehaussera compl\u00e8tement votre d\u00e9cor.","breadcrumb":{"@id":"https:\/\/canadel.com\/fr\/collections\/downtown\/chaises\/cnn05191tw05mna\/#breadcrumb"},"inLanguage":"fr-FR","potentialAction":[{"@type":"ReadAction","target":["https:\/\/canadel.com\/fr\/collections\/downtown\/chaises\/cnn05191tw05mna\/"]}]},{"@type":"ImageObject","inLanguage":"fr-FR","@id":"https:\/\/canadel.com\/fr\/collections\/downtown\/chaises\/cnn05191tw05mna\/#primaryimage","url":"https:\/\/canadel.com\/wp-content\/uploads\/CNN05191TW05MNA_CAM001.jpg","contentUrl":"https:\/\/canadel.com\/wp-content\/uploads\/CNN05191TW05MNA_CAM001.jpg","width":2000,"height":2000},{"@type":"BreadcrumbList","@id":"https:\/\/canadel.com\/fr\/collections\/downtown\/chaises\/cnn05191tw05mna\/#breadcrumb","itemListElement":[{"@type":"ListItem","position":1,"name":"Accueil","item":"https:\/\/canadel.com\/fr\/"},{"@type":"ListItem","position":2,"name":"Shop","item":"https:\/\/canadel.com\/?page_id=240655"},{"@type":"ListItem","position":3,"name":"Chaise 5191"}]},{"@type":"WebSite","@id":"https:\/\/canadel.com\/fr\/#website","url":"https:\/\/canadel.com\/fr\/","name":"Canadel","description":"","potentialAction":[{"@type":"SearchAction","target":{"@type":"EntryPoint","urlTemplate":"https:\/\/canadel.com\/fr\/?s={search_term_string}"},"query-input":{"@type":"PropertyValueSpecification","valueRequired":true,"valueName":"search_term_string"}}],"inLanguage":"fr-FR"}]}},"_links":{"self":[{"href":"https:\/\/canadel.com\/fr\/wp-json\/wp\/v2\/product\/283802","targetHints":{"allow":["GET"]}}],"collection":[{"href":"https:\/\/canadel.com\/fr\/wp-json\/wp\/v2\/product"}],"about":[{"href":"https:\/\/canadel.com\/fr\/wp-json\/wp\/v2\/types\/product"}],"replies":[{"embeddable":true,"href":"https:\/\/canadel.com\/fr\/wp-json\/wp\/v2\/comments?post=283802"}],"wp:featuredmedia":[{"embeddable":true,"href":"https:\/\/canadel.com\/fr\/wp-json\/wp\/v2\/media\/255771"}],"wp:attachment":[{"href":"https:\/\/canadel.com\/fr\/wp-json\/wp\/v2\/media?parent=283802"}],"wp:term":[{"taxonomy":"product_brand","embeddable":true,"href":"https:\/\/canadel.com\/fr\/wp-json\/wp\/v2\/product_brand?post=283802"},{"taxonomy":"product_cat","embeddable":true,"href":"https:\/\/canadel.com\/fr\/wp-json\/wp\/v2\/product_cat?post=283802"},{"taxonomy":"product_tag","embeddable":true,"href":"https:\/\/canadel.com\/fr\/wp-json\/wp\/v2\/product_tag?post=283802"}],"curies":[{"name":"wp","href":"https:\/\/api.w.org\/{rel}","templated":true}]}}