
{"id":283822,"date":"2025-11-28T11:05:13","date_gmt":"2025-11-28T16:05:13","guid":{"rendered":"https:\/\/canadel.com\/?post_type=product&#038;p=283822"},"modified":"2025-11-28T11:16:06","modified_gmt":"2025-11-28T16:16:06","slug":"chaise-5077","status":"publish","type":"product","link":"https:\/\/canadel.com\/fr\/collections\/canadel\/chaises\/cnn050777u19mpc\/","title":{"rendered":"Chaise 5077"},"content":{"rendered":"<p><i>SKU: <div  class=\"pods-ui-notice pods-ui-notice-notice pods-ui-notice-notice-error pods-ui-notice-is-dismissible pods-ui-notice-front\"><p><strong>Pods Embed Error:<\/strong> Pod non trouv\u00e9.<\/p><\/div><\/i><\/p>\n<p><i>Couleur illustr\u00e9e: <div  class=\"pods-ui-notice pods-ui-notice-notice pods-ui-notice-notice-error pods-ui-notice-is-dismissible pods-ui-notice-front\"><p><strong>Pods Embed Error:<\/strong> Pod non trouv\u00e9.<\/p><\/div><\/i><br \/>\n<i>Si\u00e8ge illustr\u00e9: <div  class=\"pods-ui-notice pods-ui-notice-notice pods-ui-notice-notice-error pods-ui-notice-is-dismissible pods-ui-notice-front\"><p><strong>Pods Embed Error:<\/strong> Pod non trouv\u00e9.<\/p><\/div><\/i><br \/>\n<i>Fini illustr\u00e9: <div  class=\"pods-ui-notice pods-ui-notice-notice pods-ui-notice-notice-error pods-ui-notice-is-dismissible pods-ui-notice-front\"><p><strong>Pods Embed Error:<\/strong> Pod non trouv\u00e9.<\/p><\/div><\/i><\/p>\n<div  class=\"pods-ui-notice pods-ui-notice-notice pods-ui-notice-notice-error pods-ui-notice-is-dismissible pods-ui-notice-front\"><p><strong>Pods Embed Error:<\/strong> Pod non trouv\u00e9.<\/p><\/div>\n<p><b>Caract\u00e9ristiques<\/b><br \/>\n<div  class=\"pods-ui-notice pods-ui-notice-notice pods-ui-notice-notice-error pods-ui-notice-is-dismissible pods-ui-notice-front\"><p><strong>Pods Embed Error:<\/strong> Pod non trouv\u00e9.<\/p><\/div><\/p>\n<p><b>Dimensions<\/b><br \/>\nL <div  class=\"pods-ui-notice pods-ui-notice-notice pods-ui-notice-notice-error pods-ui-notice-is-dismissible pods-ui-notice-front\"><p><strong>Pods Embed Error:<\/strong> Pod non trouv\u00e9.<\/p><\/div>\u201d X P <div  class=\"pods-ui-notice pods-ui-notice-notice pods-ui-notice-notice-error pods-ui-notice-is-dismissible pods-ui-notice-front\"><p><strong>Pods Embed Error:<\/strong> Pod non trouv\u00e9.<\/p><\/div>\u201d X H <div  class=\"pods-ui-notice pods-ui-notice-notice pods-ui-notice-notice-error pods-ui-notice-is-dismissible pods-ui-notice-front\"><p><strong>Pods Embed Error:<\/strong> Pod non trouv\u00e9.<\/p><\/div>\u201d<\/p>\n<div  class=\"pods-ui-notice pods-ui-notice-notice pods-ui-notice-notice-error pods-ui-notice-is-dismissible pods-ui-notice-front\"><p><strong>Pods Embed Error:<\/strong> Pod non trouv\u00e9.<\/p><\/div>\n","protected":false},"excerpt":{"rendered":"<p>SKU: Couleur illustr\u00e9e: Si\u00e8ge illustr\u00e9: Fini illustr\u00e9: Caract\u00e9ristiques Dimensions L \u201d X P \u201d X H \u201d<\/p>\n","protected":false},"featured_media":250545,"comment_status":"open","ping_status":"closed","template":"","meta":{"_et_pb_use_builder":"","_et_pb_old_content":"","_et_gb_content_width":""},"product_brand":[],"product_cat":[232,726],"product_tag":[870],"class_list":{"0":"post-283822","1":"product","2":"type-product","3":"status-publish","4":"has-post-thumbnail","6":"product_cat-canadel-fr","7":"product_cat-chaises-fr","8":"product_tag-5077-fr","10":"first","11":"instock","12":"shipping-taxable","13":"product-type-simple"},"yoast_head":"<!-- This site is optimized with the Yoast SEO plugin v27.4 - https:\/\/yoast.com\/product\/yoast-seo-wordpress\/ -->\n<title>Chaise 5077 - Canadel<\/title>\n<meta name=\"description\" content=\"Vous appr\u00e9ciez particuli\u00e8rement le mariage subtil du style traditionnel au champ\u00eatre\u2009? Vous penchez vers une chaise aux lignes droites et nettes, agr\u00e9ment\u00e9e de formes plus douces et romantiques sans toutefois aller jusqu\u2019\u00e0 l\u2019allure us\u00e9e et rustique de certains mod\u00e8les\u2009? Cette chaise est parfaite pour vous\u2009!\" \/>\n<meta name=\"robots\" content=\"index, follow, max-snippet:-1, max-image-preview:large, max-video-preview:-1\" \/>\n<link rel=\"canonical\" href=\"https:\/\/canadel.com\/fr\/collections\/canadel\/chaises\/cnn050777u19mpc\/\" \/>\n<meta property=\"og:locale\" content=\"fr_FR\" \/>\n<meta property=\"og:type\" content=\"article\" \/>\n<meta property=\"og:title\" content=\"Chaise 5077 - Canadel\" \/>\n<meta property=\"og:description\" content=\"Vous appr\u00e9ciez particuli\u00e8rement le mariage subtil du style traditionnel au champ\u00eatre\u2009? Vous penchez vers une chaise aux lignes droites et nettes, agr\u00e9ment\u00e9e de formes plus douces et romantiques sans toutefois aller jusqu\u2019\u00e0 l\u2019allure us\u00e9e et rustique de certains mod\u00e8les\u2009? Cette chaise est parfaite pour vous\u2009!\" \/>\n<meta property=\"og:url\" content=\"https:\/\/canadel.com\/fr\/collections\/canadel\/chaises\/cnn050777u19mpc\/\" \/>\n<meta property=\"og:site_name\" content=\"Canadel\" \/>\n<meta property=\"article:modified_time\" content=\"2025-11-28T16:16:06+00:00\" \/>\n<meta property=\"og:image\" content=\"https:\/\/canadel.com\/wp-content\/uploads\/CNN050777U19MPC_CAM001.png\" \/>\n\t<meta property=\"og:image:width\" content=\"2000\" \/>\n\t<meta property=\"og:image:height\" content=\"2000\" \/>\n\t<meta property=\"og:image:type\" content=\"image\/png\" \/>\n<meta name=\"twitter:card\" content=\"summary_large_image\" \/>\n<script type=\"application\/ld+json\" class=\"yoast-schema-graph\">{\"@context\":\"https:\\\/\\\/schema.org\",\"@graph\":[{\"@type\":\"WebPage\",\"@id\":\"https:\\\/\\\/canadel.com\\\/fr\\\/collections\\\/canadel\\\/chaises\\\/cnn050777u19mpc\\\/\",\"url\":\"https:\\\/\\\/canadel.com\\\/fr\\\/collections\\\/canadel\\\/chaises\\\/cnn050777u19mpc\\\/\",\"name\":\"Chaise 5077 - Canadel\",\"isPartOf\":{\"@id\":\"https:\\\/\\\/canadel.com\\\/fr\\\/#website\"},\"primaryImageOfPage\":{\"@id\":\"https:\\\/\\\/canadel.com\\\/fr\\\/collections\\\/canadel\\\/chaises\\\/cnn050777u19mpc\\\/#primaryimage\"},\"image\":{\"@id\":\"https:\\\/\\\/canadel.com\\\/fr\\\/collections\\\/canadel\\\/chaises\\\/cnn050777u19mpc\\\/#primaryimage\"},\"thumbnailUrl\":\"https:\\\/\\\/canadel.com\\\/wp-content\\\/uploads\\\/CNN050777U19MPC_CAM001.png\",\"datePublished\":\"2025-11-28T16:05:13+00:00\",\"dateModified\":\"2025-11-28T16:16:06+00:00\",\"description\":\"Vous appr\u00e9ciez particuli\u00e8rement le mariage subtil du style traditionnel au champ\u00eatre\u2009? Vous penchez vers une chaise aux lignes droites et nettes, agr\u00e9ment\u00e9e de formes plus douces et romantiques sans toutefois aller jusqu\u2019\u00e0 l\u2019allure us\u00e9e et rustique de certains mod\u00e8les\u2009? Cette chaise est parfaite pour vous\u2009!\",\"breadcrumb\":{\"@id\":\"https:\\\/\\\/canadel.com\\\/fr\\\/collections\\\/canadel\\\/chaises\\\/cnn050777u19mpc\\\/#breadcrumb\"},\"inLanguage\":\"fr-FR\",\"potentialAction\":[{\"@type\":\"ReadAction\",\"target\":[\"https:\\\/\\\/canadel.com\\\/fr\\\/collections\\\/canadel\\\/chaises\\\/cnn050777u19mpc\\\/\"]}]},{\"@type\":\"ImageObject\",\"inLanguage\":\"fr-FR\",\"@id\":\"https:\\\/\\\/canadel.com\\\/fr\\\/collections\\\/canadel\\\/chaises\\\/cnn050777u19mpc\\\/#primaryimage\",\"url\":\"https:\\\/\\\/canadel.com\\\/wp-content\\\/uploads\\\/CNN050777U19MPC_CAM001.png\",\"contentUrl\":\"https:\\\/\\\/canadel.com\\\/wp-content\\\/uploads\\\/CNN050777U19MPC_CAM001.png\",\"width\":2000,\"height\":2000},{\"@type\":\"BreadcrumbList\",\"@id\":\"https:\\\/\\\/canadel.com\\\/fr\\\/collections\\\/canadel\\\/chaises\\\/cnn050777u19mpc\\\/#breadcrumb\",\"itemListElement\":[{\"@type\":\"ListItem\",\"position\":1,\"name\":\"Accueil\",\"item\":\"https:\\\/\\\/canadel.com\\\/fr\\\/\"},{\"@type\":\"ListItem\",\"position\":2,\"name\":\"Shop\",\"item\":\"https:\\\/\\\/canadel.com\\\/?page_id=240655\"},{\"@type\":\"ListItem\",\"position\":3,\"name\":\"Chaise 5077\"}]},{\"@type\":\"WebSite\",\"@id\":\"https:\\\/\\\/canadel.com\\\/fr\\\/#website\",\"url\":\"https:\\\/\\\/canadel.com\\\/fr\\\/\",\"name\":\"Canadel\",\"description\":\"\",\"potentialAction\":[{\"@type\":\"SearchAction\",\"target\":{\"@type\":\"EntryPoint\",\"urlTemplate\":\"https:\\\/\\\/canadel.com\\\/fr\\\/?s={search_term_string}\"},\"query-input\":{\"@type\":\"PropertyValueSpecification\",\"valueRequired\":true,\"valueName\":\"search_term_string\"}}],\"inLanguage\":\"fr-FR\"}]}<\/script>\n<!-- \/ Yoast SEO plugin. -->","yoast_head_json":{"title":"Chaise 5077 - Canadel","description":"Vous appr\u00e9ciez particuli\u00e8rement le mariage subtil du style traditionnel au champ\u00eatre\u2009? Vous penchez vers une chaise aux lignes droites et nettes, agr\u00e9ment\u00e9e de formes plus douces et romantiques sans toutefois aller jusqu\u2019\u00e0 l\u2019allure us\u00e9e et rustique de certains mod\u00e8les\u2009? Cette chaise est parfaite pour vous\u2009!","robots":{"index":"index","follow":"follow","max-snippet":"max-snippet:-1","max-image-preview":"max-image-preview:large","max-video-preview":"max-video-preview:-1"},"canonical":"https:\/\/canadel.com\/fr\/collections\/canadel\/chaises\/cnn050777u19mpc\/","og_locale":"fr_FR","og_type":"article","og_title":"Chaise 5077 - Canadel","og_description":"Vous appr\u00e9ciez particuli\u00e8rement le mariage subtil du style traditionnel au champ\u00eatre\u2009? Vous penchez vers une chaise aux lignes droites et nettes, agr\u00e9ment\u00e9e de formes plus douces et romantiques sans toutefois aller jusqu\u2019\u00e0 l\u2019allure us\u00e9e et rustique de certains mod\u00e8les\u2009? Cette chaise est parfaite pour vous\u2009!","og_url":"https:\/\/canadel.com\/fr\/collections\/canadel\/chaises\/cnn050777u19mpc\/","og_site_name":"Canadel","article_modified_time":"2025-11-28T16:16:06+00:00","og_image":[{"width":2000,"height":2000,"url":"https:\/\/canadel.com\/wp-content\/uploads\/CNN050777U19MPC_CAM001.png","type":"image\/png"}],"twitter_card":"summary_large_image","schema":{"@context":"https:\/\/schema.org","@graph":[{"@type":"WebPage","@id":"https:\/\/canadel.com\/fr\/collections\/canadel\/chaises\/cnn050777u19mpc\/","url":"https:\/\/canadel.com\/fr\/collections\/canadel\/chaises\/cnn050777u19mpc\/","name":"Chaise 5077 - Canadel","isPartOf":{"@id":"https:\/\/canadel.com\/fr\/#website"},"primaryImageOfPage":{"@id":"https:\/\/canadel.com\/fr\/collections\/canadel\/chaises\/cnn050777u19mpc\/#primaryimage"},"image":{"@id":"https:\/\/canadel.com\/fr\/collections\/canadel\/chaises\/cnn050777u19mpc\/#primaryimage"},"thumbnailUrl":"https:\/\/canadel.com\/wp-content\/uploads\/CNN050777U19MPC_CAM001.png","datePublished":"2025-11-28T16:05:13+00:00","dateModified":"2025-11-28T16:16:06+00:00","description":"Vous appr\u00e9ciez particuli\u00e8rement le mariage subtil du style traditionnel au champ\u00eatre\u2009? Vous penchez vers une chaise aux lignes droites et nettes, agr\u00e9ment\u00e9e de formes plus douces et romantiques sans toutefois aller jusqu\u2019\u00e0 l\u2019allure us\u00e9e et rustique de certains mod\u00e8les\u2009? Cette chaise est parfaite pour vous\u2009!","breadcrumb":{"@id":"https:\/\/canadel.com\/fr\/collections\/canadel\/chaises\/cnn050777u19mpc\/#breadcrumb"},"inLanguage":"fr-FR","potentialAction":[{"@type":"ReadAction","target":["https:\/\/canadel.com\/fr\/collections\/canadel\/chaises\/cnn050777u19mpc\/"]}]},{"@type":"ImageObject","inLanguage":"fr-FR","@id":"https:\/\/canadel.com\/fr\/collections\/canadel\/chaises\/cnn050777u19mpc\/#primaryimage","url":"https:\/\/canadel.com\/wp-content\/uploads\/CNN050777U19MPC_CAM001.png","contentUrl":"https:\/\/canadel.com\/wp-content\/uploads\/CNN050777U19MPC_CAM001.png","width":2000,"height":2000},{"@type":"BreadcrumbList","@id":"https:\/\/canadel.com\/fr\/collections\/canadel\/chaises\/cnn050777u19mpc\/#breadcrumb","itemListElement":[{"@type":"ListItem","position":1,"name":"Accueil","item":"https:\/\/canadel.com\/fr\/"},{"@type":"ListItem","position":2,"name":"Shop","item":"https:\/\/canadel.com\/?page_id=240655"},{"@type":"ListItem","position":3,"name":"Chaise 5077"}]},{"@type":"WebSite","@id":"https:\/\/canadel.com\/fr\/#website","url":"https:\/\/canadel.com\/fr\/","name":"Canadel","description":"","potentialAction":[{"@type":"SearchAction","target":{"@type":"EntryPoint","urlTemplate":"https:\/\/canadel.com\/fr\/?s={search_term_string}"},"query-input":{"@type":"PropertyValueSpecification","valueRequired":true,"valueName":"search_term_string"}}],"inLanguage":"fr-FR"}]}},"_links":{"self":[{"href":"https:\/\/canadel.com\/fr\/wp-json\/wp\/v2\/product\/283822","targetHints":{"allow":["GET"]}}],"collection":[{"href":"https:\/\/canadel.com\/fr\/wp-json\/wp\/v2\/product"}],"about":[{"href":"https:\/\/canadel.com\/fr\/wp-json\/wp\/v2\/types\/product"}],"replies":[{"embeddable":true,"href":"https:\/\/canadel.com\/fr\/wp-json\/wp\/v2\/comments?post=283822"}],"wp:featuredmedia":[{"embeddable":true,"href":"https:\/\/canadel.com\/fr\/wp-json\/wp\/v2\/media\/250545"}],"wp:attachment":[{"href":"https:\/\/canadel.com\/fr\/wp-json\/wp\/v2\/media?parent=283822"}],"wp:term":[{"taxonomy":"product_brand","embeddable":true,"href":"https:\/\/canadel.com\/fr\/wp-json\/wp\/v2\/product_brand?post=283822"},{"taxonomy":"product_cat","embeddable":true,"href":"https:\/\/canadel.com\/fr\/wp-json\/wp\/v2\/product_cat?post=283822"},{"taxonomy":"product_tag","embeddable":true,"href":"https:\/\/canadel.com\/fr\/wp-json\/wp\/v2\/product_tag?post=283822"}],"curies":[{"name":"wp","href":"https:\/\/api.w.org\/{rel}","templated":true}]}}