
{"id":284342,"date":"2025-11-28T14:17:38","date_gmt":"2025-11-28T19:17:38","guid":{"rendered":"https:\/\/canadel.com\/?post_type=product&#038;p=284342"},"modified":"2025-11-28T14:24:40","modified_gmt":"2025-11-28T19:24:40","slug":"table-ronde-base-mz","status":"publish","type":"product","link":"https:\/\/canadel.com\/fr\/collections\/moderne\/tables\/trn0606025nammzif\/","title":{"rendered":"Table ronde &#8211; Base MZ"},"content":{"rendered":"<p><i>SKU: <div  class=\"pods-ui-notice pods-ui-notice-notice pods-ui-notice-notice-error pods-ui-notice-is-dismissible pods-ui-notice-front\"><p><strong>Pods Embed Error:<\/strong> Pod non trouv\u00e9.<\/p><\/div><\/i><\/p>\n<p><i>Couleur illustr\u00e9e: <div  class=\"pods-ui-notice pods-ui-notice-notice pods-ui-notice-notice-error pods-ui-notice-is-dismissible pods-ui-notice-front\"><p><strong>Pods Embed Error:<\/strong> Pod non trouv\u00e9.<\/p><\/div><\/i><br \/>\n<i>Fini illustr\u00e9: <div  class=\"pods-ui-notice pods-ui-notice-notice pods-ui-notice-notice-error pods-ui-notice-is-dismissible pods-ui-notice-front\"><p><strong>Pods Embed Error:<\/strong> Pod non trouv\u00e9.<\/p><\/div><\/i><\/p>\n<div  class=\"pods-ui-notice pods-ui-notice-notice pods-ui-notice-notice-error pods-ui-notice-is-dismissible pods-ui-notice-front\"><p><strong>Pods Embed Error:<\/strong> Pod non trouv\u00e9.<\/p><\/div>\n<p><b>Caract\u00e9ristiques<\/b><br \/>\n<div  class=\"pods-ui-notice pods-ui-notice-notice pods-ui-notice-notice-error pods-ui-notice-is-dismissible pods-ui-notice-front\"><p><strong>Pods Embed Error:<\/strong> Pod non trouv\u00e9.<\/p><\/div><\/p>\n<p><b>Dimensions<\/b><br \/>\nL <div  class=\"pods-ui-notice pods-ui-notice-notice pods-ui-notice-notice-error pods-ui-notice-is-dismissible pods-ui-notice-front\"><p><strong>Pods Embed Error:<\/strong> Pod non trouv\u00e9.<\/p><\/div>\u201d X P <div  class=\"pods-ui-notice pods-ui-notice-notice pods-ui-notice-notice-error pods-ui-notice-is-dismissible pods-ui-notice-front\"><p><strong>Pods Embed Error:<\/strong> Pod non trouv\u00e9.<\/p><\/div>\u201d X H <div  class=\"pods-ui-notice pods-ui-notice-notice pods-ui-notice-notice-error pods-ui-notice-is-dismissible pods-ui-notice-front\"><p><strong>Pods Embed Error:<\/strong> Pod non trouv\u00e9.<\/p><\/div>\u201d<\/p>\n<div  class=\"pods-ui-notice pods-ui-notice-notice pods-ui-notice-notice-error pods-ui-notice-is-dismissible pods-ui-notice-front\"><p><strong>Pods Embed Error:<\/strong> Pod non trouv\u00e9.<\/p><\/div>\n","protected":false},"excerpt":{"rendered":"<p>SKU: Couleur illustr\u00e9e: Fini illustr\u00e9: Caract\u00e9ristiques Dimensions L \u201d X P \u201d X H \u201d<\/p>\n","protected":false},"featured_media":280845,"comment_status":"open","ping_status":"closed","template":"","meta":{"_et_pb_use_builder":"","_et_pb_old_content":"","_et_gb_content_width":""},"product_brand":[],"product_cat":[4055,3380],"product_tag":[759],"class_list":{"0":"post-284342","1":"product","2":"type-product","3":"status-publish","4":"has-post-thumbnail","6":"product_cat-moderne","7":"product_cat-tables-moderne","8":"product_tag-trn6060_f-fr","10":"first","11":"outofstock","12":"featured","13":"shipping-taxable","14":"product-type-simple"},"yoast_head":"<!-- This site is optimized with the Yoast SEO plugin v27.4 - https:\/\/yoast.com\/product\/yoast-seo-wordpress\/ -->\n<title>Table ronde - Base MZ - Canadel<\/title>\n<meta name=\"description\" content=\"Cette magnifique table ronde de style moderne deviendra assur\u00e9ment le centre d\u2019attention de votre salle \u00e0 manger. Elle se distingue par sa base cannel\u00e9e qui lui conf\u00e8re un charme raffin\u00e9 et un caract\u00e8re affirm\u00e9. Fabriqu\u00e9e en bois solide, cette table des plus tendance contribuera \u00e0 cr\u00e9er une atmosph\u00e8re chaleureuse et sophistiqu\u00e9e.\" \/>\n<meta name=\"robots\" content=\"index, follow, max-snippet:-1, max-image-preview:large, max-video-preview:-1\" \/>\n<link rel=\"canonical\" href=\"https:\/\/canadel.com\/fr\/collections\/moderne\/tables\/trn0606025nammzif\/\" \/>\n<meta property=\"og:locale\" content=\"fr_FR\" \/>\n<meta property=\"og:type\" content=\"article\" \/>\n<meta property=\"og:title\" content=\"Table ronde - Base MZ - Canadel\" \/>\n<meta property=\"og:description\" content=\"Cette magnifique table ronde de style moderne deviendra assur\u00e9ment le centre d\u2019attention de votre salle \u00e0 manger. Elle se distingue par sa base cannel\u00e9e qui lui conf\u00e8re un charme raffin\u00e9 et un caract\u00e8re affirm\u00e9. Fabriqu\u00e9e en bois solide, cette table des plus tendance contribuera \u00e0 cr\u00e9er une atmosph\u00e8re chaleureuse et sophistiqu\u00e9e.\" \/>\n<meta property=\"og:url\" content=\"https:\/\/canadel.com\/fr\/collections\/moderne\/tables\/trn0606025nammzif\/\" \/>\n<meta property=\"og:site_name\" content=\"Canadel\" \/>\n<meta property=\"article:modified_time\" content=\"2025-11-28T19:24:40+00:00\" \/>\n<meta property=\"og:image\" content=\"https:\/\/canadel.com\/wp-content\/uploads\/TRN0606025NAMMZIF_CAM001.jpg\" \/>\n\t<meta property=\"og:image:width\" content=\"2000\" \/>\n\t<meta property=\"og:image:height\" content=\"2000\" \/>\n\t<meta property=\"og:image:type\" content=\"image\/jpeg\" \/>\n<meta name=\"twitter:card\" content=\"summary_large_image\" \/>\n<script type=\"application\/ld+json\" class=\"yoast-schema-graph\">{\"@context\":\"https:\\\/\\\/schema.org\",\"@graph\":[{\"@type\":\"WebPage\",\"@id\":\"https:\\\/\\\/canadel.com\\\/fr\\\/collections\\\/moderne\\\/tables\\\/trn0606025nammzif\\\/\",\"url\":\"https:\\\/\\\/canadel.com\\\/fr\\\/collections\\\/moderne\\\/tables\\\/trn0606025nammzif\\\/\",\"name\":\"Table ronde - Base MZ - Canadel\",\"isPartOf\":{\"@id\":\"https:\\\/\\\/canadel.com\\\/fr\\\/#website\"},\"primaryImageOfPage\":{\"@id\":\"https:\\\/\\\/canadel.com\\\/fr\\\/collections\\\/moderne\\\/tables\\\/trn0606025nammzif\\\/#primaryimage\"},\"image\":{\"@id\":\"https:\\\/\\\/canadel.com\\\/fr\\\/collections\\\/moderne\\\/tables\\\/trn0606025nammzif\\\/#primaryimage\"},\"thumbnailUrl\":\"https:\\\/\\\/canadel.com\\\/wp-content\\\/uploads\\\/TRN0606025NAMMZIF_CAM001.jpg\",\"datePublished\":\"2025-11-28T19:17:38+00:00\",\"dateModified\":\"2025-11-28T19:24:40+00:00\",\"description\":\"Cette magnifique table ronde de style moderne deviendra assur\u00e9ment le centre d\u2019attention de votre salle \u00e0 manger. Elle se distingue par sa base cannel\u00e9e qui lui conf\u00e8re un charme raffin\u00e9 et un caract\u00e8re affirm\u00e9. Fabriqu\u00e9e en bois solide, cette table des plus tendance contribuera \u00e0 cr\u00e9er une atmosph\u00e8re chaleureuse et sophistiqu\u00e9e.\",\"breadcrumb\":{\"@id\":\"https:\\\/\\\/canadel.com\\\/fr\\\/collections\\\/moderne\\\/tables\\\/trn0606025nammzif\\\/#breadcrumb\"},\"inLanguage\":\"fr-FR\",\"potentialAction\":[{\"@type\":\"ReadAction\",\"target\":[\"https:\\\/\\\/canadel.com\\\/fr\\\/collections\\\/moderne\\\/tables\\\/trn0606025nammzif\\\/\"]}]},{\"@type\":\"ImageObject\",\"inLanguage\":\"fr-FR\",\"@id\":\"https:\\\/\\\/canadel.com\\\/fr\\\/collections\\\/moderne\\\/tables\\\/trn0606025nammzif\\\/#primaryimage\",\"url\":\"https:\\\/\\\/canadel.com\\\/wp-content\\\/uploads\\\/TRN0606025NAMMZIF_CAM001.jpg\",\"contentUrl\":\"https:\\\/\\\/canadel.com\\\/wp-content\\\/uploads\\\/TRN0606025NAMMZIF_CAM001.jpg\",\"width\":2000,\"height\":2000},{\"@type\":\"BreadcrumbList\",\"@id\":\"https:\\\/\\\/canadel.com\\\/fr\\\/collections\\\/moderne\\\/tables\\\/trn0606025nammzif\\\/#breadcrumb\",\"itemListElement\":[{\"@type\":\"ListItem\",\"position\":1,\"name\":\"Accueil\",\"item\":\"https:\\\/\\\/canadel.com\\\/fr\\\/\"},{\"@type\":\"ListItem\",\"position\":2,\"name\":\"Shop\",\"item\":\"https:\\\/\\\/canadel.com\\\/?page_id=240655\"},{\"@type\":\"ListItem\",\"position\":3,\"name\":\"Table ronde &#8211; Base MZ\"}]},{\"@type\":\"WebSite\",\"@id\":\"https:\\\/\\\/canadel.com\\\/fr\\\/#website\",\"url\":\"https:\\\/\\\/canadel.com\\\/fr\\\/\",\"name\":\"Canadel\",\"description\":\"\",\"potentialAction\":[{\"@type\":\"SearchAction\",\"target\":{\"@type\":\"EntryPoint\",\"urlTemplate\":\"https:\\\/\\\/canadel.com\\\/fr\\\/?s={search_term_string}\"},\"query-input\":{\"@type\":\"PropertyValueSpecification\",\"valueRequired\":true,\"valueName\":\"search_term_string\"}}],\"inLanguage\":\"fr-FR\"}]}<\/script>\n<!-- \/ Yoast SEO plugin. -->","yoast_head_json":{"title":"Table ronde - Base MZ - Canadel","description":"Cette magnifique table ronde de style moderne deviendra assur\u00e9ment le centre d\u2019attention de votre salle \u00e0 manger. Elle se distingue par sa base cannel\u00e9e qui lui conf\u00e8re un charme raffin\u00e9 et un caract\u00e8re affirm\u00e9. Fabriqu\u00e9e en bois solide, cette table des plus tendance contribuera \u00e0 cr\u00e9er une atmosph\u00e8re chaleureuse et sophistiqu\u00e9e.","robots":{"index":"index","follow":"follow","max-snippet":"max-snippet:-1","max-image-preview":"max-image-preview:large","max-video-preview":"max-video-preview:-1"},"canonical":"https:\/\/canadel.com\/fr\/collections\/moderne\/tables\/trn0606025nammzif\/","og_locale":"fr_FR","og_type":"article","og_title":"Table ronde - Base MZ - Canadel","og_description":"Cette magnifique table ronde de style moderne deviendra assur\u00e9ment le centre d\u2019attention de votre salle \u00e0 manger. Elle se distingue par sa base cannel\u00e9e qui lui conf\u00e8re un charme raffin\u00e9 et un caract\u00e8re affirm\u00e9. Fabriqu\u00e9e en bois solide, cette table des plus tendance contribuera \u00e0 cr\u00e9er une atmosph\u00e8re chaleureuse et sophistiqu\u00e9e.","og_url":"https:\/\/canadel.com\/fr\/collections\/moderne\/tables\/trn0606025nammzif\/","og_site_name":"Canadel","article_modified_time":"2025-11-28T19:24:40+00:00","og_image":[{"width":2000,"height":2000,"url":"https:\/\/canadel.com\/wp-content\/uploads\/TRN0606025NAMMZIF_CAM001.jpg","type":"image\/jpeg"}],"twitter_card":"summary_large_image","schema":{"@context":"https:\/\/schema.org","@graph":[{"@type":"WebPage","@id":"https:\/\/canadel.com\/fr\/collections\/moderne\/tables\/trn0606025nammzif\/","url":"https:\/\/canadel.com\/fr\/collections\/moderne\/tables\/trn0606025nammzif\/","name":"Table ronde - Base MZ - Canadel","isPartOf":{"@id":"https:\/\/canadel.com\/fr\/#website"},"primaryImageOfPage":{"@id":"https:\/\/canadel.com\/fr\/collections\/moderne\/tables\/trn0606025nammzif\/#primaryimage"},"image":{"@id":"https:\/\/canadel.com\/fr\/collections\/moderne\/tables\/trn0606025nammzif\/#primaryimage"},"thumbnailUrl":"https:\/\/canadel.com\/wp-content\/uploads\/TRN0606025NAMMZIF_CAM001.jpg","datePublished":"2025-11-28T19:17:38+00:00","dateModified":"2025-11-28T19:24:40+00:00","description":"Cette magnifique table ronde de style moderne deviendra assur\u00e9ment le centre d\u2019attention de votre salle \u00e0 manger. Elle se distingue par sa base cannel\u00e9e qui lui conf\u00e8re un charme raffin\u00e9 et un caract\u00e8re affirm\u00e9. Fabriqu\u00e9e en bois solide, cette table des plus tendance contribuera \u00e0 cr\u00e9er une atmosph\u00e8re chaleureuse et sophistiqu\u00e9e.","breadcrumb":{"@id":"https:\/\/canadel.com\/fr\/collections\/moderne\/tables\/trn0606025nammzif\/#breadcrumb"},"inLanguage":"fr-FR","potentialAction":[{"@type":"ReadAction","target":["https:\/\/canadel.com\/fr\/collections\/moderne\/tables\/trn0606025nammzif\/"]}]},{"@type":"ImageObject","inLanguage":"fr-FR","@id":"https:\/\/canadel.com\/fr\/collections\/moderne\/tables\/trn0606025nammzif\/#primaryimage","url":"https:\/\/canadel.com\/wp-content\/uploads\/TRN0606025NAMMZIF_CAM001.jpg","contentUrl":"https:\/\/canadel.com\/wp-content\/uploads\/TRN0606025NAMMZIF_CAM001.jpg","width":2000,"height":2000},{"@type":"BreadcrumbList","@id":"https:\/\/canadel.com\/fr\/collections\/moderne\/tables\/trn0606025nammzif\/#breadcrumb","itemListElement":[{"@type":"ListItem","position":1,"name":"Accueil","item":"https:\/\/canadel.com\/fr\/"},{"@type":"ListItem","position":2,"name":"Shop","item":"https:\/\/canadel.com\/?page_id=240655"},{"@type":"ListItem","position":3,"name":"Table ronde &#8211; Base MZ"}]},{"@type":"WebSite","@id":"https:\/\/canadel.com\/fr\/#website","url":"https:\/\/canadel.com\/fr\/","name":"Canadel","description":"","potentialAction":[{"@type":"SearchAction","target":{"@type":"EntryPoint","urlTemplate":"https:\/\/canadel.com\/fr\/?s={search_term_string}"},"query-input":{"@type":"PropertyValueSpecification","valueRequired":true,"valueName":"search_term_string"}}],"inLanguage":"fr-FR"}]}},"_links":{"self":[{"href":"https:\/\/canadel.com\/fr\/wp-json\/wp\/v2\/product\/284342","targetHints":{"allow":["GET"]}}],"collection":[{"href":"https:\/\/canadel.com\/fr\/wp-json\/wp\/v2\/product"}],"about":[{"href":"https:\/\/canadel.com\/fr\/wp-json\/wp\/v2\/types\/product"}],"replies":[{"embeddable":true,"href":"https:\/\/canadel.com\/fr\/wp-json\/wp\/v2\/comments?post=284342"}],"wp:featuredmedia":[{"embeddable":true,"href":"https:\/\/canadel.com\/fr\/wp-json\/wp\/v2\/media\/280845"}],"wp:attachment":[{"href":"https:\/\/canadel.com\/fr\/wp-json\/wp\/v2\/media?parent=284342"}],"wp:term":[{"taxonomy":"product_brand","embeddable":true,"href":"https:\/\/canadel.com\/fr\/wp-json\/wp\/v2\/product_brand?post=284342"},{"taxonomy":"product_cat","embeddable":true,"href":"https:\/\/canadel.com\/fr\/wp-json\/wp\/v2\/product_cat?post=284342"},{"taxonomy":"product_tag","embeddable":true,"href":"https:\/\/canadel.com\/fr\/wp-json\/wp\/v2\/product_tag?post=284342"}],"curies":[{"name":"wp","href":"https:\/\/api.w.org\/{rel}","templated":true}]}}