
{"id":285440,"date":"2026-01-20T17:00:37","date_gmt":"2026-01-20T22:00:37","guid":{"rendered":"https:\/\/canadel.com\/?post_type=product&#038;p=285440"},"modified":"2026-01-20T17:03:36","modified_gmt":"2026-01-20T22:03:36","slug":"table-a-cafe-4242-tm","status":"publish","type":"product","link":"https:\/\/canadel.com\/fr\/collections\/accent\/tablesacafe\/csq04242cl29mtm6f\/","title":{"rendered":"Table \u00e0 caf\u00e9 4242 TM"},"content":{"rendered":"<p><i>SKU: <div  class=\"pods-ui-notice pods-ui-notice-notice pods-ui-notice-notice-error pods-ui-notice-is-dismissible pods-ui-notice-front\"><p><strong>Pods Embed Error:<\/strong> Pod non trouv\u00e9.<\/p><\/div><\/i><\/p>\n<p><i>Couleur illustr\u00e9e: <div  class=\"pods-ui-notice pods-ui-notice-notice pods-ui-notice-notice-error pods-ui-notice-is-dismissible pods-ui-notice-front\"><p><strong>Pods Embed Error:<\/strong> Pod non trouv\u00e9.<\/p><\/div><\/i><br \/>\n<i>Fini illustr\u00e9: <div  class=\"pods-ui-notice pods-ui-notice-notice pods-ui-notice-notice-error pods-ui-notice-is-dismissible pods-ui-notice-front\"><p><strong>Pods Embed Error:<\/strong> Pod non trouv\u00e9.<\/p><\/div><\/i><\/p>\n<div  class=\"pods-ui-notice pods-ui-notice-notice pods-ui-notice-notice-error pods-ui-notice-is-dismissible pods-ui-notice-front\"><p><strong>Pods Embed Error:<\/strong> Pod non trouv\u00e9.<\/p><\/div>\n<p><b>Caract\u00e9ristiques<\/b><br \/>\n<div  class=\"pods-ui-notice pods-ui-notice-notice pods-ui-notice-notice-error pods-ui-notice-is-dismissible pods-ui-notice-front\"><p><strong>Pods Embed Error:<\/strong> Pod non trouv\u00e9.<\/p><\/div><\/p>\n<p><b>Dimensions<\/b><br \/>\nDimensions hors tout: L <div  class=\"pods-ui-notice pods-ui-notice-notice pods-ui-notice-notice-error pods-ui-notice-is-dismissible pods-ui-notice-front\"><p><strong>Pods Embed Error:<\/strong> Pod non trouv\u00e9.<\/p><\/div>\u201d X P <div  class=\"pods-ui-notice pods-ui-notice-notice pods-ui-notice-notice-error pods-ui-notice-is-dismissible pods-ui-notice-front\"><p><strong>Pods Embed Error:<\/strong> Pod non trouv\u00e9.<\/p><\/div>\u201d X H <div  class=\"pods-ui-notice pods-ui-notice-notice pods-ui-notice-notice-error pods-ui-notice-is-dismissible pods-ui-notice-front\"><p><strong>Pods Embed Error:<\/strong> Pod non trouv\u00e9.<\/p><\/div>\u201d<\/p>\n<div  class=\"pods-ui-notice pods-ui-notice-notice pods-ui-notice-notice-error pods-ui-notice-is-dismissible pods-ui-notice-front\"><p><strong>Pods Embed Error:<\/strong> Pod non trouv\u00e9.<\/p><\/div>\n","protected":false},"excerpt":{"rendered":"<p>SKU: Couleur illustr\u00e9e: Fini illustr\u00e9: Caract\u00e9ristiques Dimensions Dimensions hors tout: L \u201d X P \u201d X H \u201d<\/p>\n","protected":false},"featured_media":255962,"comment_status":"open","ping_status":"closed","template":"","meta":{"_et_pb_use_builder":"","_et_pb_old_content":"","_et_gb_content_width":""},"product_brand":[],"product_cat":[2774,4280],"product_tag":[2793],"class_list":{"0":"post-285440","1":"product","2":"type-product","3":"status-publish","4":"has-post-thumbnail","6":"product_cat-accent","7":"product_cat-coffee-tables","8":"product_tag-csq4242tm_f","10":"first","11":"instock","12":"shipping-taxable","13":"product-type-simple"},"yoast_head":"<!-- This site is optimized with the Yoast SEO plugin v27.0 - https:\/\/yoast.com\/product\/yoast-seo-wordpress\/ -->\n<title>Table \u00e0 caf\u00e9 4242 TM - Canadel<\/title>\n<meta name=\"description\" content=\"Chic et moderne, la table \u00e0 caf\u00e9 carr\u00e9e Fusion se distingue par son magnifique dessus de verre, ses mat\u00e9riaux de haute qualit\u00e9, ses lignes \u00e9pur\u00e9es et ses \u00e9l\u00e9gantes lattes de bois.\" \/>\n<meta name=\"robots\" content=\"index, follow, max-snippet:-1, max-image-preview:large, max-video-preview:-1\" \/>\n<link rel=\"canonical\" href=\"https:\/\/canadel.com\/fr\/collections\/accent\/tablesacafe\/csq04242cl29mtm6f\/\" \/>\n<meta property=\"og:locale\" content=\"fr_FR\" \/>\n<meta property=\"og:type\" content=\"article\" \/>\n<meta property=\"og:title\" content=\"Table \u00e0 caf\u00e9 4242 TM - Canadel\" \/>\n<meta property=\"og:description\" content=\"Chic et moderne, la table \u00e0 caf\u00e9 carr\u00e9e Fusion se distingue par son magnifique dessus de verre, ses mat\u00e9riaux de haute qualit\u00e9, ses lignes \u00e9pur\u00e9es et ses \u00e9l\u00e9gantes lattes de bois.\" \/>\n<meta property=\"og:url\" content=\"https:\/\/canadel.com\/fr\/collections\/accent\/tablesacafe\/csq04242cl29mtm6f\/\" \/>\n<meta property=\"og:site_name\" content=\"Canadel\" \/>\n<meta property=\"article:modified_time\" content=\"2026-01-20T22:03:36+00:00\" \/>\n<meta property=\"og:image\" content=\"https:\/\/canadel.com\/wp-content\/uploads\/CSQ04242CL29MTM6F_CAM001.jpg\" \/>\n\t<meta property=\"og:image:width\" content=\"2000\" \/>\n\t<meta property=\"og:image:height\" content=\"2000\" \/>\n\t<meta property=\"og:image:type\" content=\"image\/jpeg\" \/>\n<meta name=\"twitter:card\" content=\"summary_large_image\" \/>\n<script type=\"application\/ld+json\" class=\"yoast-schema-graph\">{\"@context\":\"https:\/\/schema.org\",\"@graph\":[{\"@type\":\"WebPage\",\"@id\":\"https:\/\/canadel.com\/fr\/collections\/accent\/tablesacafe\/csq04242cl29mtm6f\/\",\"url\":\"https:\/\/canadel.com\/fr\/collections\/accent\/tablesacafe\/csq04242cl29mtm6f\/\",\"name\":\"Table \u00e0 caf\u00e9 4242 TM - Canadel\",\"isPartOf\":{\"@id\":\"https:\/\/canadel.com\/fr\/#website\"},\"primaryImageOfPage\":{\"@id\":\"https:\/\/canadel.com\/fr\/collections\/accent\/tablesacafe\/csq04242cl29mtm6f\/#primaryimage\"},\"image\":{\"@id\":\"https:\/\/canadel.com\/fr\/collections\/accent\/tablesacafe\/csq04242cl29mtm6f\/#primaryimage\"},\"thumbnailUrl\":\"https:\/\/canadel.com\/wp-content\/uploads\/CSQ04242CL29MTM6F_CAM001.jpg\",\"datePublished\":\"2026-01-20T22:00:37+00:00\",\"dateModified\":\"2026-01-20T22:03:36+00:00\",\"description\":\"Chic et moderne, la table \u00e0 caf\u00e9 carr\u00e9e Fusion se distingue par son magnifique dessus de verre, ses mat\u00e9riaux de haute qualit\u00e9, ses lignes \u00e9pur\u00e9es et ses \u00e9l\u00e9gantes lattes de bois.\",\"breadcrumb\":{\"@id\":\"https:\/\/canadel.com\/fr\/collections\/accent\/tablesacafe\/csq04242cl29mtm6f\/#breadcrumb\"},\"inLanguage\":\"fr-FR\",\"potentialAction\":[{\"@type\":\"ReadAction\",\"target\":[\"https:\/\/canadel.com\/fr\/collections\/accent\/tablesacafe\/csq04242cl29mtm6f\/\"]}]},{\"@type\":\"ImageObject\",\"inLanguage\":\"fr-FR\",\"@id\":\"https:\/\/canadel.com\/fr\/collections\/accent\/tablesacafe\/csq04242cl29mtm6f\/#primaryimage\",\"url\":\"https:\/\/canadel.com\/wp-content\/uploads\/CSQ04242CL29MTM6F_CAM001.jpg\",\"contentUrl\":\"https:\/\/canadel.com\/wp-content\/uploads\/CSQ04242CL29MTM6F_CAM001.jpg\",\"width\":2000,\"height\":2000},{\"@type\":\"BreadcrumbList\",\"@id\":\"https:\/\/canadel.com\/fr\/collections\/accent\/tablesacafe\/csq04242cl29mtm6f\/#breadcrumb\",\"itemListElement\":[{\"@type\":\"ListItem\",\"position\":1,\"name\":\"Accueil\",\"item\":\"https:\/\/canadel.com\/fr\/\"},{\"@type\":\"ListItem\",\"position\":2,\"name\":\"Shop\",\"item\":\"https:\/\/canadel.com\/?page_id=240655\"},{\"@type\":\"ListItem\",\"position\":3,\"name\":\"Table \u00e0 caf\u00e9 4242 TM\"}]},{\"@type\":\"WebSite\",\"@id\":\"https:\/\/canadel.com\/fr\/#website\",\"url\":\"https:\/\/canadel.com\/fr\/\",\"name\":\"Canadel\",\"description\":\"\",\"potentialAction\":[{\"@type\":\"SearchAction\",\"target\":{\"@type\":\"EntryPoint\",\"urlTemplate\":\"https:\/\/canadel.com\/fr\/?s={search_term_string}\"},\"query-input\":{\"@type\":\"PropertyValueSpecification\",\"valueRequired\":true,\"valueName\":\"search_term_string\"}}],\"inLanguage\":\"fr-FR\"}]}<\/script>\n<!-- \/ Yoast SEO plugin. -->","yoast_head_json":{"title":"Table \u00e0 caf\u00e9 4242 TM - Canadel","description":"Chic et moderne, la table \u00e0 caf\u00e9 carr\u00e9e Fusion se distingue par son magnifique dessus de verre, ses mat\u00e9riaux de haute qualit\u00e9, ses lignes \u00e9pur\u00e9es et ses \u00e9l\u00e9gantes lattes de bois.","robots":{"index":"index","follow":"follow","max-snippet":"max-snippet:-1","max-image-preview":"max-image-preview:large","max-video-preview":"max-video-preview:-1"},"canonical":"https:\/\/canadel.com\/fr\/collections\/accent\/tablesacafe\/csq04242cl29mtm6f\/","og_locale":"fr_FR","og_type":"article","og_title":"Table \u00e0 caf\u00e9 4242 TM - Canadel","og_description":"Chic et moderne, la table \u00e0 caf\u00e9 carr\u00e9e Fusion se distingue par son magnifique dessus de verre, ses mat\u00e9riaux de haute qualit\u00e9, ses lignes \u00e9pur\u00e9es et ses \u00e9l\u00e9gantes lattes de bois.","og_url":"https:\/\/canadel.com\/fr\/collections\/accent\/tablesacafe\/csq04242cl29mtm6f\/","og_site_name":"Canadel","article_modified_time":"2026-01-20T22:03:36+00:00","og_image":[{"width":2000,"height":2000,"url":"https:\/\/canadel.com\/wp-content\/uploads\/CSQ04242CL29MTM6F_CAM001.jpg","type":"image\/jpeg"}],"twitter_card":"summary_large_image","schema":{"@context":"https:\/\/schema.org","@graph":[{"@type":"WebPage","@id":"https:\/\/canadel.com\/fr\/collections\/accent\/tablesacafe\/csq04242cl29mtm6f\/","url":"https:\/\/canadel.com\/fr\/collections\/accent\/tablesacafe\/csq04242cl29mtm6f\/","name":"Table \u00e0 caf\u00e9 4242 TM - Canadel","isPartOf":{"@id":"https:\/\/canadel.com\/fr\/#website"},"primaryImageOfPage":{"@id":"https:\/\/canadel.com\/fr\/collections\/accent\/tablesacafe\/csq04242cl29mtm6f\/#primaryimage"},"image":{"@id":"https:\/\/canadel.com\/fr\/collections\/accent\/tablesacafe\/csq04242cl29mtm6f\/#primaryimage"},"thumbnailUrl":"https:\/\/canadel.com\/wp-content\/uploads\/CSQ04242CL29MTM6F_CAM001.jpg","datePublished":"2026-01-20T22:00:37+00:00","dateModified":"2026-01-20T22:03:36+00:00","description":"Chic et moderne, la table \u00e0 caf\u00e9 carr\u00e9e Fusion se distingue par son magnifique dessus de verre, ses mat\u00e9riaux de haute qualit\u00e9, ses lignes \u00e9pur\u00e9es et ses \u00e9l\u00e9gantes lattes de bois.","breadcrumb":{"@id":"https:\/\/canadel.com\/fr\/collections\/accent\/tablesacafe\/csq04242cl29mtm6f\/#breadcrumb"},"inLanguage":"fr-FR","potentialAction":[{"@type":"ReadAction","target":["https:\/\/canadel.com\/fr\/collections\/accent\/tablesacafe\/csq04242cl29mtm6f\/"]}]},{"@type":"ImageObject","inLanguage":"fr-FR","@id":"https:\/\/canadel.com\/fr\/collections\/accent\/tablesacafe\/csq04242cl29mtm6f\/#primaryimage","url":"https:\/\/canadel.com\/wp-content\/uploads\/CSQ04242CL29MTM6F_CAM001.jpg","contentUrl":"https:\/\/canadel.com\/wp-content\/uploads\/CSQ04242CL29MTM6F_CAM001.jpg","width":2000,"height":2000},{"@type":"BreadcrumbList","@id":"https:\/\/canadel.com\/fr\/collections\/accent\/tablesacafe\/csq04242cl29mtm6f\/#breadcrumb","itemListElement":[{"@type":"ListItem","position":1,"name":"Accueil","item":"https:\/\/canadel.com\/fr\/"},{"@type":"ListItem","position":2,"name":"Shop","item":"https:\/\/canadel.com\/?page_id=240655"},{"@type":"ListItem","position":3,"name":"Table \u00e0 caf\u00e9 4242 TM"}]},{"@type":"WebSite","@id":"https:\/\/canadel.com\/fr\/#website","url":"https:\/\/canadel.com\/fr\/","name":"Canadel","description":"","potentialAction":[{"@type":"SearchAction","target":{"@type":"EntryPoint","urlTemplate":"https:\/\/canadel.com\/fr\/?s={search_term_string}"},"query-input":{"@type":"PropertyValueSpecification","valueRequired":true,"valueName":"search_term_string"}}],"inLanguage":"fr-FR"}]}},"_links":{"self":[{"href":"https:\/\/canadel.com\/fr\/wp-json\/wp\/v2\/product\/285440","targetHints":{"allow":["GET"]}}],"collection":[{"href":"https:\/\/canadel.com\/fr\/wp-json\/wp\/v2\/product"}],"about":[{"href":"https:\/\/canadel.com\/fr\/wp-json\/wp\/v2\/types\/product"}],"replies":[{"embeddable":true,"href":"https:\/\/canadel.com\/fr\/wp-json\/wp\/v2\/comments?post=285440"}],"wp:featuredmedia":[{"embeddable":true,"href":"https:\/\/canadel.com\/fr\/wp-json\/wp\/v2\/media\/255962"}],"wp:attachment":[{"href":"https:\/\/canadel.com\/fr\/wp-json\/wp\/v2\/media?parent=285440"}],"wp:term":[{"taxonomy":"product_brand","embeddable":true,"href":"https:\/\/canadel.com\/fr\/wp-json\/wp\/v2\/product_brand?post=285440"},{"taxonomy":"product_cat","embeddable":true,"href":"https:\/\/canadel.com\/fr\/wp-json\/wp\/v2\/product_cat?post=285440"},{"taxonomy":"product_tag","embeddable":true,"href":"https:\/\/canadel.com\/fr\/wp-json\/wp\/v2\/product_tag?post=285440"}],"curies":[{"name":"wp","href":"https:\/\/api.w.org\/{rel}","templated":true}]}}