
{"id":285472,"date":"2026-01-20T17:35:40","date_gmt":"2026-01-20T22:35:40","guid":{"rendered":"https:\/\/canadel.com\/?post_type=product&#038;p=285472"},"modified":"2026-01-20T17:40:28","modified_gmt":"2026-01-20T22:40:28","slug":"ensemble-de-salle-a-manger-canadel-5n767","status":"publish","type":"product","link":"https:\/\/canadel.com\/fr\/collections\/canadel\/ensembles-salle-a-manger\/5n767\/","title":{"rendered":"Ensemble de salle \u00e0 manger Canadel &#8211; 5N767"},"content":{"rendered":"<p><i>SKU: <div  class=\"pods-ui-notice pods-ui-notice-notice pods-ui-notice-notice-error pods-ui-notice-is-dismissible pods-ui-notice-front\"><p><strong>Pods Embed Error:<\/strong> Pod non trouv\u00e9.<\/p><\/div><\/i><\/p>\n<p><i>Couleur illustr\u00e9e: <div  class=\"pods-ui-notice pods-ui-notice-notice pods-ui-notice-notice-error pods-ui-notice-is-dismissible pods-ui-notice-front\"><p><strong>Pods Embed Error:<\/strong> Pod non trouv\u00e9.<\/p><\/div><\/i><br \/>\n<i>Si\u00e8ge illustr\u00e9: <div  class=\"pods-ui-notice pods-ui-notice-notice pods-ui-notice-notice-error pods-ui-notice-is-dismissible pods-ui-notice-front\"><p><strong>Pods Embed Error:<\/strong> Pod non trouv\u00e9.<\/p><\/div><\/i><br \/>\n<i>Fini illustr\u00e9: <div  class=\"pods-ui-notice pods-ui-notice-notice pods-ui-notice-notice-error pods-ui-notice-is-dismissible pods-ui-notice-front\"><p><strong>Pods Embed Error:<\/strong> Pod non trouv\u00e9.<\/p><\/div><\/i><\/p>\n<div  class=\"pods-ui-notice pods-ui-notice-notice pods-ui-notice-notice-error pods-ui-notice-is-dismissible pods-ui-notice-front\"><p><strong>Pods Embed Error:<\/strong> Pod non trouv\u00e9.<\/p><\/div>\n<p><b>Mod\u00e8les en vedette<\/b><br \/>\n<div  class=\"pods-ui-notice pods-ui-notice-notice pods-ui-notice-notice-error pods-ui-notice-is-dismissible pods-ui-notice-front\"><p><strong>Pods Embed Error:<\/strong> Pod non trouv\u00e9.<\/p><\/div><\/p>\n","protected":false},"excerpt":{"rendered":"<p>SKU: Couleur illustr\u00e9e: Si\u00e8ge illustr\u00e9: Fini illustr\u00e9: Mod\u00e8les en vedette<\/p>\n","protected":false},"featured_media":283428,"comment_status":"open","ping_status":"closed","template":"","meta":{"_et_pb_use_builder":"","_et_pb_old_content":"","_et_gb_content_width":""},"product_brand":[],"product_cat":[232,4290],"product_tag":[4156],"class_list":{"0":"post-285472","1":"product","2":"type-product","3":"status-publish","4":"has-post-thumbnail","6":"product_cat-canadel-fr","7":"product_cat-ensembles-de-salle-a-manger","8":"product_tag-5n767","10":"first","11":"instock","12":"shipping-taxable","13":"product-type-simple"},"yoast_head":"<!-- This site is optimized with the Yoast SEO plugin v27.0 - https:\/\/yoast.com\/product\/yoast-seo-wordpress\/ -->\n<title>Ensemble de salle \u00e0 manger Canadel - 5N767 - Canadel<\/title>\n<meta name=\"description\" content=\"Customize the colors, fabrics or dimensions to create a unique and durable play area.\" \/>\n<meta name=\"robots\" content=\"index, follow, max-snippet:-1, max-image-preview:large, max-video-preview:-1\" \/>\n<link rel=\"canonical\" href=\"https:\/\/canadel.com\/fr\/collections\/canadel\/ensembles-salle-a-manger\/5n767\/\" \/>\n<meta property=\"og:locale\" content=\"fr_FR\" \/>\n<meta property=\"og:type\" content=\"article\" \/>\n<meta property=\"og:title\" content=\"Ensemble de salle \u00e0 manger Canadel - 5N767 - Canadel\" \/>\n<meta property=\"og:description\" content=\"Customize the colors, fabrics or dimensions to create a unique and durable play area.\" \/>\n<meta property=\"og:url\" content=\"https:\/\/canadel.com\/fr\/collections\/canadel\/ensembles-salle-a-manger\/5n767\/\" \/>\n<meta property=\"og:site_name\" content=\"Canadel\" \/>\n<meta property=\"article:modified_time\" content=\"2026-01-20T22:40:28+00:00\" \/>\n<meta property=\"og:image\" content=\"https:\/\/canadel.com\/wp-content\/uploads\/5N767.jpg\" \/>\n\t<meta property=\"og:image:width\" content=\"2000\" \/>\n\t<meta property=\"og:image:height\" content=\"2000\" \/>\n\t<meta property=\"og:image:type\" content=\"image\/jpeg\" \/>\n<meta name=\"twitter:card\" content=\"summary_large_image\" \/>\n<script type=\"application\/ld+json\" class=\"yoast-schema-graph\">{\"@context\":\"https:\/\/schema.org\",\"@graph\":[{\"@type\":\"WebPage\",\"@id\":\"https:\/\/canadel.com\/fr\/collections\/canadel\/ensembles-salle-a-manger\/5n767\/\",\"url\":\"https:\/\/canadel.com\/fr\/collections\/canadel\/ensembles-salle-a-manger\/5n767\/\",\"name\":\"Ensemble de salle \u00e0 manger Canadel - 5N767 - Canadel\",\"isPartOf\":{\"@id\":\"https:\/\/canadel.com\/fr\/#website\"},\"primaryImageOfPage\":{\"@id\":\"https:\/\/canadel.com\/fr\/collections\/canadel\/ensembles-salle-a-manger\/5n767\/#primaryimage\"},\"image\":{\"@id\":\"https:\/\/canadel.com\/fr\/collections\/canadel\/ensembles-salle-a-manger\/5n767\/#primaryimage\"},\"thumbnailUrl\":\"https:\/\/canadel.com\/wp-content\/uploads\/5N767.jpg\",\"datePublished\":\"2026-01-20T22:35:40+00:00\",\"dateModified\":\"2026-01-20T22:40:28+00:00\",\"description\":\"Customize the colors, fabrics or dimensions to create a unique and durable play area.\",\"breadcrumb\":{\"@id\":\"https:\/\/canadel.com\/fr\/collections\/canadel\/ensembles-salle-a-manger\/5n767\/#breadcrumb\"},\"inLanguage\":\"fr-FR\",\"potentialAction\":[{\"@type\":\"ReadAction\",\"target\":[\"https:\/\/canadel.com\/fr\/collections\/canadel\/ensembles-salle-a-manger\/5n767\/\"]}]},{\"@type\":\"ImageObject\",\"inLanguage\":\"fr-FR\",\"@id\":\"https:\/\/canadel.com\/fr\/collections\/canadel\/ensembles-salle-a-manger\/5n767\/#primaryimage\",\"url\":\"https:\/\/canadel.com\/wp-content\/uploads\/5N767.jpg\",\"contentUrl\":\"https:\/\/canadel.com\/wp-content\/uploads\/5N767.jpg\",\"width\":2000,\"height\":2000},{\"@type\":\"BreadcrumbList\",\"@id\":\"https:\/\/canadel.com\/fr\/collections\/canadel\/ensembles-salle-a-manger\/5n767\/#breadcrumb\",\"itemListElement\":[{\"@type\":\"ListItem\",\"position\":1,\"name\":\"Accueil\",\"item\":\"https:\/\/canadel.com\/fr\/\"},{\"@type\":\"ListItem\",\"position\":2,\"name\":\"Shop\",\"item\":\"https:\/\/canadel.com\/?page_id=240655\"},{\"@type\":\"ListItem\",\"position\":3,\"name\":\"Ensemble de salle \u00e0 manger Canadel &#8211; 5N767\"}]},{\"@type\":\"WebSite\",\"@id\":\"https:\/\/canadel.com\/fr\/#website\",\"url\":\"https:\/\/canadel.com\/fr\/\",\"name\":\"Canadel\",\"description\":\"\",\"potentialAction\":[{\"@type\":\"SearchAction\",\"target\":{\"@type\":\"EntryPoint\",\"urlTemplate\":\"https:\/\/canadel.com\/fr\/?s={search_term_string}\"},\"query-input\":{\"@type\":\"PropertyValueSpecification\",\"valueRequired\":true,\"valueName\":\"search_term_string\"}}],\"inLanguage\":\"fr-FR\"}]}<\/script>\n<!-- \/ Yoast SEO plugin. -->","yoast_head_json":{"title":"Ensemble de salle \u00e0 manger Canadel - 5N767 - Canadel","description":"Customize the colors, fabrics or dimensions to create a unique and durable play area.","robots":{"index":"index","follow":"follow","max-snippet":"max-snippet:-1","max-image-preview":"max-image-preview:large","max-video-preview":"max-video-preview:-1"},"canonical":"https:\/\/canadel.com\/fr\/collections\/canadel\/ensembles-salle-a-manger\/5n767\/","og_locale":"fr_FR","og_type":"article","og_title":"Ensemble de salle \u00e0 manger Canadel - 5N767 - Canadel","og_description":"Customize the colors, fabrics or dimensions to create a unique and durable play area.","og_url":"https:\/\/canadel.com\/fr\/collections\/canadel\/ensembles-salle-a-manger\/5n767\/","og_site_name":"Canadel","article_modified_time":"2026-01-20T22:40:28+00:00","og_image":[{"width":2000,"height":2000,"url":"https:\/\/canadel.com\/wp-content\/uploads\/5N767.jpg","type":"image\/jpeg"}],"twitter_card":"summary_large_image","schema":{"@context":"https:\/\/schema.org","@graph":[{"@type":"WebPage","@id":"https:\/\/canadel.com\/fr\/collections\/canadel\/ensembles-salle-a-manger\/5n767\/","url":"https:\/\/canadel.com\/fr\/collections\/canadel\/ensembles-salle-a-manger\/5n767\/","name":"Ensemble de salle \u00e0 manger Canadel - 5N767 - Canadel","isPartOf":{"@id":"https:\/\/canadel.com\/fr\/#website"},"primaryImageOfPage":{"@id":"https:\/\/canadel.com\/fr\/collections\/canadel\/ensembles-salle-a-manger\/5n767\/#primaryimage"},"image":{"@id":"https:\/\/canadel.com\/fr\/collections\/canadel\/ensembles-salle-a-manger\/5n767\/#primaryimage"},"thumbnailUrl":"https:\/\/canadel.com\/wp-content\/uploads\/5N767.jpg","datePublished":"2026-01-20T22:35:40+00:00","dateModified":"2026-01-20T22:40:28+00:00","description":"Customize the colors, fabrics or dimensions to create a unique and durable play area.","breadcrumb":{"@id":"https:\/\/canadel.com\/fr\/collections\/canadel\/ensembles-salle-a-manger\/5n767\/#breadcrumb"},"inLanguage":"fr-FR","potentialAction":[{"@type":"ReadAction","target":["https:\/\/canadel.com\/fr\/collections\/canadel\/ensembles-salle-a-manger\/5n767\/"]}]},{"@type":"ImageObject","inLanguage":"fr-FR","@id":"https:\/\/canadel.com\/fr\/collections\/canadel\/ensembles-salle-a-manger\/5n767\/#primaryimage","url":"https:\/\/canadel.com\/wp-content\/uploads\/5N767.jpg","contentUrl":"https:\/\/canadel.com\/wp-content\/uploads\/5N767.jpg","width":2000,"height":2000},{"@type":"BreadcrumbList","@id":"https:\/\/canadel.com\/fr\/collections\/canadel\/ensembles-salle-a-manger\/5n767\/#breadcrumb","itemListElement":[{"@type":"ListItem","position":1,"name":"Accueil","item":"https:\/\/canadel.com\/fr\/"},{"@type":"ListItem","position":2,"name":"Shop","item":"https:\/\/canadel.com\/?page_id=240655"},{"@type":"ListItem","position":3,"name":"Ensemble de salle \u00e0 manger Canadel &#8211; 5N767"}]},{"@type":"WebSite","@id":"https:\/\/canadel.com\/fr\/#website","url":"https:\/\/canadel.com\/fr\/","name":"Canadel","description":"","potentialAction":[{"@type":"SearchAction","target":{"@type":"EntryPoint","urlTemplate":"https:\/\/canadel.com\/fr\/?s={search_term_string}"},"query-input":{"@type":"PropertyValueSpecification","valueRequired":true,"valueName":"search_term_string"}}],"inLanguage":"fr-FR"}]}},"_links":{"self":[{"href":"https:\/\/canadel.com\/fr\/wp-json\/wp\/v2\/product\/285472","targetHints":{"allow":["GET"]}}],"collection":[{"href":"https:\/\/canadel.com\/fr\/wp-json\/wp\/v2\/product"}],"about":[{"href":"https:\/\/canadel.com\/fr\/wp-json\/wp\/v2\/types\/product"}],"replies":[{"embeddable":true,"href":"https:\/\/canadel.com\/fr\/wp-json\/wp\/v2\/comments?post=285472"}],"wp:featuredmedia":[{"embeddable":true,"href":"https:\/\/canadel.com\/fr\/wp-json\/wp\/v2\/media\/283428"}],"wp:attachment":[{"href":"https:\/\/canadel.com\/fr\/wp-json\/wp\/v2\/media?parent=285472"}],"wp:term":[{"taxonomy":"product_brand","embeddable":true,"href":"https:\/\/canadel.com\/fr\/wp-json\/wp\/v2\/product_brand?post=285472"},{"taxonomy":"product_cat","embeddable":true,"href":"https:\/\/canadel.com\/fr\/wp-json\/wp\/v2\/product_cat?post=285472"},{"taxonomy":"product_tag","embeddable":true,"href":"https:\/\/canadel.com\/fr\/wp-json\/wp\/v2\/product_tag?post=285472"}],"curies":[{"name":"wp","href":"https:\/\/api.w.org\/{rel}","templated":true}]}}