
{"id":285501,"date":"2026-01-20T17:37:16","date_gmt":"2026-01-20T22:37:16","guid":{"rendered":"https:\/\/canadel.com\/?post_type=product&#038;p=285501"},"modified":"2026-01-20T17:41:08","modified_gmt":"2026-01-20T22:41:08","slug":"ensemble-de-salle-a-manger-moderne-4dhjs","status":"publish","type":"product","link":"https:\/\/canadel.com\/fr\/collections\/moderne\/ensembles-salle-a-manger\/4dhjs\/","title":{"rendered":"Ensemble de salle \u00e0 manger Moderne &#8211; 4DHJS"},"content":{"rendered":"<p><i>SKU: <div  class=\"pods-ui-notice pods-ui-notice-notice pods-ui-notice-notice-error pods-ui-notice-is-dismissible pods-ui-notice-front\"><p><strong>Pods Embed Error:<\/strong> Pod non trouv\u00e9.<\/p><\/div><\/i><\/p>\n<p><i>Couleur illustr\u00e9e: <div  class=\"pods-ui-notice pods-ui-notice-notice pods-ui-notice-notice-error pods-ui-notice-is-dismissible pods-ui-notice-front\"><p><strong>Pods Embed Error:<\/strong> Pod non trouv\u00e9.<\/p><\/div><\/i><br \/>\n<i>Si\u00e8ge illustr\u00e9: <div  class=\"pods-ui-notice pods-ui-notice-notice pods-ui-notice-notice-error pods-ui-notice-is-dismissible pods-ui-notice-front\"><p><strong>Pods Embed Error:<\/strong> Pod non trouv\u00e9.<\/p><\/div><\/i><br \/>\n<i>Fini illustr\u00e9: <div  class=\"pods-ui-notice pods-ui-notice-notice pods-ui-notice-notice-error pods-ui-notice-is-dismissible pods-ui-notice-front\"><p><strong>Pods Embed Error:<\/strong> Pod non trouv\u00e9.<\/p><\/div><\/i><\/p>\n<div  class=\"pods-ui-notice pods-ui-notice-notice pods-ui-notice-notice-error pods-ui-notice-is-dismissible pods-ui-notice-front\"><p><strong>Pods Embed Error:<\/strong> Pod non trouv\u00e9.<\/p><\/div>\n<p><b>Mod\u00e8les en vedette<\/b><br \/>\n<div  class=\"pods-ui-notice pods-ui-notice-notice pods-ui-notice-notice-error pods-ui-notice-is-dismissible pods-ui-notice-front\"><p><strong>Pods Embed Error:<\/strong> Pod non trouv\u00e9.<\/p><\/div><\/p>\n","protected":false},"excerpt":{"rendered":"<p>SKU: Couleur illustr\u00e9e: Si\u00e8ge illustr\u00e9: Fini illustr\u00e9: Mod\u00e8les en vedette<\/p>\n","protected":false},"featured_media":283627,"comment_status":"open","ping_status":"closed","template":"","meta":{"_et_pb_use_builder":"","_et_pb_old_content":"","_et_gb_content_width":""},"product_brand":[],"product_cat":[4308,4055],"product_tag":[4088],"class_list":{"0":"post-285501","1":"product","2":"type-product","3":"status-publish","4":"has-post-thumbnail","6":"product_cat-ensembles-de-salle-a-manger","7":"product_cat-moderne","8":"product_tag-4dhjs","10":"first","11":"instock","12":"shipping-taxable","13":"product-type-simple"},"yoast_head":"<!-- This site is optimized with the Yoast SEO plugin v27.4 - https:\/\/yoast.com\/product\/yoast-seo-wordpress\/ -->\n<title>Ensemble de salle \u00e0 manger Moderne - 4DHJS - Canadel<\/title>\n<meta name=\"description\" content=\"Every detail can be customized \u2014 from the glass color to the wood tone \u2014 to create a space that is both unique and harmonious.\" \/>\n<meta name=\"robots\" content=\"index, follow, max-snippet:-1, max-image-preview:large, max-video-preview:-1\" \/>\n<link rel=\"canonical\" href=\"https:\/\/canadel.com\/fr\/collections\/moderne\/ensembles-salle-a-manger\/4dhjs\/\" \/>\n<meta property=\"og:locale\" content=\"fr_FR\" \/>\n<meta property=\"og:type\" content=\"article\" \/>\n<meta property=\"og:title\" content=\"Ensemble de salle \u00e0 manger Moderne - 4DHJS - Canadel\" \/>\n<meta property=\"og:description\" content=\"Every detail can be customized \u2014 from the glass color to the wood tone \u2014 to create a space that is both unique and harmonious.\" \/>\n<meta property=\"og:url\" content=\"https:\/\/canadel.com\/fr\/collections\/moderne\/ensembles-salle-a-manger\/4dhjs\/\" \/>\n<meta property=\"og:site_name\" content=\"Canadel\" \/>\n<meta property=\"article:modified_time\" content=\"2026-01-20T22:41:08+00:00\" \/>\n<meta property=\"og:image\" content=\"https:\/\/canadel.com\/wp-content\/uploads\/4DHJS.jpg\" \/>\n\t<meta property=\"og:image:width\" content=\"2000\" \/>\n\t<meta property=\"og:image:height\" content=\"2000\" \/>\n\t<meta property=\"og:image:type\" content=\"image\/jpeg\" \/>\n<meta name=\"twitter:card\" content=\"summary_large_image\" \/>\n<script type=\"application\/ld+json\" class=\"yoast-schema-graph\">{\"@context\":\"https:\\\/\\\/schema.org\",\"@graph\":[{\"@type\":\"WebPage\",\"@id\":\"https:\\\/\\\/canadel.com\\\/fr\\\/collections\\\/moderne\\\/ensembles-salle-a-manger\\\/4dhjs\\\/\",\"url\":\"https:\\\/\\\/canadel.com\\\/fr\\\/collections\\\/moderne\\\/ensembles-salle-a-manger\\\/4dhjs\\\/\",\"name\":\"Ensemble de salle \u00e0 manger Moderne - 4DHJS - Canadel\",\"isPartOf\":{\"@id\":\"https:\\\/\\\/canadel.com\\\/fr\\\/#website\"},\"primaryImageOfPage\":{\"@id\":\"https:\\\/\\\/canadel.com\\\/fr\\\/collections\\\/moderne\\\/ensembles-salle-a-manger\\\/4dhjs\\\/#primaryimage\"},\"image\":{\"@id\":\"https:\\\/\\\/canadel.com\\\/fr\\\/collections\\\/moderne\\\/ensembles-salle-a-manger\\\/4dhjs\\\/#primaryimage\"},\"thumbnailUrl\":\"https:\\\/\\\/canadel.com\\\/wp-content\\\/uploads\\\/4DHJS.jpg\",\"datePublished\":\"2026-01-20T22:37:16+00:00\",\"dateModified\":\"2026-01-20T22:41:08+00:00\",\"description\":\"Every detail can be customized \u2014 from the glass color to the wood tone \u2014 to create a space that is both unique and harmonious.\",\"breadcrumb\":{\"@id\":\"https:\\\/\\\/canadel.com\\\/fr\\\/collections\\\/moderne\\\/ensembles-salle-a-manger\\\/4dhjs\\\/#breadcrumb\"},\"inLanguage\":\"fr-FR\",\"potentialAction\":[{\"@type\":\"ReadAction\",\"target\":[\"https:\\\/\\\/canadel.com\\\/fr\\\/collections\\\/moderne\\\/ensembles-salle-a-manger\\\/4dhjs\\\/\"]}]},{\"@type\":\"ImageObject\",\"inLanguage\":\"fr-FR\",\"@id\":\"https:\\\/\\\/canadel.com\\\/fr\\\/collections\\\/moderne\\\/ensembles-salle-a-manger\\\/4dhjs\\\/#primaryimage\",\"url\":\"https:\\\/\\\/canadel.com\\\/wp-content\\\/uploads\\\/4DHJS.jpg\",\"contentUrl\":\"https:\\\/\\\/canadel.com\\\/wp-content\\\/uploads\\\/4DHJS.jpg\",\"width\":2000,\"height\":2000},{\"@type\":\"BreadcrumbList\",\"@id\":\"https:\\\/\\\/canadel.com\\\/fr\\\/collections\\\/moderne\\\/ensembles-salle-a-manger\\\/4dhjs\\\/#breadcrumb\",\"itemListElement\":[{\"@type\":\"ListItem\",\"position\":1,\"name\":\"Accueil\",\"item\":\"https:\\\/\\\/canadel.com\\\/fr\\\/\"},{\"@type\":\"ListItem\",\"position\":2,\"name\":\"Shop\",\"item\":\"https:\\\/\\\/canadel.com\\\/?page_id=240655\"},{\"@type\":\"ListItem\",\"position\":3,\"name\":\"Ensemble de salle \u00e0 manger Moderne &#8211; 4DHJS\"}]},{\"@type\":\"WebSite\",\"@id\":\"https:\\\/\\\/canadel.com\\\/fr\\\/#website\",\"url\":\"https:\\\/\\\/canadel.com\\\/fr\\\/\",\"name\":\"Canadel\",\"description\":\"\",\"potentialAction\":[{\"@type\":\"SearchAction\",\"target\":{\"@type\":\"EntryPoint\",\"urlTemplate\":\"https:\\\/\\\/canadel.com\\\/fr\\\/?s={search_term_string}\"},\"query-input\":{\"@type\":\"PropertyValueSpecification\",\"valueRequired\":true,\"valueName\":\"search_term_string\"}}],\"inLanguage\":\"fr-FR\"}]}<\/script>\n<!-- \/ Yoast SEO plugin. -->","yoast_head_json":{"title":"Ensemble de salle \u00e0 manger Moderne - 4DHJS - Canadel","description":"Every detail can be customized \u2014 from the glass color to the wood tone \u2014 to create a space that is both unique and harmonious.","robots":{"index":"index","follow":"follow","max-snippet":"max-snippet:-1","max-image-preview":"max-image-preview:large","max-video-preview":"max-video-preview:-1"},"canonical":"https:\/\/canadel.com\/fr\/collections\/moderne\/ensembles-salle-a-manger\/4dhjs\/","og_locale":"fr_FR","og_type":"article","og_title":"Ensemble de salle \u00e0 manger Moderne - 4DHJS - Canadel","og_description":"Every detail can be customized \u2014 from the glass color to the wood tone \u2014 to create a space that is both unique and harmonious.","og_url":"https:\/\/canadel.com\/fr\/collections\/moderne\/ensembles-salle-a-manger\/4dhjs\/","og_site_name":"Canadel","article_modified_time":"2026-01-20T22:41:08+00:00","og_image":[{"width":2000,"height":2000,"url":"https:\/\/canadel.com\/wp-content\/uploads\/4DHJS.jpg","type":"image\/jpeg"}],"twitter_card":"summary_large_image","schema":{"@context":"https:\/\/schema.org","@graph":[{"@type":"WebPage","@id":"https:\/\/canadel.com\/fr\/collections\/moderne\/ensembles-salle-a-manger\/4dhjs\/","url":"https:\/\/canadel.com\/fr\/collections\/moderne\/ensembles-salle-a-manger\/4dhjs\/","name":"Ensemble de salle \u00e0 manger Moderne - 4DHJS - Canadel","isPartOf":{"@id":"https:\/\/canadel.com\/fr\/#website"},"primaryImageOfPage":{"@id":"https:\/\/canadel.com\/fr\/collections\/moderne\/ensembles-salle-a-manger\/4dhjs\/#primaryimage"},"image":{"@id":"https:\/\/canadel.com\/fr\/collections\/moderne\/ensembles-salle-a-manger\/4dhjs\/#primaryimage"},"thumbnailUrl":"https:\/\/canadel.com\/wp-content\/uploads\/4DHJS.jpg","datePublished":"2026-01-20T22:37:16+00:00","dateModified":"2026-01-20T22:41:08+00:00","description":"Every detail can be customized \u2014 from the glass color to the wood tone \u2014 to create a space that is both unique and harmonious.","breadcrumb":{"@id":"https:\/\/canadel.com\/fr\/collections\/moderne\/ensembles-salle-a-manger\/4dhjs\/#breadcrumb"},"inLanguage":"fr-FR","potentialAction":[{"@type":"ReadAction","target":["https:\/\/canadel.com\/fr\/collections\/moderne\/ensembles-salle-a-manger\/4dhjs\/"]}]},{"@type":"ImageObject","inLanguage":"fr-FR","@id":"https:\/\/canadel.com\/fr\/collections\/moderne\/ensembles-salle-a-manger\/4dhjs\/#primaryimage","url":"https:\/\/canadel.com\/wp-content\/uploads\/4DHJS.jpg","contentUrl":"https:\/\/canadel.com\/wp-content\/uploads\/4DHJS.jpg","width":2000,"height":2000},{"@type":"BreadcrumbList","@id":"https:\/\/canadel.com\/fr\/collections\/moderne\/ensembles-salle-a-manger\/4dhjs\/#breadcrumb","itemListElement":[{"@type":"ListItem","position":1,"name":"Accueil","item":"https:\/\/canadel.com\/fr\/"},{"@type":"ListItem","position":2,"name":"Shop","item":"https:\/\/canadel.com\/?page_id=240655"},{"@type":"ListItem","position":3,"name":"Ensemble de salle \u00e0 manger Moderne &#8211; 4DHJS"}]},{"@type":"WebSite","@id":"https:\/\/canadel.com\/fr\/#website","url":"https:\/\/canadel.com\/fr\/","name":"Canadel","description":"","potentialAction":[{"@type":"SearchAction","target":{"@type":"EntryPoint","urlTemplate":"https:\/\/canadel.com\/fr\/?s={search_term_string}"},"query-input":{"@type":"PropertyValueSpecification","valueRequired":true,"valueName":"search_term_string"}}],"inLanguage":"fr-FR"}]}},"_links":{"self":[{"href":"https:\/\/canadel.com\/fr\/wp-json\/wp\/v2\/product\/285501","targetHints":{"allow":["GET"]}}],"collection":[{"href":"https:\/\/canadel.com\/fr\/wp-json\/wp\/v2\/product"}],"about":[{"href":"https:\/\/canadel.com\/fr\/wp-json\/wp\/v2\/types\/product"}],"replies":[{"embeddable":true,"href":"https:\/\/canadel.com\/fr\/wp-json\/wp\/v2\/comments?post=285501"}],"wp:featuredmedia":[{"embeddable":true,"href":"https:\/\/canadel.com\/fr\/wp-json\/wp\/v2\/media\/283627"}],"wp:attachment":[{"href":"https:\/\/canadel.com\/fr\/wp-json\/wp\/v2\/media?parent=285501"}],"wp:term":[{"taxonomy":"product_brand","embeddable":true,"href":"https:\/\/canadel.com\/fr\/wp-json\/wp\/v2\/product_brand?post=285501"},{"taxonomy":"product_cat","embeddable":true,"href":"https:\/\/canadel.com\/fr\/wp-json\/wp\/v2\/product_cat?post=285501"},{"taxonomy":"product_tag","embeddable":true,"href":"https:\/\/canadel.com\/fr\/wp-json\/wp\/v2\/product_tag?post=285501"}],"curies":[{"name":"wp","href":"https:\/\/api.w.org\/{rel}","templated":true}]}}