
{"id":285541,"date":"2026-01-20T18:09:43","date_gmt":"2026-01-20T23:09:43","guid":{"rendered":"https:\/\/canadel.com\/?post_type=product&#038;p=285541"},"modified":"2026-01-20T18:12:00","modified_gmt":"2026-01-20T23:12:00","slug":"chaise-6314","status":"publish","type":"product","link":"https:\/\/canadel.com\/fr\/collections\/moderne\/chaises\/cnn06314zdzdmna\/","title":{"rendered":"Chaise 6314"},"content":{"rendered":"<p><i>SKU: <div  class=\"pods-ui-notice pods-ui-notice-notice pods-ui-notice-notice-error pods-ui-notice-is-dismissible pods-ui-notice-front\"><p><strong>Pods Embed Error:<\/strong> Pod non trouv\u00e9.<\/p><\/div><\/i><\/p>\n<p><i>Si\u00e8ge illustr\u00e9: <div  class=\"pods-ui-notice pods-ui-notice-notice pods-ui-notice-notice-error pods-ui-notice-is-dismissible pods-ui-notice-front\"><p><strong>Pods Embed Error:<\/strong> Pod non trouv\u00e9.<\/p><\/div><\/i><\/p>\n<div  class=\"pods-ui-notice pods-ui-notice-notice pods-ui-notice-notice-error pods-ui-notice-is-dismissible pods-ui-notice-front\"><p><strong>Pods Embed Error:<\/strong> Pod non trouv\u00e9.<\/p><\/div>\n<p><b>Caract\u00e9ristiques<\/b><br \/>\n<div  class=\"pods-ui-notice pods-ui-notice-notice pods-ui-notice-notice-error pods-ui-notice-is-dismissible pods-ui-notice-front\"><p><strong>Pods Embed Error:<\/strong> Pod non trouv\u00e9.<\/p><\/div><\/p>\n<p><b>Dimensions<\/b><br \/>\nL <div  class=\"pods-ui-notice pods-ui-notice-notice pods-ui-notice-notice-error pods-ui-notice-is-dismissible pods-ui-notice-front\"><p><strong>Pods Embed Error:<\/strong> Pod non trouv\u00e9.<\/p><\/div>\u201d X P <div  class=\"pods-ui-notice pods-ui-notice-notice pods-ui-notice-notice-error pods-ui-notice-is-dismissible pods-ui-notice-front\"><p><strong>Pods Embed Error:<\/strong> Pod non trouv\u00e9.<\/p><\/div>\u201d X H <div  class=\"pods-ui-notice pods-ui-notice-notice pods-ui-notice-notice-error pods-ui-notice-is-dismissible pods-ui-notice-front\"><p><strong>Pods Embed Error:<\/strong> Pod non trouv\u00e9.<\/p><\/div>\u201d<\/p>\n<div  class=\"pods-ui-notice pods-ui-notice-notice pods-ui-notice-notice-error pods-ui-notice-is-dismissible pods-ui-notice-front\"><p><strong>Pods Embed Error:<\/strong> Pod non trouv\u00e9.<\/p><\/div>\n","protected":false},"excerpt":{"rendered":"<p>SKU: Si\u00e8ge illustr\u00e9: Caract\u00e9ristiques Dimensions L \u201d X P \u201d X H \u201d<\/p>\n","protected":false},"featured_media":280419,"comment_status":"open","ping_status":"closed","template":"","meta":{"_et_pb_use_builder":"","_et_pb_old_content":"","_et_gb_content_width":""},"product_brand":[],"product_cat":[4333,4055],"product_tag":[3826],"class_list":{"0":"post-285541","1":"product","2":"type-product","3":"status-publish","4":"has-post-thumbnail","6":"product_cat-chaises","7":"product_cat-moderne","8":"product_tag-6314-2","10":"first","11":"instock","12":"featured","13":"shipping-taxable","14":"product-type-simple"},"yoast_head":"<!-- This site is optimized with the Yoast SEO plugin v27.0 - https:\/\/yoast.com\/product\/yoast-seo-wordpress\/ -->\n<title>Chaise 6314 - Canadel<\/title>\n<meta name=\"description\" content=\"Cette chaise de salle \u00e0 manger enti\u00e8rement rembourr\u00e9e et incroyablement confortable est \u00e0 couper le souffle. Son design minimaliste \u00e0 trois pattes et sa forme arrondie tout \u00e0 fait unique en font l\u2019ajout parfait pour votre d\u00e9cor moderne ou contemporain.\" \/>\n<meta name=\"robots\" content=\"index, follow, max-snippet:-1, max-image-preview:large, max-video-preview:-1\" \/>\n<link rel=\"canonical\" href=\"https:\/\/canadel.com\/fr\/collections\/moderne\/chaises\/cnn06314zdzdmna\/\" \/>\n<meta property=\"og:locale\" content=\"fr_FR\" \/>\n<meta property=\"og:type\" content=\"article\" \/>\n<meta property=\"og:title\" content=\"Chaise 6314 - Canadel\" \/>\n<meta property=\"og:description\" content=\"Cette chaise de salle \u00e0 manger enti\u00e8rement rembourr\u00e9e et incroyablement confortable est \u00e0 couper le souffle. Son design minimaliste \u00e0 trois pattes et sa forme arrondie tout \u00e0 fait unique en font l\u2019ajout parfait pour votre d\u00e9cor moderne ou contemporain.\" \/>\n<meta property=\"og:url\" content=\"https:\/\/canadel.com\/fr\/collections\/moderne\/chaises\/cnn06314zdzdmna\/\" \/>\n<meta property=\"og:site_name\" content=\"Canadel\" \/>\n<meta property=\"article:modified_time\" content=\"2026-01-20T23:12:00+00:00\" \/>\n<meta property=\"og:image\" content=\"https:\/\/canadel.com\/wp-content\/uploads\/CNN06314ZDZDMNA_CAM001.jpg\" \/>\n\t<meta property=\"og:image:width\" content=\"2000\" \/>\n\t<meta property=\"og:image:height\" content=\"2000\" \/>\n\t<meta property=\"og:image:type\" content=\"image\/jpeg\" \/>\n<meta name=\"twitter:card\" content=\"summary_large_image\" \/>\n<script type=\"application\/ld+json\" class=\"yoast-schema-graph\">{\"@context\":\"https:\/\/schema.org\",\"@graph\":[{\"@type\":\"WebPage\",\"@id\":\"https:\/\/canadel.com\/fr\/collections\/moderne\/chaises\/cnn06314zdzdmna\/\",\"url\":\"https:\/\/canadel.com\/fr\/collections\/moderne\/chaises\/cnn06314zdzdmna\/\",\"name\":\"Chaise 6314 - Canadel\",\"isPartOf\":{\"@id\":\"https:\/\/canadel.com\/fr\/#website\"},\"primaryImageOfPage\":{\"@id\":\"https:\/\/canadel.com\/fr\/collections\/moderne\/chaises\/cnn06314zdzdmna\/#primaryimage\"},\"image\":{\"@id\":\"https:\/\/canadel.com\/fr\/collections\/moderne\/chaises\/cnn06314zdzdmna\/#primaryimage\"},\"thumbnailUrl\":\"https:\/\/canadel.com\/wp-content\/uploads\/CNN06314ZDZDMNA_CAM001.jpg\",\"datePublished\":\"2026-01-20T23:09:43+00:00\",\"dateModified\":\"2026-01-20T23:12:00+00:00\",\"description\":\"Cette chaise de salle \u00e0 manger enti\u00e8rement rembourr\u00e9e et incroyablement confortable est \u00e0 couper le souffle. Son design minimaliste \u00e0 trois pattes et sa forme arrondie tout \u00e0 fait unique en font l\u2019ajout parfait pour votre d\u00e9cor moderne ou contemporain.\",\"breadcrumb\":{\"@id\":\"https:\/\/canadel.com\/fr\/collections\/moderne\/chaises\/cnn06314zdzdmna\/#breadcrumb\"},\"inLanguage\":\"fr-FR\",\"potentialAction\":[{\"@type\":\"ReadAction\",\"target\":[\"https:\/\/canadel.com\/fr\/collections\/moderne\/chaises\/cnn06314zdzdmna\/\"]}]},{\"@type\":\"ImageObject\",\"inLanguage\":\"fr-FR\",\"@id\":\"https:\/\/canadel.com\/fr\/collections\/moderne\/chaises\/cnn06314zdzdmna\/#primaryimage\",\"url\":\"https:\/\/canadel.com\/wp-content\/uploads\/CNN06314ZDZDMNA_CAM001.jpg\",\"contentUrl\":\"https:\/\/canadel.com\/wp-content\/uploads\/CNN06314ZDZDMNA_CAM001.jpg\",\"width\":2000,\"height\":2000},{\"@type\":\"BreadcrumbList\",\"@id\":\"https:\/\/canadel.com\/fr\/collections\/moderne\/chaises\/cnn06314zdzdmna\/#breadcrumb\",\"itemListElement\":[{\"@type\":\"ListItem\",\"position\":1,\"name\":\"Accueil\",\"item\":\"https:\/\/canadel.com\/fr\/\"},{\"@type\":\"ListItem\",\"position\":2,\"name\":\"Shop\",\"item\":\"https:\/\/canadel.com\/?page_id=240655\"},{\"@type\":\"ListItem\",\"position\":3,\"name\":\"Chaise 6314\"}]},{\"@type\":\"WebSite\",\"@id\":\"https:\/\/canadel.com\/fr\/#website\",\"url\":\"https:\/\/canadel.com\/fr\/\",\"name\":\"Canadel\",\"description\":\"\",\"potentialAction\":[{\"@type\":\"SearchAction\",\"target\":{\"@type\":\"EntryPoint\",\"urlTemplate\":\"https:\/\/canadel.com\/fr\/?s={search_term_string}\"},\"query-input\":{\"@type\":\"PropertyValueSpecification\",\"valueRequired\":true,\"valueName\":\"search_term_string\"}}],\"inLanguage\":\"fr-FR\"}]}<\/script>\n<!-- \/ Yoast SEO plugin. -->","yoast_head_json":{"title":"Chaise 6314 - Canadel","description":"Cette chaise de salle \u00e0 manger enti\u00e8rement rembourr\u00e9e et incroyablement confortable est \u00e0 couper le souffle. Son design minimaliste \u00e0 trois pattes et sa forme arrondie tout \u00e0 fait unique en font l\u2019ajout parfait pour votre d\u00e9cor moderne ou contemporain.","robots":{"index":"index","follow":"follow","max-snippet":"max-snippet:-1","max-image-preview":"max-image-preview:large","max-video-preview":"max-video-preview:-1"},"canonical":"https:\/\/canadel.com\/fr\/collections\/moderne\/chaises\/cnn06314zdzdmna\/","og_locale":"fr_FR","og_type":"article","og_title":"Chaise 6314 - Canadel","og_description":"Cette chaise de salle \u00e0 manger enti\u00e8rement rembourr\u00e9e et incroyablement confortable est \u00e0 couper le souffle. Son design minimaliste \u00e0 trois pattes et sa forme arrondie tout \u00e0 fait unique en font l\u2019ajout parfait pour votre d\u00e9cor moderne ou contemporain.","og_url":"https:\/\/canadel.com\/fr\/collections\/moderne\/chaises\/cnn06314zdzdmna\/","og_site_name":"Canadel","article_modified_time":"2026-01-20T23:12:00+00:00","og_image":[{"width":2000,"height":2000,"url":"https:\/\/canadel.com\/wp-content\/uploads\/CNN06314ZDZDMNA_CAM001.jpg","type":"image\/jpeg"}],"twitter_card":"summary_large_image","schema":{"@context":"https:\/\/schema.org","@graph":[{"@type":"WebPage","@id":"https:\/\/canadel.com\/fr\/collections\/moderne\/chaises\/cnn06314zdzdmna\/","url":"https:\/\/canadel.com\/fr\/collections\/moderne\/chaises\/cnn06314zdzdmna\/","name":"Chaise 6314 - Canadel","isPartOf":{"@id":"https:\/\/canadel.com\/fr\/#website"},"primaryImageOfPage":{"@id":"https:\/\/canadel.com\/fr\/collections\/moderne\/chaises\/cnn06314zdzdmna\/#primaryimage"},"image":{"@id":"https:\/\/canadel.com\/fr\/collections\/moderne\/chaises\/cnn06314zdzdmna\/#primaryimage"},"thumbnailUrl":"https:\/\/canadel.com\/wp-content\/uploads\/CNN06314ZDZDMNA_CAM001.jpg","datePublished":"2026-01-20T23:09:43+00:00","dateModified":"2026-01-20T23:12:00+00:00","description":"Cette chaise de salle \u00e0 manger enti\u00e8rement rembourr\u00e9e et incroyablement confortable est \u00e0 couper le souffle. Son design minimaliste \u00e0 trois pattes et sa forme arrondie tout \u00e0 fait unique en font l\u2019ajout parfait pour votre d\u00e9cor moderne ou contemporain.","breadcrumb":{"@id":"https:\/\/canadel.com\/fr\/collections\/moderne\/chaises\/cnn06314zdzdmna\/#breadcrumb"},"inLanguage":"fr-FR","potentialAction":[{"@type":"ReadAction","target":["https:\/\/canadel.com\/fr\/collections\/moderne\/chaises\/cnn06314zdzdmna\/"]}]},{"@type":"ImageObject","inLanguage":"fr-FR","@id":"https:\/\/canadel.com\/fr\/collections\/moderne\/chaises\/cnn06314zdzdmna\/#primaryimage","url":"https:\/\/canadel.com\/wp-content\/uploads\/CNN06314ZDZDMNA_CAM001.jpg","contentUrl":"https:\/\/canadel.com\/wp-content\/uploads\/CNN06314ZDZDMNA_CAM001.jpg","width":2000,"height":2000},{"@type":"BreadcrumbList","@id":"https:\/\/canadel.com\/fr\/collections\/moderne\/chaises\/cnn06314zdzdmna\/#breadcrumb","itemListElement":[{"@type":"ListItem","position":1,"name":"Accueil","item":"https:\/\/canadel.com\/fr\/"},{"@type":"ListItem","position":2,"name":"Shop","item":"https:\/\/canadel.com\/?page_id=240655"},{"@type":"ListItem","position":3,"name":"Chaise 6314"}]},{"@type":"WebSite","@id":"https:\/\/canadel.com\/fr\/#website","url":"https:\/\/canadel.com\/fr\/","name":"Canadel","description":"","potentialAction":[{"@type":"SearchAction","target":{"@type":"EntryPoint","urlTemplate":"https:\/\/canadel.com\/fr\/?s={search_term_string}"},"query-input":{"@type":"PropertyValueSpecification","valueRequired":true,"valueName":"search_term_string"}}],"inLanguage":"fr-FR"}]}},"_links":{"self":[{"href":"https:\/\/canadel.com\/fr\/wp-json\/wp\/v2\/product\/285541","targetHints":{"allow":["GET"]}}],"collection":[{"href":"https:\/\/canadel.com\/fr\/wp-json\/wp\/v2\/product"}],"about":[{"href":"https:\/\/canadel.com\/fr\/wp-json\/wp\/v2\/types\/product"}],"replies":[{"embeddable":true,"href":"https:\/\/canadel.com\/fr\/wp-json\/wp\/v2\/comments?post=285541"}],"wp:featuredmedia":[{"embeddable":true,"href":"https:\/\/canadel.com\/fr\/wp-json\/wp\/v2\/media\/280419"}],"wp:attachment":[{"href":"https:\/\/canadel.com\/fr\/wp-json\/wp\/v2\/media?parent=285541"}],"wp:term":[{"taxonomy":"product_brand","embeddable":true,"href":"https:\/\/canadel.com\/fr\/wp-json\/wp\/v2\/product_brand?post=285541"},{"taxonomy":"product_cat","embeddable":true,"href":"https:\/\/canadel.com\/fr\/wp-json\/wp\/v2\/product_cat?post=285541"},{"taxonomy":"product_tag","embeddable":true,"href":"https:\/\/canadel.com\/fr\/wp-json\/wp\/v2\/product_tag?post=285541"}],"curies":[{"name":"wp","href":"https:\/\/api.w.org\/{rel}","templated":true}]}}