
{"id":285707,"date":"2026-01-21T15:39:17","date_gmt":"2026-01-21T20:39:17","guid":{"rendered":"https:\/\/canadel.com\/?post_type=product&#038;p=285707"},"modified":"2026-01-21T16:10:49","modified_gmt":"2026-01-21T21:10:49","slug":"tabouret-310a","status":"publish","type":"product","link":"https:\/\/canadel.com\/fr\/collections\/champlain\/tabourets\/snf0310akl08d24\/","title":{"rendered":"Tabouret 310A"},"content":{"rendered":"<p><i>SKU: <div  class=\"pods-ui-notice pods-ui-notice-notice pods-ui-notice-notice-error pods-ui-notice-is-dismissible pods-ui-notice-front\"><p><strong>Pods Embed Error:<\/strong> Pod non trouv\u00e9.<\/p><\/div><\/i><\/p>\n<p><i>Couleur illustr\u00e9e: <div  class=\"pods-ui-notice pods-ui-notice-notice pods-ui-notice-notice-error pods-ui-notice-is-dismissible pods-ui-notice-front\"><p><strong>Pods Embed Error:<\/strong> Pod non trouv\u00e9.<\/p><\/div><\/i><br \/>\n<i>Si\u00e8ge illustr\u00e9: <div  class=\"pods-ui-notice pods-ui-notice-notice pods-ui-notice-notice-error pods-ui-notice-is-dismissible pods-ui-notice-front\"><p><strong>Pods Embed Error:<\/strong> Pod non trouv\u00e9.<\/p><\/div><\/i><br \/>\n<i>Fini illustr\u00e9: <div  class=\"pods-ui-notice pods-ui-notice-notice pods-ui-notice-notice-error pods-ui-notice-is-dismissible pods-ui-notice-front\"><p><strong>Pods Embed Error:<\/strong> Pod non trouv\u00e9.<\/p><\/div><\/i><\/p>\n<div  class=\"pods-ui-notice pods-ui-notice-notice pods-ui-notice-notice-error pods-ui-notice-is-dismissible pods-ui-notice-front\"><p><strong>Pods Embed Error:<\/strong> Pod non trouv\u00e9.<\/p><\/div>\n<p><b>Caract\u00e9ristiques<\/b><br \/>\n<div  class=\"pods-ui-notice pods-ui-notice-notice pods-ui-notice-notice-error pods-ui-notice-is-dismissible pods-ui-notice-front\"><p><strong>Pods Embed Error:<\/strong> Pod non trouv\u00e9.<\/p><\/div><\/p>\n<p><b>Dimensions<\/b><br \/>\nL <div  class=\"pods-ui-notice pods-ui-notice-notice pods-ui-notice-notice-error pods-ui-notice-is-dismissible pods-ui-notice-front\"><p><strong>Pods Embed Error:<\/strong> Pod non trouv\u00e9.<\/p><\/div>\u201d X P <div  class=\"pods-ui-notice pods-ui-notice-notice pods-ui-notice-notice-error pods-ui-notice-is-dismissible pods-ui-notice-front\"><p><strong>Pods Embed Error:<\/strong> Pod non trouv\u00e9.<\/p><\/div>\u201d X H <div  class=\"pods-ui-notice pods-ui-notice-notice pods-ui-notice-notice-error pods-ui-notice-is-dismissible pods-ui-notice-front\"><p><strong>Pods Embed Error:<\/strong> Pod non trouv\u00e9.<\/p><\/div>\u201d<\/p>\n<p><b>Produit Assorti<\/b><br \/>\n<a href=\"&lt;\/strong&gt; Pod non trouv\u00e9.&lt;\/p&gt;&lt;\/div&gt;\">Chaise <div  class=\"pods-ui-notice pods-ui-notice-notice pods-ui-notice-notice-error pods-ui-notice-is-dismissible pods-ui-notice-front\"><p><strong>Pods Embed Error:<\/strong> Pod non trouv\u00e9.<\/p><\/div><\/a><\/p>\n","protected":false},"excerpt":{"rendered":"<p>SKU: Couleur illustr\u00e9e: Si\u00e8ge illustr\u00e9: Fini illustr\u00e9: Caract\u00e9ristiques Dimensions L \u201d X P \u201d X H \u201d Produit Assorti Chaise<\/p>\n","protected":false},"featured_media":250749,"comment_status":"open","ping_status":"closed","template":"","meta":{"_et_pb_use_builder":"","_et_pb_old_content":"","_et_gb_content_width":""},"product_brand":[],"product_cat":[4356,4351],"product_tag":[395],"class_list":{"0":"post-285707","1":"product","2":"type-product","3":"status-publish","4":"has-post-thumbnail","6":"product_cat-champlain","7":"product_cat-tabourets","8":"product_tag-310a-fr","10":"first","11":"instock","12":"shipping-taxable","13":"product-type-simple"},"yoast_head":"<!-- This site is optimized with the Yoast SEO plugin v27.4 - https:\/\/yoast.com\/product\/yoast-seo-wordpress\/ -->\n<title>Tabouret 310A - Canadel<\/title>\n<meta name=\"description\" content=\"Ce tabouret, \u00e0 la fois chic et classique, rev\u00eat une touche d\u2019originalit\u00e9 gr\u00e2ce \u00e0 son dossier aux lignes raffin\u00e9es. La simplicit\u00e9 et le souci du d\u00e9tail d\u00e9crivent parfaitement ce tabouret au fini rustique.\" \/>\n<meta name=\"robots\" content=\"index, follow, max-snippet:-1, max-image-preview:large, max-video-preview:-1\" \/>\n<link rel=\"canonical\" href=\"https:\/\/canadel.com\/fr\/collections\/champlain\/tabourets\/snf0310akl08d24\/\" \/>\n<meta property=\"og:locale\" content=\"fr_FR\" \/>\n<meta property=\"og:type\" content=\"article\" \/>\n<meta property=\"og:title\" content=\"Tabouret 310A - Canadel\" \/>\n<meta property=\"og:description\" content=\"Ce tabouret, \u00e0 la fois chic et classique, rev\u00eat une touche d\u2019originalit\u00e9 gr\u00e2ce \u00e0 son dossier aux lignes raffin\u00e9es. La simplicit\u00e9 et le souci du d\u00e9tail d\u00e9crivent parfaitement ce tabouret au fini rustique.\" \/>\n<meta property=\"og:url\" content=\"https:\/\/canadel.com\/fr\/collections\/champlain\/tabourets\/snf0310akl08d24\/\" \/>\n<meta property=\"og:site_name\" content=\"Canadel\" \/>\n<meta property=\"article:modified_time\" content=\"2026-01-21T21:10:49+00:00\" \/>\n<meta property=\"og:image\" content=\"https:\/\/canadel.com\/wp-content\/uploads\/SNF0310AKL08D24_CAM001.png\" \/>\n\t<meta property=\"og:image:width\" content=\"2000\" \/>\n\t<meta property=\"og:image:height\" content=\"2000\" \/>\n\t<meta property=\"og:image:type\" content=\"image\/png\" \/>\n<meta name=\"twitter:card\" content=\"summary_large_image\" \/>\n<script type=\"application\/ld+json\" class=\"yoast-schema-graph\">{\"@context\":\"https:\\\/\\\/schema.org\",\"@graph\":[{\"@type\":\"WebPage\",\"@id\":\"https:\\\/\\\/canadel.com\\\/fr\\\/collections\\\/champlain\\\/tabourets\\\/snf0310akl08d24\\\/\",\"url\":\"https:\\\/\\\/canadel.com\\\/fr\\\/collections\\\/champlain\\\/tabourets\\\/snf0310akl08d24\\\/\",\"name\":\"Tabouret 310A - Canadel\",\"isPartOf\":{\"@id\":\"https:\\\/\\\/canadel.com\\\/fr\\\/#website\"},\"primaryImageOfPage\":{\"@id\":\"https:\\\/\\\/canadel.com\\\/fr\\\/collections\\\/champlain\\\/tabourets\\\/snf0310akl08d24\\\/#primaryimage\"},\"image\":{\"@id\":\"https:\\\/\\\/canadel.com\\\/fr\\\/collections\\\/champlain\\\/tabourets\\\/snf0310akl08d24\\\/#primaryimage\"},\"thumbnailUrl\":\"https:\\\/\\\/canadel.com\\\/wp-content\\\/uploads\\\/SNF0310AKL08D24_CAM001.png\",\"datePublished\":\"2026-01-21T20:39:17+00:00\",\"dateModified\":\"2026-01-21T21:10:49+00:00\",\"description\":\"Ce tabouret, \u00e0 la fois chic et classique, rev\u00eat une touche d\u2019originalit\u00e9 gr\u00e2ce \u00e0 son dossier aux lignes raffin\u00e9es. La simplicit\u00e9 et le souci du d\u00e9tail d\u00e9crivent parfaitement ce tabouret au fini rustique.\",\"breadcrumb\":{\"@id\":\"https:\\\/\\\/canadel.com\\\/fr\\\/collections\\\/champlain\\\/tabourets\\\/snf0310akl08d24\\\/#breadcrumb\"},\"inLanguage\":\"fr-FR\",\"potentialAction\":[{\"@type\":\"ReadAction\",\"target\":[\"https:\\\/\\\/canadel.com\\\/fr\\\/collections\\\/champlain\\\/tabourets\\\/snf0310akl08d24\\\/\"]}]},{\"@type\":\"ImageObject\",\"inLanguage\":\"fr-FR\",\"@id\":\"https:\\\/\\\/canadel.com\\\/fr\\\/collections\\\/champlain\\\/tabourets\\\/snf0310akl08d24\\\/#primaryimage\",\"url\":\"https:\\\/\\\/canadel.com\\\/wp-content\\\/uploads\\\/SNF0310AKL08D24_CAM001.png\",\"contentUrl\":\"https:\\\/\\\/canadel.com\\\/wp-content\\\/uploads\\\/SNF0310AKL08D24_CAM001.png\",\"width\":2000,\"height\":2000},{\"@type\":\"BreadcrumbList\",\"@id\":\"https:\\\/\\\/canadel.com\\\/fr\\\/collections\\\/champlain\\\/tabourets\\\/snf0310akl08d24\\\/#breadcrumb\",\"itemListElement\":[{\"@type\":\"ListItem\",\"position\":1,\"name\":\"Accueil\",\"item\":\"https:\\\/\\\/canadel.com\\\/fr\\\/\"},{\"@type\":\"ListItem\",\"position\":2,\"name\":\"Shop\",\"item\":\"https:\\\/\\\/canadel.com\\\/?page_id=240655\"},{\"@type\":\"ListItem\",\"position\":3,\"name\":\"Tabouret 310A\"}]},{\"@type\":\"WebSite\",\"@id\":\"https:\\\/\\\/canadel.com\\\/fr\\\/#website\",\"url\":\"https:\\\/\\\/canadel.com\\\/fr\\\/\",\"name\":\"Canadel\",\"description\":\"\",\"potentialAction\":[{\"@type\":\"SearchAction\",\"target\":{\"@type\":\"EntryPoint\",\"urlTemplate\":\"https:\\\/\\\/canadel.com\\\/fr\\\/?s={search_term_string}\"},\"query-input\":{\"@type\":\"PropertyValueSpecification\",\"valueRequired\":true,\"valueName\":\"search_term_string\"}}],\"inLanguage\":\"fr-FR\"}]}<\/script>\n<!-- \/ Yoast SEO plugin. -->","yoast_head_json":{"title":"Tabouret 310A - Canadel","description":"Ce tabouret, \u00e0 la fois chic et classique, rev\u00eat une touche d\u2019originalit\u00e9 gr\u00e2ce \u00e0 son dossier aux lignes raffin\u00e9es. La simplicit\u00e9 et le souci du d\u00e9tail d\u00e9crivent parfaitement ce tabouret au fini rustique.","robots":{"index":"index","follow":"follow","max-snippet":"max-snippet:-1","max-image-preview":"max-image-preview:large","max-video-preview":"max-video-preview:-1"},"canonical":"https:\/\/canadel.com\/fr\/collections\/champlain\/tabourets\/snf0310akl08d24\/","og_locale":"fr_FR","og_type":"article","og_title":"Tabouret 310A - Canadel","og_description":"Ce tabouret, \u00e0 la fois chic et classique, rev\u00eat une touche d\u2019originalit\u00e9 gr\u00e2ce \u00e0 son dossier aux lignes raffin\u00e9es. La simplicit\u00e9 et le souci du d\u00e9tail d\u00e9crivent parfaitement ce tabouret au fini rustique.","og_url":"https:\/\/canadel.com\/fr\/collections\/champlain\/tabourets\/snf0310akl08d24\/","og_site_name":"Canadel","article_modified_time":"2026-01-21T21:10:49+00:00","og_image":[{"width":2000,"height":2000,"url":"https:\/\/canadel.com\/wp-content\/uploads\/SNF0310AKL08D24_CAM001.png","type":"image\/png"}],"twitter_card":"summary_large_image","schema":{"@context":"https:\/\/schema.org","@graph":[{"@type":"WebPage","@id":"https:\/\/canadel.com\/fr\/collections\/champlain\/tabourets\/snf0310akl08d24\/","url":"https:\/\/canadel.com\/fr\/collections\/champlain\/tabourets\/snf0310akl08d24\/","name":"Tabouret 310A - Canadel","isPartOf":{"@id":"https:\/\/canadel.com\/fr\/#website"},"primaryImageOfPage":{"@id":"https:\/\/canadel.com\/fr\/collections\/champlain\/tabourets\/snf0310akl08d24\/#primaryimage"},"image":{"@id":"https:\/\/canadel.com\/fr\/collections\/champlain\/tabourets\/snf0310akl08d24\/#primaryimage"},"thumbnailUrl":"https:\/\/canadel.com\/wp-content\/uploads\/SNF0310AKL08D24_CAM001.png","datePublished":"2026-01-21T20:39:17+00:00","dateModified":"2026-01-21T21:10:49+00:00","description":"Ce tabouret, \u00e0 la fois chic et classique, rev\u00eat une touche d\u2019originalit\u00e9 gr\u00e2ce \u00e0 son dossier aux lignes raffin\u00e9es. La simplicit\u00e9 et le souci du d\u00e9tail d\u00e9crivent parfaitement ce tabouret au fini rustique.","breadcrumb":{"@id":"https:\/\/canadel.com\/fr\/collections\/champlain\/tabourets\/snf0310akl08d24\/#breadcrumb"},"inLanguage":"fr-FR","potentialAction":[{"@type":"ReadAction","target":["https:\/\/canadel.com\/fr\/collections\/champlain\/tabourets\/snf0310akl08d24\/"]}]},{"@type":"ImageObject","inLanguage":"fr-FR","@id":"https:\/\/canadel.com\/fr\/collections\/champlain\/tabourets\/snf0310akl08d24\/#primaryimage","url":"https:\/\/canadel.com\/wp-content\/uploads\/SNF0310AKL08D24_CAM001.png","contentUrl":"https:\/\/canadel.com\/wp-content\/uploads\/SNF0310AKL08D24_CAM001.png","width":2000,"height":2000},{"@type":"BreadcrumbList","@id":"https:\/\/canadel.com\/fr\/collections\/champlain\/tabourets\/snf0310akl08d24\/#breadcrumb","itemListElement":[{"@type":"ListItem","position":1,"name":"Accueil","item":"https:\/\/canadel.com\/fr\/"},{"@type":"ListItem","position":2,"name":"Shop","item":"https:\/\/canadel.com\/?page_id=240655"},{"@type":"ListItem","position":3,"name":"Tabouret 310A"}]},{"@type":"WebSite","@id":"https:\/\/canadel.com\/fr\/#website","url":"https:\/\/canadel.com\/fr\/","name":"Canadel","description":"","potentialAction":[{"@type":"SearchAction","target":{"@type":"EntryPoint","urlTemplate":"https:\/\/canadel.com\/fr\/?s={search_term_string}"},"query-input":{"@type":"PropertyValueSpecification","valueRequired":true,"valueName":"search_term_string"}}],"inLanguage":"fr-FR"}]}},"_links":{"self":[{"href":"https:\/\/canadel.com\/fr\/wp-json\/wp\/v2\/product\/285707","targetHints":{"allow":["GET"]}}],"collection":[{"href":"https:\/\/canadel.com\/fr\/wp-json\/wp\/v2\/product"}],"about":[{"href":"https:\/\/canadel.com\/fr\/wp-json\/wp\/v2\/types\/product"}],"replies":[{"embeddable":true,"href":"https:\/\/canadel.com\/fr\/wp-json\/wp\/v2\/comments?post=285707"}],"wp:featuredmedia":[{"embeddable":true,"href":"https:\/\/canadel.com\/fr\/wp-json\/wp\/v2\/media\/250749"}],"wp:attachment":[{"href":"https:\/\/canadel.com\/fr\/wp-json\/wp\/v2\/media?parent=285707"}],"wp:term":[{"taxonomy":"product_brand","embeddable":true,"href":"https:\/\/canadel.com\/fr\/wp-json\/wp\/v2\/product_brand?post=285707"},{"taxonomy":"product_cat","embeddable":true,"href":"https:\/\/canadel.com\/fr\/wp-json\/wp\/v2\/product_cat?post=285707"},{"taxonomy":"product_tag","embeddable":true,"href":"https:\/\/canadel.com\/fr\/wp-json\/wp\/v2\/product_tag?post=285707"}],"curies":[{"name":"wp","href":"https:\/\/api.w.org\/{rel}","templated":true}]}}