
{"id":285724,"date":"2026-01-21T15:40:21","date_gmt":"2026-01-21T20:40:21","guid":{"rendered":"https:\/\/canadel.com\/?post_type=product&#038;p=285724"},"modified":"2026-01-21T16:11:12","modified_gmt":"2026-01-21T21:11:12","slug":"tabouret-7149","status":"publish","type":"product","link":"https:\/\/canadel.com\/fr\/collections\/loft\/tabourets\/snf07149fq25r24\/","title":{"rendered":"Tabouret 7149"},"content":{"rendered":"<p><i>SKU: <div  class=\"pods-ui-notice pods-ui-notice-notice pods-ui-notice-notice-error pods-ui-notice-is-dismissible pods-ui-notice-front\"><p><strong>Pods Embed Error:<\/strong> Pod non trouv\u00e9.<\/p><\/div><\/i><\/p>\n<p><i>Couleur illustr\u00e9e: <div  class=\"pods-ui-notice pods-ui-notice-notice pods-ui-notice-notice-error pods-ui-notice-is-dismissible pods-ui-notice-front\"><p><strong>Pods Embed Error:<\/strong> Pod non trouv\u00e9.<\/p><\/div><\/i><br \/>\n<i>Si\u00e8ge illustr\u00e9: <div  class=\"pods-ui-notice pods-ui-notice-notice pods-ui-notice-notice-error pods-ui-notice-is-dismissible pods-ui-notice-front\"><p><strong>Pods Embed Error:<\/strong> Pod non trouv\u00e9.<\/p><\/div><\/i><br \/>\n<i>Fini illustr\u00e9: <div  class=\"pods-ui-notice pods-ui-notice-notice pods-ui-notice-notice-error pods-ui-notice-is-dismissible pods-ui-notice-front\"><p><strong>Pods Embed Error:<\/strong> Pod non trouv\u00e9.<\/p><\/div><\/i><\/p>\n<div  class=\"pods-ui-notice pods-ui-notice-notice pods-ui-notice-notice-error pods-ui-notice-is-dismissible pods-ui-notice-front\"><p><strong>Pods Embed Error:<\/strong> Pod non trouv\u00e9.<\/p><\/div>\n<p><b>Caract\u00e9ristiques<\/b><br \/>\n<div  class=\"pods-ui-notice pods-ui-notice-notice pods-ui-notice-notice-error pods-ui-notice-is-dismissible pods-ui-notice-front\"><p><strong>Pods Embed Error:<\/strong> Pod non trouv\u00e9.<\/p><\/div><\/p>\n<p><b>Dimensions<\/b><br \/>\nL <div  class=\"pods-ui-notice pods-ui-notice-notice pods-ui-notice-notice-error pods-ui-notice-is-dismissible pods-ui-notice-front\"><p><strong>Pods Embed Error:<\/strong> Pod non trouv\u00e9.<\/p><\/div>\u201d X P <div  class=\"pods-ui-notice pods-ui-notice-notice pods-ui-notice-notice-error pods-ui-notice-is-dismissible pods-ui-notice-front\"><p><strong>Pods Embed Error:<\/strong> Pod non trouv\u00e9.<\/p><\/div>\u201d X H <div  class=\"pods-ui-notice pods-ui-notice-notice pods-ui-notice-notice-error pods-ui-notice-is-dismissible pods-ui-notice-front\"><p><strong>Pods Embed Error:<\/strong> Pod non trouv\u00e9.<\/p><\/div>\u201d<\/p>\n","protected":false},"excerpt":{"rendered":"<p>SKU: Couleur illustr\u00e9e: Si\u00e8ge illustr\u00e9: Fini illustr\u00e9: Caract\u00e9ristiques Dimensions L \u201d X P \u201d X H \u201d<\/p>\n","protected":false},"featured_media":271739,"comment_status":"open","ping_status":"closed","template":"","meta":{"_et_pb_use_builder":"","_et_pb_old_content":"","_et_gb_content_width":""},"product_brand":[],"product_cat":[4026,4350],"product_tag":[3322],"class_list":{"0":"post-285724","1":"product","2":"type-product","3":"status-publish","4":"has-post-thumbnail","6":"product_cat-loft","7":"product_cat-tabourets","8":"product_tag-7149-fr","10":"first","11":"instock","12":"shipping-taxable","13":"product-type-simple"},"yoast_head":"<!-- This site is optimized with the Yoast SEO plugin v27.4 - https:\/\/yoast.com\/product\/yoast-seo-wordpress\/ -->\n<title>Tabouret 7149 - Canadel<\/title>\n<meta name=\"description\" content=\"D\u2019apparence robuste et authentique, ce tabouret de la collection Loft est dot\u00e9 d\u2019un si\u00e8ge rembourr\u00e9 et de pattes modernes en m\u00e9tal noir. Le design de ce mod\u00e8le marie parfaitement des \u00e9l\u00e9ments \u00e9l\u00e9gants et rustiques.\" \/>\n<meta name=\"robots\" content=\"index, follow, max-snippet:-1, max-image-preview:large, max-video-preview:-1\" \/>\n<link rel=\"canonical\" href=\"https:\/\/canadel.com\/fr\/collections\/loft\/tabourets\/snf07149fq25r24\/\" \/>\n<meta property=\"og:locale\" content=\"fr_FR\" \/>\n<meta property=\"og:type\" content=\"article\" \/>\n<meta property=\"og:title\" content=\"Tabouret 7149 - Canadel\" \/>\n<meta property=\"og:description\" content=\"D\u2019apparence robuste et authentique, ce tabouret de la collection Loft est dot\u00e9 d\u2019un si\u00e8ge rembourr\u00e9 et de pattes modernes en m\u00e9tal noir. Le design de ce mod\u00e8le marie parfaitement des \u00e9l\u00e9ments \u00e9l\u00e9gants et rustiques.\" \/>\n<meta property=\"og:url\" content=\"https:\/\/canadel.com\/fr\/collections\/loft\/tabourets\/snf07149fq25r24\/\" \/>\n<meta property=\"og:site_name\" content=\"Canadel\" \/>\n<meta property=\"article:modified_time\" content=\"2026-01-21T21:11:12+00:00\" \/>\n<meta property=\"og:image\" content=\"https:\/\/canadel.com\/wp-content\/uploads\/SNF07149FQ25R24_CAM001.jpg\" \/>\n\t<meta property=\"og:image:width\" content=\"2000\" \/>\n\t<meta property=\"og:image:height\" content=\"2000\" \/>\n\t<meta property=\"og:image:type\" content=\"image\/jpeg\" \/>\n<meta name=\"twitter:card\" content=\"summary_large_image\" \/>\n<script type=\"application\/ld+json\" class=\"yoast-schema-graph\">{\"@context\":\"https:\\\/\\\/schema.org\",\"@graph\":[{\"@type\":\"WebPage\",\"@id\":\"https:\\\/\\\/canadel.com\\\/fr\\\/collections\\\/loft\\\/tabourets\\\/snf07149fq25r24\\\/\",\"url\":\"https:\\\/\\\/canadel.com\\\/fr\\\/collections\\\/loft\\\/tabourets\\\/snf07149fq25r24\\\/\",\"name\":\"Tabouret 7149 - Canadel\",\"isPartOf\":{\"@id\":\"https:\\\/\\\/canadel.com\\\/fr\\\/#website\"},\"primaryImageOfPage\":{\"@id\":\"https:\\\/\\\/canadel.com\\\/fr\\\/collections\\\/loft\\\/tabourets\\\/snf07149fq25r24\\\/#primaryimage\"},\"image\":{\"@id\":\"https:\\\/\\\/canadel.com\\\/fr\\\/collections\\\/loft\\\/tabourets\\\/snf07149fq25r24\\\/#primaryimage\"},\"thumbnailUrl\":\"https:\\\/\\\/canadel.com\\\/wp-content\\\/uploads\\\/SNF07149FQ25R24_CAM001.jpg\",\"datePublished\":\"2026-01-21T20:40:21+00:00\",\"dateModified\":\"2026-01-21T21:11:12+00:00\",\"description\":\"D\u2019apparence robuste et authentique, ce tabouret de la collection Loft est dot\u00e9 d\u2019un si\u00e8ge rembourr\u00e9 et de pattes modernes en m\u00e9tal noir. Le design de ce mod\u00e8le marie parfaitement des \u00e9l\u00e9ments \u00e9l\u00e9gants et rustiques.\",\"breadcrumb\":{\"@id\":\"https:\\\/\\\/canadel.com\\\/fr\\\/collections\\\/loft\\\/tabourets\\\/snf07149fq25r24\\\/#breadcrumb\"},\"inLanguage\":\"fr-FR\",\"potentialAction\":[{\"@type\":\"ReadAction\",\"target\":[\"https:\\\/\\\/canadel.com\\\/fr\\\/collections\\\/loft\\\/tabourets\\\/snf07149fq25r24\\\/\"]}]},{\"@type\":\"ImageObject\",\"inLanguage\":\"fr-FR\",\"@id\":\"https:\\\/\\\/canadel.com\\\/fr\\\/collections\\\/loft\\\/tabourets\\\/snf07149fq25r24\\\/#primaryimage\",\"url\":\"https:\\\/\\\/canadel.com\\\/wp-content\\\/uploads\\\/SNF07149FQ25R24_CAM001.jpg\",\"contentUrl\":\"https:\\\/\\\/canadel.com\\\/wp-content\\\/uploads\\\/SNF07149FQ25R24_CAM001.jpg\",\"width\":2000,\"height\":2000},{\"@type\":\"BreadcrumbList\",\"@id\":\"https:\\\/\\\/canadel.com\\\/fr\\\/collections\\\/loft\\\/tabourets\\\/snf07149fq25r24\\\/#breadcrumb\",\"itemListElement\":[{\"@type\":\"ListItem\",\"position\":1,\"name\":\"Accueil\",\"item\":\"https:\\\/\\\/canadel.com\\\/fr\\\/\"},{\"@type\":\"ListItem\",\"position\":2,\"name\":\"Shop\",\"item\":\"https:\\\/\\\/canadel.com\\\/?page_id=240655\"},{\"@type\":\"ListItem\",\"position\":3,\"name\":\"Tabouret 7149\"}]},{\"@type\":\"WebSite\",\"@id\":\"https:\\\/\\\/canadel.com\\\/fr\\\/#website\",\"url\":\"https:\\\/\\\/canadel.com\\\/fr\\\/\",\"name\":\"Canadel\",\"description\":\"\",\"potentialAction\":[{\"@type\":\"SearchAction\",\"target\":{\"@type\":\"EntryPoint\",\"urlTemplate\":\"https:\\\/\\\/canadel.com\\\/fr\\\/?s={search_term_string}\"},\"query-input\":{\"@type\":\"PropertyValueSpecification\",\"valueRequired\":true,\"valueName\":\"search_term_string\"}}],\"inLanguage\":\"fr-FR\"}]}<\/script>\n<!-- \/ Yoast SEO plugin. -->","yoast_head_json":{"title":"Tabouret 7149 - Canadel","description":"D\u2019apparence robuste et authentique, ce tabouret de la collection Loft est dot\u00e9 d\u2019un si\u00e8ge rembourr\u00e9 et de pattes modernes en m\u00e9tal noir. Le design de ce mod\u00e8le marie parfaitement des \u00e9l\u00e9ments \u00e9l\u00e9gants et rustiques.","robots":{"index":"index","follow":"follow","max-snippet":"max-snippet:-1","max-image-preview":"max-image-preview:large","max-video-preview":"max-video-preview:-1"},"canonical":"https:\/\/canadel.com\/fr\/collections\/loft\/tabourets\/snf07149fq25r24\/","og_locale":"fr_FR","og_type":"article","og_title":"Tabouret 7149 - Canadel","og_description":"D\u2019apparence robuste et authentique, ce tabouret de la collection Loft est dot\u00e9 d\u2019un si\u00e8ge rembourr\u00e9 et de pattes modernes en m\u00e9tal noir. Le design de ce mod\u00e8le marie parfaitement des \u00e9l\u00e9ments \u00e9l\u00e9gants et rustiques.","og_url":"https:\/\/canadel.com\/fr\/collections\/loft\/tabourets\/snf07149fq25r24\/","og_site_name":"Canadel","article_modified_time":"2026-01-21T21:11:12+00:00","og_image":[{"width":2000,"height":2000,"url":"https:\/\/canadel.com\/wp-content\/uploads\/SNF07149FQ25R24_CAM001.jpg","type":"image\/jpeg"}],"twitter_card":"summary_large_image","schema":{"@context":"https:\/\/schema.org","@graph":[{"@type":"WebPage","@id":"https:\/\/canadel.com\/fr\/collections\/loft\/tabourets\/snf07149fq25r24\/","url":"https:\/\/canadel.com\/fr\/collections\/loft\/tabourets\/snf07149fq25r24\/","name":"Tabouret 7149 - Canadel","isPartOf":{"@id":"https:\/\/canadel.com\/fr\/#website"},"primaryImageOfPage":{"@id":"https:\/\/canadel.com\/fr\/collections\/loft\/tabourets\/snf07149fq25r24\/#primaryimage"},"image":{"@id":"https:\/\/canadel.com\/fr\/collections\/loft\/tabourets\/snf07149fq25r24\/#primaryimage"},"thumbnailUrl":"https:\/\/canadel.com\/wp-content\/uploads\/SNF07149FQ25R24_CAM001.jpg","datePublished":"2026-01-21T20:40:21+00:00","dateModified":"2026-01-21T21:11:12+00:00","description":"D\u2019apparence robuste et authentique, ce tabouret de la collection Loft est dot\u00e9 d\u2019un si\u00e8ge rembourr\u00e9 et de pattes modernes en m\u00e9tal noir. Le design de ce mod\u00e8le marie parfaitement des \u00e9l\u00e9ments \u00e9l\u00e9gants et rustiques.","breadcrumb":{"@id":"https:\/\/canadel.com\/fr\/collections\/loft\/tabourets\/snf07149fq25r24\/#breadcrumb"},"inLanguage":"fr-FR","potentialAction":[{"@type":"ReadAction","target":["https:\/\/canadel.com\/fr\/collections\/loft\/tabourets\/snf07149fq25r24\/"]}]},{"@type":"ImageObject","inLanguage":"fr-FR","@id":"https:\/\/canadel.com\/fr\/collections\/loft\/tabourets\/snf07149fq25r24\/#primaryimage","url":"https:\/\/canadel.com\/wp-content\/uploads\/SNF07149FQ25R24_CAM001.jpg","contentUrl":"https:\/\/canadel.com\/wp-content\/uploads\/SNF07149FQ25R24_CAM001.jpg","width":2000,"height":2000},{"@type":"BreadcrumbList","@id":"https:\/\/canadel.com\/fr\/collections\/loft\/tabourets\/snf07149fq25r24\/#breadcrumb","itemListElement":[{"@type":"ListItem","position":1,"name":"Accueil","item":"https:\/\/canadel.com\/fr\/"},{"@type":"ListItem","position":2,"name":"Shop","item":"https:\/\/canadel.com\/?page_id=240655"},{"@type":"ListItem","position":3,"name":"Tabouret 7149"}]},{"@type":"WebSite","@id":"https:\/\/canadel.com\/fr\/#website","url":"https:\/\/canadel.com\/fr\/","name":"Canadel","description":"","potentialAction":[{"@type":"SearchAction","target":{"@type":"EntryPoint","urlTemplate":"https:\/\/canadel.com\/fr\/?s={search_term_string}"},"query-input":{"@type":"PropertyValueSpecification","valueRequired":true,"valueName":"search_term_string"}}],"inLanguage":"fr-FR"}]}},"_links":{"self":[{"href":"https:\/\/canadel.com\/fr\/wp-json\/wp\/v2\/product\/285724","targetHints":{"allow":["GET"]}}],"collection":[{"href":"https:\/\/canadel.com\/fr\/wp-json\/wp\/v2\/product"}],"about":[{"href":"https:\/\/canadel.com\/fr\/wp-json\/wp\/v2\/types\/product"}],"replies":[{"embeddable":true,"href":"https:\/\/canadel.com\/fr\/wp-json\/wp\/v2\/comments?post=285724"}],"wp:featuredmedia":[{"embeddable":true,"href":"https:\/\/canadel.com\/fr\/wp-json\/wp\/v2\/media\/271739"}],"wp:attachment":[{"href":"https:\/\/canadel.com\/fr\/wp-json\/wp\/v2\/media?parent=285724"}],"wp:term":[{"taxonomy":"product_brand","embeddable":true,"href":"https:\/\/canadel.com\/fr\/wp-json\/wp\/v2\/product_brand?post=285724"},{"taxonomy":"product_cat","embeddable":true,"href":"https:\/\/canadel.com\/fr\/wp-json\/wp\/v2\/product_cat?post=285724"},{"taxonomy":"product_tag","embeddable":true,"href":"https:\/\/canadel.com\/fr\/wp-json\/wp\/v2\/product_tag?post=285724"}],"curies":[{"name":"wp","href":"https:\/\/api.w.org\/{rel}","templated":true}]}}